{"id":3636,"date":"2016-04-14T11:57:51","date_gmt":"2016-04-14T11:57:51","guid":{"rendered":"http:\/\/badiavinagres.com?page_id=3636&#038;lang=ca"},"modified":"2026-03-18T19:08:09","modified_gmt":"2026-03-18T18:08:09","slug":"qui-som","status":"publish","type":"page","link":"https:\/\/badiavinagres.com\/ca\/qui-som","title":{"rendered":"Qui som"},"content":{"rendered":"<section class=\"section  text-normal section-text-no-shadow section-inner-no-shadow section-normal section-opaque\"  >\n            <div class=\"background-media\" style=\"background-image: url(&#039;https:\/\/badiavinagres.com\/wp-content\/uploads\/2023\/05\/WhatsApp-Image-2023-05-04-at-17.08.25.jpeg&#039;); background-repeat:no-repeat; background-size:cover; background-attachment:no-scroll; background-position: 50% 30%;\" >\n                    <\/div>\n    \n    <div class=\"background-overlay grid-overlay-0 \" style=\"background-color: rgba(0,0,0,0.3);\"><\/div>\n\n    <div class=\"container-fullwidth container-vertical-default\">\n        <div class=\"row vertical-default\">\n            <div class=\"col-md-12     text-center small-screen-default\"  ><div class=\"divider-wrapper \" style=\"visibility:hidden;background-color:#FFFFFF\">\n    <div class=\"visible-xs\" style=\"height:50px;\"><\/div>\n    <div class=\"visible-sm\" style=\"height:50px;\"><\/div>\n    <div class=\"visible-md\" style=\"height:100px;\"><\/div>\n    <div class=\"visible-lg\" style=\"height:100px;\"><\/div>\n<\/div><h1 class=\"text-center  element-top-190 element-bottom-20 text-light os-animation bigger default\" data-os-animation=\"fadeIn\" data-os-animation-delay=\"0.1s\" >\n    El vinagre ens corre per les venes<\/h1><div class=\"col-text-1 text-normal  element-top-20 element-bottom-20 os-animation\" data-os-animation=\"fadeInUp\" data-os-animation-delay=\"0s\">\n    <p style=\"text-align: center; margin-top: 10px;\"><img decoding=\"async\" src=\"http:\/\/badiavinagres.com\/wp-content\/uploads\/2014\/12\/florengris.png\" width=\"100\" \/><\/p>\n<\/div>\n<div class=\"divider-wrapper \" style=\"visibility:hidden;background-color:#FFFFFF\">\n    <div class=\"visible-xs\" style=\"height:50px;\"><\/div>\n    <div class=\"visible-sm\" style=\"height:50px;\"><\/div>\n    <div class=\"visible-md\" style=\"height:100px;\"><\/div>\n    <div class=\"visible-lg\" style=\"height:100px;\"><\/div>\n<\/div><\/div>        <\/div>\n    <\/div>\n<\/section>\n<section class=\"section  text-normal section-text-no-shadow section-inner-no-shadow section-normal section-opaque\"  >\n    \n    <div class=\"background-overlay grid-overlay-0 \" style=\"background-color: rgba(0,0,0,0);\"><\/div>\n\n    <div class=\"container container-vertical-default\">\n        <div class=\"row vertical-default\">\n            <div class=\"col-md-2     text-default small-screen-default\"  ><\/div><div class=\"col-md-8     text-default small-screen-default\"  ><div class=\"col-text-1 text-normal  element-top-20 element-bottom-20\" data-os-animation=\"none\" data-os-animation-delay=\"0s\">\n    <p style=\"text-align: left;\">Som una empresa familiar i centen\u00e0ria dedicada en cos i \u00e0nima a la producci\u00f3 de vinagres artesans de m\u00e0xima qualitat. Ens apassiona el que fem i per aix\u00f2 ho fem amb un somriure.<\/p>\n<p style=\"text-align: left;\">Des que el nostre rebesavi va fundar l&#8217;empresa, ja som cinc les generacions que hem apostat per la continu\u00eftat d&#8217;aquest gran producte que, res m\u00e9s lluny d\u2019estancar-se, viu un bon moment.<\/p>\n<p style=\"text-align: left;\">La nostra forma de treballar \u00e9s el resultat de combinar l&#8217;her\u00e8ncia de m\u00e9s d&#8217;un segle d&#8217;experi\u00e8ncia artesanal amb la inversi\u00f3 en la tecnologia m\u00e9s puntera, i amb la perfecci\u00f3 dia a dia dels nostres sistemes de producci\u00f3.<\/p>\n<p style=\"text-align: left;\">Nom\u00e9s aix\u00ed, hem aconseguit ampliar el nostre cat\u00e0leg amb nous productes que generen il\u00b7lusi\u00f3, encomanen entusiasme i promouen el bon menjar.<\/p>\n<p>Es podria dir que el vinagre ens corre per les venes&#8230;<\/p>\n<p style=\"text-align: center; margin-top: 10px;\"><img loading=\"lazy\" decoding=\"async\" src=\"http:\/\/badiavinagres.com\/wp-content\/uploads\/2020\/05\/flor-black-hd.png\" width=\"80\" height=\"80\" \/><\/p>\n<\/div>\n<hr class=\" element-top-20 element-bottom-20\" data-os-animation=\"none\" data-os-animation-delay=\"0s\"><\/div><div class=\"col-md-2     text-default small-screen-default\"  ><\/div>        <\/div>\n    <\/div>\n<\/section>\n<section class=\"section  text-normal section-text-no-shadow section-inner-no-shadow section-normal section-opaque\"  >\n    \n    <div class=\"background-overlay grid-overlay-0 \" style=\"background-color: rgba(0,0,0,0);\"><\/div>\n\n    <div class=\"container container-vertical-default\">\n        <div class=\"row vertical-default\">\n            <div class=\"col-md-4     text-center small-screen-center col-border-left\"  style=\"background:rgba(219, 210, 210, 0);\"><div class=\"figure element-top-0 element-bottom-10 image-effect-zoom-in  os-animation\" data-os-animation=\"fadeInDown\" data-os-animation-delay=\"0s\">\n            <a href=\"\/ca\/seleccionar-un-bon-vi\" class=\"figure-image \" target=\"_self\">\n        <img loading=\"lazy\" decoding=\"async\" width=\"364\" height=\"244\" src=\"https:\/\/badiavinagres.com\/wp-content\/uploads\/2014\/12\/delbuenvino-1.jpg\" class=\"attachment-full size-full\" alt=\"\" srcset=\"https:\/\/badiavinagres.com\/wp-content\/uploads\/2014\/12\/delbuenvino-1.jpg 364w, https:\/\/badiavinagres.com\/wp-content\/uploads\/2014\/12\/delbuenvino-1-300x201.jpg 300w\" sizes=\"auto, (max-width: 364px) 100vw, 364px\" \/>            <\/a>\n    <\/div>\n<div class=\"col-text-1 text-normal  element-top-10 element-bottom-0 os-animation\" data-os-animation=\"fadeInDown\" data-os-animation-delay=\"0s\">\n    <p style=\"font-size: 135%; font-family: dancing script; color: black;\"><a href=\"https:\/\/badiavinagres.com\/ca\/seleccionar-un-bon-vi\">La import\u00e0ncia de seleccionar un bon vi<\/a><\/p>\n<\/div>\n<div class=\"col-text-1 text-normal  element-top-20 element-bottom-20\" data-os-animation=\"none\" data-os-animation-delay=\"0s\">\n    <p style=\"font-size: 12px; font-family: muli; color: black; text-align: justify;\">Tal com nosaltres ho veiem, nom\u00e9s a trav\u00e9s de la millor mat\u00e8ria primera obtinguda del camp podem oferir els millors productes a taula.<\/p>\n<\/div>\n<\/div><div class=\"col-md-4     text-center small-screen-default\"  ><div class=\"figure element-top-0 element-bottom-10 image-effect-zoom-in  os-animation\" data-os-animation=\"fadeInDown\" data-os-animation-delay=\"0s\">\n            <a href=\"\/ca\/5-generacions\" class=\"figure-image \" target=\"_self\">\n        <img loading=\"lazy\" decoding=\"async\" width=\"364\" height=\"244\" src=\"https:\/\/badiavinagres.com\/wp-content\/uploads\/2014\/12\/lastias.jpg\" class=\"attachment-full size-full\" alt=\"\" srcset=\"https:\/\/badiavinagres.com\/wp-content\/uploads\/2014\/12\/lastias.jpg 364w, https:\/\/badiavinagres.com\/wp-content\/uploads\/2014\/12\/lastias-300x201.jpg 300w\" sizes=\"auto, (max-width: 364px) 100vw, 364px\" \/>            <\/a>\n    <\/div>\n<div class=\"col-text-1 text-normal  element-top-10 element-bottom-0 os-animation\" data-os-animation=\"fadeInDown\" data-os-animation-delay=\"0s\">\n    <p style=\"font-size: 135%; font-family: dancing script; color: black;\"><a href=\"https:\/\/badiavinagres.com\/ca\/5-generacions\">5 generacions Badia al capdavant de l&#8217;empresa<\/a><\/p>\n<\/div>\n<div class=\"col-text-1 text-normal  element-top-20 element-bottom-20\" data-os-animation=\"none\" data-os-animation-delay=\"0s\">\n    <p style=\"font-size: 12px; font-family: muli; color: black; text-align: justify;\">En la nostra hist\u00f2ria hi ha molta tenacitat, hi ha instint, hi ha entusiasme, hi ha esfor\u00e7, hi ha coneixement -per descomptat que hi ha errors-, per\u00f2 sobretot hi ha her\u00e8ncia.<\/p>\n<\/div>\n<\/div><div class=\"col-md-4     text-center small-screen-default\"  ><div class=\"figure element-top-0 element-bottom-10 image-effect-zoom-in  os-animation\" data-os-animation=\"fadeInDown\" data-os-animation-delay=\"0s\">\n            <a href=\"\/ca\/proces-de-produccio\" class=\"figure-image \" target=\"_self\">\n        <img loading=\"lazy\" decoding=\"async\" width=\"364\" height=\"244\" src=\"https:\/\/badiavinagres.com\/wp-content\/uploads\/2014\/12\/maredelvinagre-.jpg\" class=\"attachment-full size-full\" alt=\"\" srcset=\"https:\/\/badiavinagres.com\/wp-content\/uploads\/2014\/12\/maredelvinagre-.jpg 364w, https:\/\/badiavinagres.com\/wp-content\/uploads\/2014\/12\/maredelvinagre--300x201.jpg 300w\" sizes=\"auto, (max-width: 364px) 100vw, 364px\" \/>            <\/a>\n    <\/div>\n<div class=\"col-text-1 text-normal  element-top-10 element-bottom-0 os-animation\" data-os-animation=\"fadeInDown\" data-os-animation-delay=\"0s\">\n    <p style=\"font-size: 135%; font-family: dancing script; color: black;\"><a href=\"https:\/\/badiavinagres.com\/ca\/proces-de-produccio\">El nostre proc\u00e9s de producci\u00f3<\/a><\/p>\n<\/div>\n<div class=\"col-text-1 text-normal  element-top-20 element-bottom-20\" data-os-animation=\"none\" data-os-animation-delay=\"0s\">\n    <p style=\"font-size: 12px; font-family: muli; color: black; text-align: justify;\">Davant sistemes de fermentaci\u00f3 industrials i r\u00e0pids per elaborar vinagres d&#8217;alta producci\u00f3, a Badia Vinagres hem triat un m\u00e8tode tradicional amb prop de 200 anys d&#8217;aplicaci\u00f3.<\/p>\n<\/div>\n<\/div>        <\/div>\n    <\/div>\n<\/section>\n","protected":false},"excerpt":{"rendered":"El vinagre ens corre per les venes Som una empresa familiar i centen\u00e0ria dedicada en cos i \u00e0nima a la producci\u00f3 de vinagres artesans de m\u00e0xima qualitat. Ens apassiona el que fem i per aix\u00f2 ho fem amb un somriure. Des que el nostre rebesavi va fundar l'empresa, ja som cinc les generacions que hem","protected":false},"author":5,"featured_media":0,"parent":0,"menu_order":0,"comment_status":"open","ping_status":"closed","template":"","meta":{"footnotes":""},"class_list":["post-3636","page","type-page","status-publish","hentry"],"yoast_head":"<!-- This site is optimized with the Yoast SEO plugin v27.2 - https:\/\/yoast.com\/product\/yoast-seo-wordpress\/ -->\n<title>Qui som &#8211; Badia Vinagres<\/title>\n<meta name=\"description\" content=\"&#039;La vinagre ens corre per les venes! Descobreix qui som i perqu\u00e8 tenim aquesta passi\u00f3 pel vinagre.\" \/>\n<meta name=\"robots\" content=\"index, follow, max-snippet:-1, max-image-preview:large, max-video-preview:-1\" \/>\n<link rel=\"canonical\" href=\"https:\/\/badiavinagres.com\/ca\/qui-som\" \/>\n<meta property=\"og:locale\" content=\"ca_ES\" \/>\n<meta property=\"og:type\" content=\"article\" \/>\n<meta property=\"og:title\" content=\"Qui som &#8211; Badia Vinagres\" \/>\n<meta property=\"og:description\" content=\"&#039;La vinagre ens corre per les venes! Descobreix qui som i perqu\u00e8 tenim aquesta passi\u00f3 pel vinagre.\" \/>\n<meta property=\"og:url\" content=\"https:\/\/badiavinagres.com\/ca\/qui-som\" \/>\n<meta property=\"og:site_name\" content=\"Badia Vinagres\" \/>\n<meta property=\"article:publisher\" content=\"https:\/\/www.facebook.com\/VinagresCastelldeGardeny\" \/>\n<meta property=\"article:modified_time\" content=\"2026-03-18T18:08:09+00:00\" \/>\n<meta property=\"og:image\" content=\"http:\/\/badiavinagres.com\/wp-content\/uploads\/2014\/12\/florengris.png\" \/>\n<meta name=\"twitter:card\" content=\"summary_large_image\" \/>\n<meta name=\"twitter:site\" content=\"@CastellGardeny\" \/>\n<meta name=\"twitter:label1\" content=\"Temps estimat de lectura\" \/>\n\t<meta name=\"twitter:data1\" content=\"2 minuts\" \/>\n<script type=\"application\/ld+json\" class=\"yoast-schema-graph\">{\"@context\":\"https:\/\/schema.org\",\"@graph\":[{\"@type\":\"WebPage\",\"@id\":\"https:\/\/badiavinagres.com\/ca\/qui-som\",\"url\":\"https:\/\/badiavinagres.com\/ca\/qui-som\",\"name\":\"Qui som &#8211; Badia Vinagres\",\"isPartOf\":{\"@id\":\"https:\/\/badiavinagres.com\/#website\"},\"primaryImageOfPage\":{\"@id\":\"https:\/\/badiavinagres.com\/ca\/qui-som#primaryimage\"},\"image\":{\"@id\":\"https:\/\/badiavinagres.com\/ca\/qui-som#primaryimage\"},\"thumbnailUrl\":\"http:\/\/badiavinagres.com\/wp-content\/uploads\/2014\/12\/florengris.png\",\"datePublished\":\"2016-04-14T11:57:51+00:00\",\"dateModified\":\"2026-03-18T18:08:09+00:00\",\"description\":\"'La vinagre ens corre per les venes! Descobreix qui som i perqu\u00e8 tenim aquesta passi\u00f3 pel vinagre.\",\"breadcrumb\":{\"@id\":\"https:\/\/badiavinagres.com\/ca\/qui-som#breadcrumb\"},\"inLanguage\":\"ca\",\"potentialAction\":[{\"@type\":\"ReadAction\",\"target\":[\"https:\/\/badiavinagres.com\/ca\/qui-som\"]}]},{\"@type\":\"ImageObject\",\"inLanguage\":\"ca\",\"@id\":\"https:\/\/badiavinagres.com\/ca\/qui-som#primaryimage\",\"url\":\"http:\/\/badiavinagres.com\/wp-content\/uploads\/2014\/12\/florengris.png\",\"contentUrl\":\"http:\/\/badiavinagres.com\/wp-content\/uploads\/2014\/12\/florengris.png\"},{\"@type\":\"BreadcrumbList\",\"@id\":\"https:\/\/badiavinagres.com\/ca\/qui-som#breadcrumb\",\"itemListElement\":[{\"@type\":\"ListItem\",\"position\":1,\"name\":\"Portada\",\"item\":\"https:\/\/badiavinagres.com\/\"},{\"@type\":\"ListItem\",\"position\":2,\"name\":\"Qui som\"}]},{\"@type\":\"WebSite\",\"@id\":\"https:\/\/badiavinagres.com\/#website\",\"url\":\"https:\/\/badiavinagres.com\/\",\"name\":\"Badia Vinagres\",\"description\":\"Mestres vinagrers des de 1908\",\"publisher\":{\"@id\":\"https:\/\/badiavinagres.com\/#organization\"},\"potentialAction\":[{\"@type\":\"SearchAction\",\"target\":{\"@type\":\"EntryPoint\",\"urlTemplate\":\"https:\/\/badiavinagres.com\/?s={search_term_string}\"},\"query-input\":{\"@type\":\"PropertyValueSpecification\",\"valueRequired\":true,\"valueName\":\"search_term_string\"}}],\"inLanguage\":\"ca\"},{\"@type\":\"Organization\",\"@id\":\"https:\/\/badiavinagres.com\/#organization\",\"name\":\"Badia Vinagres - Castell de Gardeny\",\"url\":\"https:\/\/badiavinagres.com\/\",\"logo\":{\"@type\":\"ImageObject\",\"inLanguage\":\"ca\",\"@id\":\"https:\/\/badiavinagres.com\/#\/schema\/logo\/image\/\",\"url\":\"http:\/\/badiavinagres.com\/wp-content\/uploads\/2016\/03\/badiamenutransparente-4.png\",\"contentUrl\":\"http:\/\/badiavinagres.com\/wp-content\/uploads\/2016\/03\/badiamenutransparente-4.png\",\"width\":117,\"height\":100,\"caption\":\"Badia Vinagres - Castell de Gardeny\"},\"image\":{\"@id\":\"https:\/\/badiavinagres.com\/#\/schema\/logo\/image\/\"},\"sameAs\":[\"https:\/\/www.facebook.com\/VinagresCastelldeGardeny\",\"https:\/\/x.com\/CastellGardeny\",\"https:\/\/www.instagram.com\/castelldegardeny_badiavinagres\/\"]}]}<\/script>\n<!-- \/ Yoast SEO plugin. -->","yoast_head_json":{"title":"Qui som &#8211; Badia Vinagres","description":"'La vinagre ens corre per les venes! Descobreix qui som i perqu\u00e8 tenim aquesta passi\u00f3 pel vinagre.","robots":{"index":"index","follow":"follow","max-snippet":"max-snippet:-1","max-image-preview":"max-image-preview:large","max-video-preview":"max-video-preview:-1"},"canonical":"https:\/\/badiavinagres.com\/ca\/qui-som","og_locale":"ca_ES","og_type":"article","og_title":"Qui som &#8211; Badia Vinagres","og_description":"'La vinagre ens corre per les venes! Descobreix qui som i perqu\u00e8 tenim aquesta passi\u00f3 pel vinagre.","og_url":"https:\/\/badiavinagres.com\/ca\/qui-som","og_site_name":"Badia Vinagres","article_publisher":"https:\/\/www.facebook.com\/VinagresCastelldeGardeny","article_modified_time":"2026-03-18T18:08:09+00:00","og_image":[{"url":"http:\/\/badiavinagres.com\/wp-content\/uploads\/2014\/12\/florengris.png","type":"","width":"","height":""}],"twitter_card":"summary_large_image","twitter_site":"@CastellGardeny","twitter_misc":{"Temps estimat de lectura":"2 minuts"},"schema":{"@context":"https:\/\/schema.org","@graph":[{"@type":"WebPage","@id":"https:\/\/badiavinagres.com\/ca\/qui-som","url":"https:\/\/badiavinagres.com\/ca\/qui-som","name":"Qui som &#8211; Badia Vinagres","isPartOf":{"@id":"https:\/\/badiavinagres.com\/#website"},"primaryImageOfPage":{"@id":"https:\/\/badiavinagres.com\/ca\/qui-som#primaryimage"},"image":{"@id":"https:\/\/badiavinagres.com\/ca\/qui-som#primaryimage"},"thumbnailUrl":"http:\/\/badiavinagres.com\/wp-content\/uploads\/2014\/12\/florengris.png","datePublished":"2016-04-14T11:57:51+00:00","dateModified":"2026-03-18T18:08:09+00:00","description":"'La vinagre ens corre per les venes! Descobreix qui som i perqu\u00e8 tenim aquesta passi\u00f3 pel vinagre.","breadcrumb":{"@id":"https:\/\/badiavinagres.com\/ca\/qui-som#breadcrumb"},"inLanguage":"ca","potentialAction":[{"@type":"ReadAction","target":["https:\/\/badiavinagres.com\/ca\/qui-som"]}]},{"@type":"ImageObject","inLanguage":"ca","@id":"https:\/\/badiavinagres.com\/ca\/qui-som#primaryimage","url":"http:\/\/badiavinagres.com\/wp-content\/uploads\/2014\/12\/florengris.png","contentUrl":"http:\/\/badiavinagres.com\/wp-content\/uploads\/2014\/12\/florengris.png"},{"@type":"BreadcrumbList","@id":"https:\/\/badiavinagres.com\/ca\/qui-som#breadcrumb","itemListElement":[{"@type":"ListItem","position":1,"name":"Portada","item":"https:\/\/badiavinagres.com\/"},{"@type":"ListItem","position":2,"name":"Qui som"}]},{"@type":"WebSite","@id":"https:\/\/badiavinagres.com\/#website","url":"https:\/\/badiavinagres.com\/","name":"Badia Vinagres","description":"Mestres vinagrers des de 1908","publisher":{"@id":"https:\/\/badiavinagres.com\/#organization"},"potentialAction":[{"@type":"SearchAction","target":{"@type":"EntryPoint","urlTemplate":"https:\/\/badiavinagres.com\/?s={search_term_string}"},"query-input":{"@type":"PropertyValueSpecification","valueRequired":true,"valueName":"search_term_string"}}],"inLanguage":"ca"},{"@type":"Organization","@id":"https:\/\/badiavinagres.com\/#organization","name":"Badia Vinagres - Castell de Gardeny","url":"https:\/\/badiavinagres.com\/","logo":{"@type":"ImageObject","inLanguage":"ca","@id":"https:\/\/badiavinagres.com\/#\/schema\/logo\/image\/","url":"http:\/\/badiavinagres.com\/wp-content\/uploads\/2016\/03\/badiamenutransparente-4.png","contentUrl":"http:\/\/badiavinagres.com\/wp-content\/uploads\/2016\/03\/badiamenutransparente-4.png","width":117,"height":100,"caption":"Badia Vinagres - Castell de Gardeny"},"image":{"@id":"https:\/\/badiavinagres.com\/#\/schema\/logo\/image\/"},"sameAs":["https:\/\/www.facebook.com\/VinagresCastelldeGardeny","https:\/\/x.com\/CastellGardeny","https:\/\/www.instagram.com\/castelldegardeny_badiavinagres\/"]}]}},"_links":{"self":[{"href":"https:\/\/badiavinagres.com\/ca\/wp-json\/wp\/v2\/pages\/3636","targetHints":{"allow":["GET"]}}],"collection":[{"href":"https:\/\/badiavinagres.com\/ca\/wp-json\/wp\/v2\/pages"}],"about":[{"href":"https:\/\/badiavinagres.com\/ca\/wp-json\/wp\/v2\/types\/page"}],"author":[{"embeddable":true,"href":"https:\/\/badiavinagres.com\/ca\/wp-json\/wp\/v2\/users\/5"}],"replies":[{"embeddable":true,"href":"https:\/\/badiavinagres.com\/ca\/wp-json\/wp\/v2\/comments?post=3636"}],"version-history":[{"count":14,"href":"https:\/\/badiavinagres.com\/ca\/wp-json\/wp\/v2\/pages\/3636\/revisions"}],"predecessor-version":[{"id":9751,"href":"https:\/\/badiavinagres.com\/ca\/wp-json\/wp\/v2\/pages\/3636\/revisions\/9751"}],"wp:attachment":[{"href":"https:\/\/badiavinagres.com\/ca\/wp-json\/wp\/v2\/media?parent=3636"}],"curies":[{"name":"wp","href":"https:\/\/api.w.org\/{rel}","templated":true}]}}