{"id":3639,"date":"2016-04-14T12:08:12","date_gmt":"2016-04-14T12:08:12","guid":{"rendered":"http:\/\/badiavinagres.com?page_id=3639&#038;lang=ca"},"modified":"2021-04-07T18:28:03","modified_gmt":"2021-04-07T18:28:03","slug":"5-generacions","status":"publish","type":"page","link":"https:\/\/badiavinagres.com\/ca\/5-generacions","title":{"rendered":"5 generacions Badia"},"content":{"rendered":"<section class=\"section  text-normal section-text-no-shadow section-inner-no-shadow section-normal section-opaque\"  >\n            <div class=\"background-media\" style=\"background-image: url(&#039;https:\/\/badiavinagres.com\/wp-content\/uploads\/2016\/03\/03_AgustiBadia_Carta1915.jpg&#039;); background-repeat:no-repeat; background-size:cover; background-attachment:fixed; background-position: 50% 0%;\" data-start=\"background-position: 50% 0px\" data-0-top-bottom=\"background-position: 50% -80px\">\n                    <\/div>\n    \n    <div class=\"background-overlay grid-overlay-0 \" style=\"background-color: rgba(0,0,0,0.1);\"><\/div>\n\n    <div class=\"container container-vertical-default\">\n        <div class=\"row vertical-default\">\n            <div class=\"col-md-12     text-center small-screen-default\"  ><div class=\"divider-wrapper \" style=\"visibility:hidden;background-color:#FFFFFF\">\n    <div class=\"visible-xs\" style=\"height:50px;\"><\/div>\n    <div class=\"visible-sm\" style=\"height:50px;\"><\/div>\n    <div class=\"visible-md\" style=\"height:100px;\"><\/div>\n    <div class=\"visible-lg\" style=\"height:100px;\"><\/div>\n<\/div><h3 class=\"text-center  element-top-190 element-bottom-20 text-light os-animation bigger default\" data-os-animation=\"fadeIn\" data-os-animation-delay=\"0.1s\" >\n    5 generacions Badia al capdavant de l\u2019empresa<\/h3><div class=\"col-text-1 text-normal  element-top-20 element-bottom-20 os-animation\" data-os-animation=\"fadeInUp\" data-os-animation-delay=\"0s\">\n    <p style=\"text-align: center; margin-top: 10px;\"><img decoding=\"async\" src=\"http:\/\/badiavinagres.com\/wp-content\/uploads\/2014\/12\/florengris.png\" width=\"100\" \/><\/p>\n<\/div>\n<div class=\"divider-wrapper \" style=\"visibility:hidden;background-color:#FFFFFF\">\n    <div class=\"visible-xs\" style=\"height:50px;\"><\/div>\n    <div class=\"visible-sm\" style=\"height:50px;\"><\/div>\n    <div class=\"visible-md\" style=\"height:100px;\"><\/div>\n    <div class=\"visible-lg\" style=\"height:100px;\"><\/div>\n<\/div><\/div>        <\/div>\n    <\/div>\n<\/section>\n<section class=\"section  text-normal section-text-no-shadow section-inner-no-shadow section-normal section-opaque\"  >\n    \n    <div class=\"background-overlay grid-overlay-0 \" style=\"background-color: rgba(0,0,0,0);\"><\/div>\n\n    <div class=\"container container-vertical-default\">\n        <div class=\"row vertical-default\">\n            <div class=\"col-md-12     text-center small-screen-default\"  ><div class=\"col-text-1 text-normal  element-top-20 element-bottom-20\" data-os-animation=\"none\" data-os-animation-delay=\"0s\">\n    <p style=\"text-align: center;\">El cognom Badia ha estat sin\u00f2nim de vinagre durant m\u00e9s de cent anys, i esperem que segueixi sent-ho molts m\u00e9s.<\/p>\n<p style=\"text-align: center;\">Descobreix com les cinc generacions de la nostra fam\u00edlia han desenvolupat el negoci i han aconseguit el que ara som.<\/p>\n<\/div>\n<div class=\"row \"><div class=\"col-md-4     text-default small-screen-default\"  ><div class=\"figure element-top-20 element-bottom-20  \" data-os-animation=\"none\" data-os-animation-delay=\"0s\">\n            <span class=\"figure-image\">\n        <img loading=\"lazy\" decoding=\"async\" width=\"251\" height=\"251\" src=\"https:\/\/badiavinagres.com\/wp-content\/uploads\/2021\/04\/5gener-1.jpg\" class=\"attachment-full size-full\" alt=\"\" srcset=\"https:\/\/badiavinagres.com\/wp-content\/uploads\/2021\/04\/5gener-1.jpg 251w, https:\/\/badiavinagres.com\/wp-content\/uploads\/2021\/04\/5gener-1-150x150.jpg 150w\" sizes=\"auto, (max-width: 251px) 100vw, 251px\" \/>            <\/span>\n    <\/div>\n<div class=\"col-text-1 text-normal  element-top-20 element-bottom-20\" data-os-animation=\"none\" data-os-animation-delay=\"0s\">\n    <h3>1era. generaci\u00f3: Agust\u00edn Badia Badia<\/h3>\n<p>El 1908 Agust\u00ed Badia i Badia va fundar l&#8217;empresa dedicada a l&#8217;elaboraci\u00f3 i venda de vins.<\/p>\n<\/div>\n<\/div><div class=\"col-md-4     text-default small-screen-default\"  ><div class=\"figure element-top-20 element-bottom-20  \" data-os-animation=\"none\" data-os-animation-delay=\"0s\">\n            <span class=\"figure-image\">\n        <img loading=\"lazy\" decoding=\"async\" width=\"250\" height=\"249\" src=\"https:\/\/badiavinagres.com\/wp-content\/uploads\/2021\/04\/5gener-2.jpg\" class=\"attachment-full size-full\" alt=\"\" srcset=\"https:\/\/badiavinagres.com\/wp-content\/uploads\/2021\/04\/5gener-2.jpg 250w, https:\/\/badiavinagres.com\/wp-content\/uploads\/2021\/04\/5gener-2-150x150.jpg 150w\" sizes=\"auto, (max-width: 250px) 100vw, 250px\" \/>            <\/span>\n    <\/div>\n<div class=\"col-text-1 text-normal  element-top-20 element-bottom-20\" data-os-animation=\"none\" data-os-animation-delay=\"0s\">\n    <h3>2da. generaci\u00f3: Tom\u00e1s Badia i Vil\u00e0<\/h3>\n<p>Entre 1940 i 1960 Tom\u00e0s Badia i Vil\u00e0, al costat de tres dels seus fills, va ampliar el negoci a la fabricaci\u00f3 de gel, licors, gasoses i vermuts, a m\u00e9s de l&#8217;elaboraci\u00f3 de vins i vinagres.<\/p>\n<\/div>\n<\/div><div class=\"col-md-4     text-default small-screen-default\"  ><div class=\"figure element-top-20 element-bottom-20  \" data-os-animation=\"none\" data-os-animation-delay=\"0s\">\n            <span class=\"figure-image\">\n        <img loading=\"lazy\" decoding=\"async\" width=\"250\" height=\"250\" src=\"https:\/\/badiavinagres.com\/wp-content\/uploads\/2021\/04\/5gener-3.jpg\" class=\"attachment-full size-full\" alt=\"\" srcset=\"https:\/\/badiavinagres.com\/wp-content\/uploads\/2021\/04\/5gener-3.jpg 250w, https:\/\/badiavinagres.com\/wp-content\/uploads\/2021\/04\/5gener-3-150x150.jpg 150w\" sizes=\"auto, (max-width: 250px) 100vw, 250px\" \/>            <\/span>\n    <\/div>\n<div class=\"col-text-1 text-normal  element-top-20 element-bottom-20\" data-os-animation=\"none\" data-os-animation-delay=\"0s\">\n    <h3>3era. generaci\u00f3: Agust\u00ed Badia i Carrera<\/h3>\n<p>Entre 1960 i 1980, Agust\u00ed Badia i Carrera va concentrar l&#8217;activitat de l&#8217;empresa en la producci\u00f3 de vinagres de vi. \u00c9s el moment en qu\u00e8 el negoci es va especialitzar.<\/p>\n<\/div>\n<\/div><\/div><div class=\"row \"><div class=\"col-md-2     text-default small-screen-default\"  ><\/div><div class=\"col-md-4     text-default small-screen-default\"  ><div class=\"figure element-top-20 element-bottom-20  \" data-os-animation=\"none\" data-os-animation-delay=\"0s\">\n            <span class=\"figure-image\">\n        <img loading=\"lazy\" decoding=\"async\" width=\"251\" height=\"251\" src=\"https:\/\/badiavinagres.com\/wp-content\/uploads\/2021\/04\/5gener-4.jpg\" class=\"attachment-full size-full\" alt=\"\" srcset=\"https:\/\/badiavinagres.com\/wp-content\/uploads\/2021\/04\/5gener-4.jpg 251w, https:\/\/badiavinagres.com\/wp-content\/uploads\/2021\/04\/5gener-4-150x150.jpg 150w\" sizes=\"auto, (max-width: 251px) 100vw, 251px\" \/>            <\/span>\n    <\/div>\n<div class=\"col-text-1 text-normal  element-top-20 element-bottom-20\" data-os-animation=\"none\" data-os-animation-delay=\"0s\">\n    <h3>4ta. generaci\u00f3: Agust\u00ed Badia i Mart\u00ed<\/h3>\n<p>El 1985 Agust\u00ed Badia i Mart\u00ed va iniciar una etapa de modernitzaci\u00f3 de l&#8217;empresa en desenvolupar, en col\u00b7laboraci\u00f3 amb la Universitat Rovira i Virgili de Tarragona, una nova l\u00ednia de vinagres innovadors que es comercialitzen sota el segell Castell de Gardeny.<\/p>\n<\/div>\n<\/div><div class=\"col-md-4     text-default small-screen-default\"  ><div class=\"figure element-top-20 element-bottom-20  \" data-os-animation=\"none\" data-os-animation-delay=\"0s\">\n            <span class=\"figure-image\">\n        <img loading=\"lazy\" decoding=\"async\" width=\"250\" height=\"250\" src=\"https:\/\/badiavinagres.com\/wp-content\/uploads\/2021\/04\/5gener-5.jpg\" class=\"attachment-full size-full\" alt=\"\" srcset=\"https:\/\/badiavinagres.com\/wp-content\/uploads\/2021\/04\/5gener-5.jpg 250w, https:\/\/badiavinagres.com\/wp-content\/uploads\/2021\/04\/5gener-5-150x150.jpg 150w\" sizes=\"auto, (max-width: 250px) 100vw, 250px\" \/>            <\/span>\n    <\/div>\n<div class=\"col-text-1 text-normal  element-top-20 element-bottom-20\" data-os-animation=\"none\" data-os-animation-delay=\"0s\">\n    <h3>5ta. generaci\u00f3: Judit i Marta Badia i Costa<\/h3>\n<p>El 2006 Judit i Marta Badia i Costa s&#8217;incorporen a l&#8217;empresa familiar i al costat del seu pare Agust\u00ed Badia desenvolupen importants aven\u00e7os en el camp de la investigaci\u00f3, que els permeten introduir nous i innovadors sabors en el seu cat\u00e0leg de productes. A m\u00e9s, gr\u00e0cies a l\u2019ampliaci\u00f3 de la seva xarxa de distribuci\u00f3, la marca comen\u00e7a a exportar els vinagres a altres pa\u00efsos i creix fora de les nostres fronteres.<\/p>\n<\/div>\n<\/div><div class=\"col-md-2     text-default small-screen-default\"  ><\/div><\/div><\/div>        <\/div>\n    <\/div>\n<\/section>\n<section class=\"section  text-normal section-text-no-shadow section-inner-no-shadow section-normal section-opaque\"  >\n    \n    <div class=\"background-overlay grid-overlay-0 \" style=\"background-color: rgba(0,0,0,0);\"><\/div>\n\n    <div class=\"container-fullwidth container-vertical-default\">\n        <div class=\"row vertical-default\">\n            <div class=\"col-md-12     text-default small-screen-default\"  ><div class=\"divider-border  divider-border-center element-top-30 element-bottom-10\" data-os-animation=\"none\" data-os-animation-delay=\"0s\"  style=\"height:5px;\">\n    <div class=\"divider-border-inner\"  style=\"width:100px;\"><\/div>\n<\/div><div class=\"col-text-1 text-normal  element-top-20 element-bottom-20\" data-os-animation=\"none\" data-os-animation-delay=\"0s\">\n    <p style=\"text-align: center;\">En la nostra hist\u00f2ria hi ha molta tenacitat, hi ha instint, hi ha entusiasme, hi ha esfor\u00e7, hi ha coneixement -per descomptat que hi ha errors-, per\u00f2 sobretot hi ha her\u00e8ncia.<\/p>\n<\/div>\n<div class=\"figure element-top-20 element-bottom-20   os-animation\" data-os-animation=\"fadeInUp\" data-os-animation-delay=\"0s\">\n            <span class=\"figure-image\">\n        <img loading=\"lazy\" decoding=\"async\" width=\"2000\" height=\"500\" src=\"https:\/\/badiavinagres.com\/wp-content\/uploads\/2016\/03\/logosdebandiaeneltiempo.jpg\" class=\"attachment-full size-full\" alt=\"\" srcset=\"https:\/\/badiavinagres.com\/wp-content\/uploads\/2016\/03\/logosdebandiaeneltiempo.jpg 2000w, https:\/\/badiavinagres.com\/wp-content\/uploads\/2016\/03\/logosdebandiaeneltiempo-300x75.jpg 300w, https:\/\/badiavinagres.com\/wp-content\/uploads\/2016\/03\/logosdebandiaeneltiempo-768x192.jpg 768w, https:\/\/badiavinagres.com\/wp-content\/uploads\/2016\/03\/logosdebandiaeneltiempo-1024x256.jpg 1024w, https:\/\/badiavinagres.com\/wp-content\/uploads\/2016\/03\/logosdebandiaeneltiempo-400x100.jpg 400w\" sizes=\"auto, (max-width: 2000px) 100vw, 2000px\" \/>            <\/span>\n    <\/div>\n<\/div>        <\/div>\n    <\/div>\n<\/section>\n<section class=\"section  text-normal section-text-no-shadow section-inner-no-shadow section-normal section-opaque\"  >\n    \n    <div class=\"background-overlay grid-overlay-0 \" style=\"background-color: rgba(0,0,0,0);\"><\/div>\n\n    <div class=\"container container-vertical-default\">\n        <div class=\"row vertical-default\">\n            <div class=\"col-md-2     text-default small-screen-default\"  ><\/div><div class=\"col-md-8     text-Default small-screen-default\"  ><div class=\"col-text-1 text-normal  element-top-20 element-bottom-20\" data-os-animation=\"none\" data-os-animation-delay=\"0s\">\n    <p style=\"text-align: left;\">Her\u00e8ncia d\u2019un treball llarg, pacient i minuci\u00f3s que requereix del saber fer de mestres vinagrers que exercim el nostre treball amb passi\u00f3 i respecte per la m\u00e0gia d\u2019all\u00f2 que posseeix hist\u00f2ria i tradici\u00f3.<\/p>\n<p style=\"font-size: 100%; text-align: left;\">Estem orgullosos de la nostra traject\u00f2ria familiar i empresarial, que, com veieu, estan inevitablement unides!<\/p>\n<p style=\"text-align: center; margin-top: 10px;\"><img loading=\"lazy\" decoding=\"async\" src=\"http:\/\/badiavinagres.com\/wp-content\/uploads\/2020\/05\/flor-black-hd.png\" width=\"80\" height=\"80\" \/><\/p>\n<\/div>\n<hr class=\" element-top-20 element-bottom-20\" data-os-animation=\"none\" data-os-animation-delay=\"0s\"><\/div><div class=\"col-md-2     text-default small-screen-default\"  ><\/div>        <\/div>\n    <\/div>\n<\/section>\n<section class=\"section  text-normal section-text-no-shadow section-inner-no-shadow section-normal section-opaque\"  >\n    \n    <div class=\"background-overlay grid-overlay-0 \" style=\"background-color: rgba(0,0,0,0);\"><\/div>\n\n    <div class=\"container container-vertical-middle\">\n        <div class=\"row vertical-middle\">\n            <div class=\"col-md-4     text-center small-screen-default\"  ><div class=\"col-text-1 text-normal  element-top-20 element-bottom-20\" data-os-animation=\"none\" data-os-animation-delay=\"0s\">\n    <p><a href=\"\/ca\/qui-som\">| El vinagre ens corre per les venes |<\/a><\/p>\n<\/div>\n<\/div><div class=\"col-md-4     text-center small-screen-default\"  ><div class=\"col-text-1 text-normal  element-top-20 element-bottom-20\" data-os-animation=\"none\" data-os-animation-delay=\"0s\">\n    <p><a href=\"\/ca\/seleccionar-un-bon-vi\">| D\u2019un bon vi en surt un bon vinagre |<\/a><\/p>\n<\/div>\n<\/div><div class=\"col-md-4     text-center small-screen-default\"  ><div class=\"col-text-1 text-normal  element-top-20 element-bottom-20\" data-os-animation=\"none\" data-os-animation-delay=\"0s\">\n    <p><a href=\"\/ca\/proces-de-produccio\">| El nostre proc\u00e9s de producci\u00f3 |<\/a><\/p>\n<\/div>\n<\/div>        <\/div>\n    <\/div>\n<\/section>\n","protected":false},"excerpt":{"rendered":"5 generacions Badia al capdavant de l\u2019empresa El cognom Badia ha estat sin\u00f2nim de vinagre durant m\u00e9s de cent anys, i esperem que segueixi sent-ho molts m\u00e9s. Descobreix com les cinc generacions de la nostra fam\u00edlia han desenvolupat el negoci i han aconseguit el que ara som. 1era. generaci\u00f3: Agust\u00edn Badia Badia El 1908 Agust\u00ed","protected":false},"author":5,"featured_media":0,"parent":0,"menu_order":0,"comment_status":"closed","ping_status":"closed","template":"","meta":{"footnotes":""},"class_list":["post-3639","page","type-page","status-publish","hentry"],"yoast_head":"<!-- This site is optimized with the Yoast SEO plugin v27.4 - https:\/\/yoast.com\/product\/yoast-seo-wordpress\/ -->\n<title>5 generacions Badia &#8211; Badia Vinagres<\/title>\n<meta name=\"description\" content=\"Badia Vinagres \u00e9s una empresa familiar amb m\u00e9s de 5 generacions al comandament Sens dubte una bonica hist\u00f2ria per explicar. Descobreix- aqu\u00ed!\" \/>\n<meta name=\"robots\" content=\"index, follow, max-snippet:-1, max-image-preview:large, max-video-preview:-1\" \/>\n<link rel=\"canonical\" href=\"https:\/\/badiavinagres.com\/ca\/5-generacions\" \/>\n<meta property=\"og:locale\" content=\"ca_ES\" \/>\n<meta property=\"og:type\" content=\"article\" \/>\n<meta property=\"og:title\" content=\"5 generacions Badia &#8211; Badia Vinagres\" \/>\n<meta property=\"og:description\" content=\"Badia Vinagres \u00e9s una empresa familiar amb m\u00e9s de 5 generacions al comandament Sens dubte una bonica hist\u00f2ria per explicar. Descobreix- aqu\u00ed!\" \/>\n<meta property=\"og:url\" content=\"https:\/\/badiavinagres.com\/ca\/5-generacions\" \/>\n<meta property=\"og:site_name\" content=\"Badia Vinagres\" \/>\n<meta property=\"article:publisher\" content=\"https:\/\/www.facebook.com\/VinagresCastelldeGardeny\" \/>\n<meta property=\"article:modified_time\" content=\"2021-04-07T18:28:03+00:00\" \/>\n<meta property=\"og:image\" content=\"http:\/\/badiavinagres.com\/wp-content\/uploads\/2014\/12\/florengris.png\" \/>\n<meta name=\"twitter:card\" content=\"summary_large_image\" \/>\n<meta name=\"twitter:site\" content=\"@CastellGardeny\" \/>\n<meta name=\"twitter:label1\" content=\"Temps estimat de lectura\" \/>\n\t<meta name=\"twitter:data1\" content=\"4 minuts\" \/>\n<script type=\"application\/ld+json\" class=\"yoast-schema-graph\">{\"@context\":\"https:\\\/\\\/schema.org\",\"@graph\":[{\"@type\":\"WebPage\",\"@id\":\"https:\\\/\\\/badiavinagres.com\\\/ca\\\/5-generacions\",\"url\":\"https:\\\/\\\/badiavinagres.com\\\/ca\\\/5-generacions\",\"name\":\"5 generacions Badia &#8211; Badia Vinagres\",\"isPartOf\":{\"@id\":\"https:\\\/\\\/badiavinagres.com\\\/#website\"},\"primaryImageOfPage\":{\"@id\":\"https:\\\/\\\/badiavinagres.com\\\/ca\\\/5-generacions#primaryimage\"},\"image\":{\"@id\":\"https:\\\/\\\/badiavinagres.com\\\/ca\\\/5-generacions#primaryimage\"},\"thumbnailUrl\":\"http:\\\/\\\/badiavinagres.com\\\/wp-content\\\/uploads\\\/2014\\\/12\\\/florengris.png\",\"datePublished\":\"2016-04-14T12:08:12+00:00\",\"dateModified\":\"2021-04-07T18:28:03+00:00\",\"description\":\"Badia Vinagres \u00e9s una empresa familiar amb m\u00e9s de 5 generacions al comandament Sens dubte una bonica hist\u00f2ria per explicar. Descobreix- aqu\u00ed!\",\"breadcrumb\":{\"@id\":\"https:\\\/\\\/badiavinagres.com\\\/ca\\\/5-generacions#breadcrumb\"},\"inLanguage\":\"ca\",\"potentialAction\":[{\"@type\":\"ReadAction\",\"target\":[\"https:\\\/\\\/badiavinagres.com\\\/ca\\\/5-generacions\"]}]},{\"@type\":\"ImageObject\",\"inLanguage\":\"ca\",\"@id\":\"https:\\\/\\\/badiavinagres.com\\\/ca\\\/5-generacions#primaryimage\",\"url\":\"http:\\\/\\\/badiavinagres.com\\\/wp-content\\\/uploads\\\/2014\\\/12\\\/florengris.png\",\"contentUrl\":\"http:\\\/\\\/badiavinagres.com\\\/wp-content\\\/uploads\\\/2014\\\/12\\\/florengris.png\"},{\"@type\":\"BreadcrumbList\",\"@id\":\"https:\\\/\\\/badiavinagres.com\\\/ca\\\/5-generacions#breadcrumb\",\"itemListElement\":[{\"@type\":\"ListItem\",\"position\":1,\"name\":\"Portada\",\"item\":\"https:\\\/\\\/badiavinagres.com\\\/\"},{\"@type\":\"ListItem\",\"position\":2,\"name\":\"5 generacions Badia\"}]},{\"@type\":\"WebSite\",\"@id\":\"https:\\\/\\\/badiavinagres.com\\\/#website\",\"url\":\"https:\\\/\\\/badiavinagres.com\\\/\",\"name\":\"Badia Vinagres\",\"description\":\"Mestres vinagrers des de 1908\",\"publisher\":{\"@id\":\"https:\\\/\\\/badiavinagres.com\\\/#organization\"},\"potentialAction\":[{\"@type\":\"SearchAction\",\"target\":{\"@type\":\"EntryPoint\",\"urlTemplate\":\"https:\\\/\\\/badiavinagres.com\\\/?s={search_term_string}\"},\"query-input\":{\"@type\":\"PropertyValueSpecification\",\"valueRequired\":true,\"valueName\":\"search_term_string\"}}],\"inLanguage\":\"ca\"},{\"@type\":\"Organization\",\"@id\":\"https:\\\/\\\/badiavinagres.com\\\/#organization\",\"name\":\"Badia Vinagres - Castell de Gardeny\",\"url\":\"https:\\\/\\\/badiavinagres.com\\\/\",\"logo\":{\"@type\":\"ImageObject\",\"inLanguage\":\"ca\",\"@id\":\"https:\\\/\\\/badiavinagres.com\\\/#\\\/schema\\\/logo\\\/image\\\/\",\"url\":\"http:\\\/\\\/badiavinagres.com\\\/wp-content\\\/uploads\\\/2016\\\/03\\\/badiamenutransparente-4.png\",\"contentUrl\":\"http:\\\/\\\/badiavinagres.com\\\/wp-content\\\/uploads\\\/2016\\\/03\\\/badiamenutransparente-4.png\",\"width\":117,\"height\":100,\"caption\":\"Badia Vinagres - Castell de Gardeny\"},\"image\":{\"@id\":\"https:\\\/\\\/badiavinagres.com\\\/#\\\/schema\\\/logo\\\/image\\\/\"},\"sameAs\":[\"https:\\\/\\\/www.facebook.com\\\/VinagresCastelldeGardeny\",\"https:\\\/\\\/x.com\\\/CastellGardeny\",\"https:\\\/\\\/www.instagram.com\\\/castelldegardeny_badiavinagres\\\/\"]}]}<\/script>\n<!-- \/ Yoast SEO plugin. -->","yoast_head_json":{"title":"5 generacions Badia &#8211; Badia Vinagres","description":"Badia Vinagres \u00e9s una empresa familiar amb m\u00e9s de 5 generacions al comandament Sens dubte una bonica hist\u00f2ria per explicar. Descobreix- aqu\u00ed!","robots":{"index":"index","follow":"follow","max-snippet":"max-snippet:-1","max-image-preview":"max-image-preview:large","max-video-preview":"max-video-preview:-1"},"canonical":"https:\/\/badiavinagres.com\/ca\/5-generacions","og_locale":"ca_ES","og_type":"article","og_title":"5 generacions Badia &#8211; Badia Vinagres","og_description":"Badia Vinagres \u00e9s una empresa familiar amb m\u00e9s de 5 generacions al comandament Sens dubte una bonica hist\u00f2ria per explicar. Descobreix- aqu\u00ed!","og_url":"https:\/\/badiavinagres.com\/ca\/5-generacions","og_site_name":"Badia Vinagres","article_publisher":"https:\/\/www.facebook.com\/VinagresCastelldeGardeny","article_modified_time":"2021-04-07T18:28:03+00:00","og_image":[{"url":"http:\/\/badiavinagres.com\/wp-content\/uploads\/2014\/12\/florengris.png","type":"","width":"","height":""}],"twitter_card":"summary_large_image","twitter_site":"@CastellGardeny","twitter_misc":{"Temps estimat de lectura":"4 minuts"},"schema":{"@context":"https:\/\/schema.org","@graph":[{"@type":"WebPage","@id":"https:\/\/badiavinagres.com\/ca\/5-generacions","url":"https:\/\/badiavinagres.com\/ca\/5-generacions","name":"5 generacions Badia &#8211; Badia Vinagres","isPartOf":{"@id":"https:\/\/badiavinagres.com\/#website"},"primaryImageOfPage":{"@id":"https:\/\/badiavinagres.com\/ca\/5-generacions#primaryimage"},"image":{"@id":"https:\/\/badiavinagres.com\/ca\/5-generacions#primaryimage"},"thumbnailUrl":"http:\/\/badiavinagres.com\/wp-content\/uploads\/2014\/12\/florengris.png","datePublished":"2016-04-14T12:08:12+00:00","dateModified":"2021-04-07T18:28:03+00:00","description":"Badia Vinagres \u00e9s una empresa familiar amb m\u00e9s de 5 generacions al comandament Sens dubte una bonica hist\u00f2ria per explicar. Descobreix- aqu\u00ed!","breadcrumb":{"@id":"https:\/\/badiavinagres.com\/ca\/5-generacions#breadcrumb"},"inLanguage":"ca","potentialAction":[{"@type":"ReadAction","target":["https:\/\/badiavinagres.com\/ca\/5-generacions"]}]},{"@type":"ImageObject","inLanguage":"ca","@id":"https:\/\/badiavinagres.com\/ca\/5-generacions#primaryimage","url":"http:\/\/badiavinagres.com\/wp-content\/uploads\/2014\/12\/florengris.png","contentUrl":"http:\/\/badiavinagres.com\/wp-content\/uploads\/2014\/12\/florengris.png"},{"@type":"BreadcrumbList","@id":"https:\/\/badiavinagres.com\/ca\/5-generacions#breadcrumb","itemListElement":[{"@type":"ListItem","position":1,"name":"Portada","item":"https:\/\/badiavinagres.com\/"},{"@type":"ListItem","position":2,"name":"5 generacions Badia"}]},{"@type":"WebSite","@id":"https:\/\/badiavinagres.com\/#website","url":"https:\/\/badiavinagres.com\/","name":"Badia Vinagres","description":"Mestres vinagrers des de 1908","publisher":{"@id":"https:\/\/badiavinagres.com\/#organization"},"potentialAction":[{"@type":"SearchAction","target":{"@type":"EntryPoint","urlTemplate":"https:\/\/badiavinagres.com\/?s={search_term_string}"},"query-input":{"@type":"PropertyValueSpecification","valueRequired":true,"valueName":"search_term_string"}}],"inLanguage":"ca"},{"@type":"Organization","@id":"https:\/\/badiavinagres.com\/#organization","name":"Badia Vinagres - Castell de Gardeny","url":"https:\/\/badiavinagres.com\/","logo":{"@type":"ImageObject","inLanguage":"ca","@id":"https:\/\/badiavinagres.com\/#\/schema\/logo\/image\/","url":"http:\/\/badiavinagres.com\/wp-content\/uploads\/2016\/03\/badiamenutransparente-4.png","contentUrl":"http:\/\/badiavinagres.com\/wp-content\/uploads\/2016\/03\/badiamenutransparente-4.png","width":117,"height":100,"caption":"Badia Vinagres - Castell de Gardeny"},"image":{"@id":"https:\/\/badiavinagres.com\/#\/schema\/logo\/image\/"},"sameAs":["https:\/\/www.facebook.com\/VinagresCastelldeGardeny","https:\/\/x.com\/CastellGardeny","https:\/\/www.instagram.com\/castelldegardeny_badiavinagres\/"]}]}},"_links":{"self":[{"href":"https:\/\/badiavinagres.com\/ca\/wp-json\/wp\/v2\/pages\/3639","targetHints":{"allow":["GET"]}}],"collection":[{"href":"https:\/\/badiavinagres.com\/ca\/wp-json\/wp\/v2\/pages"}],"about":[{"href":"https:\/\/badiavinagres.com\/ca\/wp-json\/wp\/v2\/types\/page"}],"author":[{"embeddable":true,"href":"https:\/\/badiavinagres.com\/ca\/wp-json\/wp\/v2\/users\/5"}],"replies":[{"embeddable":true,"href":"https:\/\/badiavinagres.com\/ca\/wp-json\/wp\/v2\/comments?post=3639"}],"version-history":[{"count":11,"href":"https:\/\/badiavinagres.com\/ca\/wp-json\/wp\/v2\/pages\/3639\/revisions"}],"predecessor-version":[{"id":6012,"href":"https:\/\/badiavinagres.com\/ca\/wp-json\/wp\/v2\/pages\/3639\/revisions\/6012"}],"wp:attachment":[{"href":"https:\/\/badiavinagres.com\/ca\/wp-json\/wp\/v2\/media?parent=3639"}],"curies":[{"name":"wp","href":"https:\/\/api.w.org\/{rel}","templated":true}]}}