{"id":3642,"date":"2016-04-14T12:16:54","date_gmt":"2016-04-14T12:16:54","guid":{"rendered":"http:\/\/badiavinagres.com?page_id=3642&#038;lang=ca"},"modified":"2020-05-24T11:08:40","modified_gmt":"2020-05-24T11:08:40","slug":"seleccionar-un-bon-vi","status":"publish","type":"page","link":"https:\/\/badiavinagres.com\/ca\/seleccionar-un-bon-vi","title":{"rendered":"La import\u00e0ncia de seleccionar un bon vi"},"content":{"rendered":"<section class=\"section  text-normal section-text-no-shadow section-inner-no-shadow section-normal section-opaque\"  >\n            <div class=\"background-media\" style=\"background-image: url(&#039;https:\/\/badiavinagres.com\/wp-content\/uploads\/2016\/03\/photo-1423483641154-5411ec9c0ddf.jpg&#039;); background-repeat:no-repeat; background-size:cover; background-attachment:fixed; background-position: 50% 0%;\" >\n                    <\/div>\n    \n    <div class=\"background-overlay grid-overlay-0 \" style=\"background-color: rgba(0,0,0,0.3);\"><\/div>\n\n    <div class=\"container-fullwidth container-vertical-default\">\n        <div class=\"row vertical-default\">\n            <div class=\"col-md-12     text-center small-screen-default\"  ><div class=\"divider-wrapper \" style=\"visibility:hidden;background-color:#FFFFFF\">\n    <div class=\"visible-xs\" style=\"height:50px;\"><\/div>\n    <div class=\"visible-sm\" style=\"height:50px;\"><\/div>\n    <div class=\"visible-md\" style=\"height:100px;\"><\/div>\n    <div class=\"visible-lg\" style=\"height:100px;\"><\/div>\n<\/div><h3 class=\"text-center  element-top-190 element-bottom-20 text-light os-animation bigger default\" data-os-animation=\"fadeIn\" data-os-animation-delay=\"0.1s\" >\n    D&#8217;un bon vi en surt un bon vinagre<\/h3><div class=\"col-text-1 text-normal  element-top-20 element-bottom-20 os-animation\" data-os-animation=\"fadeInUp\" data-os-animation-delay=\"0s\">\n    <p style=\"text-align: center; margin-top: 10px;\"><img decoding=\"async\" src=\"http:\/\/badiavinagres.com\/wp-content\/uploads\/2014\/12\/florengris.png\" width=\"100\" \/><\/p>\n<\/div>\n<div class=\"divider-wrapper \" style=\"visibility:hidden;background-color:#FFFFFF\">\n    <div class=\"visible-xs\" style=\"height:50px;\"><\/div>\n    <div class=\"visible-sm\" style=\"height:50px;\"><\/div>\n    <div class=\"visible-md\" style=\"height:100px;\"><\/div>\n    <div class=\"visible-lg\" style=\"height:100px;\"><\/div>\n<\/div><\/div>        <\/div>\n    <\/div>\n<\/section>\n<section class=\"section  text-normal section-text-no-shadow section-inner-no-shadow section-normal section-opaque\"  >\n    \n    <div class=\"background-overlay grid-overlay-0 \" style=\"background-color: rgba(0,0,0,0);\"><\/div>\n\n    <div class=\"container container-vertical-default\">\n        <div class=\"row vertical-default\">\n            <div class=\"col-md-2     text-default small-screen-default\"  ><\/div><div class=\"col-md-8     text-default small-screen-default\"  ><div class=\"col-text-1 text-normal  element-top-20 element-bottom-20\" data-os-animation=\"none\" data-os-animation-delay=\"0s\">\n    <p style=\"text-align: left;\">D&#8217;un bon vi en surt un bon vinagre&#8221;. Sota aquesta premissa, Agust\u00ed Badia selecciona personalment cadascuna de les varietats de vi que despr\u00e9s transformem en els nostres vinagres Castell de Gardeny.<\/p>\n<\/div>\n<div class=\"col-text-1 text-normal  element-top-20 element-bottom-20\" data-os-animation=\"none\" data-os-animation-delay=\"0s\">\n    <p style=\"text-align: left;\">Per a nosaltres \u00e9s fonamental tenir una relaci\u00f3 de proximitat i confian\u00e7a amb els nostres prove\u00efdors de vi. No es tracta de comprar-los el producte, sin\u00f3 de treballar m\u00e0 a m\u00e0 amb ells perqu\u00e8, anyada rere anyada, puguem anar adaptant els nostres vinagres a les noves tend\u00e8ncies i a les canviants demandes del mercat.<\/p>\n<p style=\"text-align: left;\">Tal com nosaltres ho veiem, nom\u00e9s a trav\u00e9s de la millor mat\u00e8ria primera obtinguda del camp podem oferir els millors productes a taula.<\/p>\n<p style=\"text-align: center; margin-top: 10px;\"><img loading=\"lazy\" decoding=\"async\" src=\"http:\/\/badiavinagres.com\/wp-content\/uploads\/2020\/05\/flor-black-hd.png\" width=\"80\" height=\"80\" \/><\/p>\n<\/div>\n<hr class=\" element-top-20 element-bottom-20\" data-os-animation=\"none\" data-os-animation-delay=\"0s\"><\/div><div class=\"col-md-2     text-default small-screen-default\"  ><\/div>        <\/div>\n    <\/div>\n<\/section>\n<section class=\"section  text-normal section-text-no-shadow section-inner-no-shadow section-normal section-opaque\"  >\n    \n    <div class=\"background-overlay grid-overlay-0 \" style=\"background-color: rgba(0,0,0,0);\"><\/div>\n\n    <div class=\"container container-vertical-middle\">\n        <div class=\"row vertical-middle\">\n            <div class=\"col-md-4     text-center small-screen-default\"  ><div class=\"col-text-1 text-normal  element-top-20 element-bottom-20\" data-os-animation=\"none\" data-os-animation-delay=\"0s\">\n    <p><a href=\"\/ca\/qui-som\">| El vinagre ens corre per les venes |<\/a><\/p>\n<\/div>\n<\/div><div class=\"col-md-4     text-center small-screen-default\"  ><div class=\"col-text-1 text-normal  element-top-20 element-bottom-20\" data-os-animation=\"none\" data-os-animation-delay=\"0s\">\n    <p><a href=\"\/ca\/proces-de-produccio\">| El nostre proc\u00e9s de producci\u00f3 |<\/a><\/p>\n<\/div>\n<\/div><div class=\"col-md-4     text-center small-screen-default\"  ><div class=\"col-text-1 text-normal  element-top-20 element-bottom-20\" data-os-animation=\"none\" data-os-animation-delay=\"0s\">\n    <p><a href=\"\/ca\/5-generacions\">| 5 generacions Badia |<\/a><\/p>\n<\/div>\n<\/div>        <\/div>\n    <\/div>\n<\/section>\n","protected":false},"excerpt":{"rendered":"D&#039;un bon vi en surt un bon vinagre D'un bon vi en surt un bon vinagre\". Sota aquesta premissa, Agust\u00ed Badia selecciona personalment cadascuna de les varietats de vi que despr\u00e9s transformem en els nostres vinagres Castell de Gardeny. Per a nosaltres \u00e9s fonamental tenir una relaci\u00f3 de proximitat i confian\u00e7a amb els nostres prove\u00efdors","protected":false},"author":5,"featured_media":0,"parent":0,"menu_order":0,"comment_status":"closed","ping_status":"closed","template":"","meta":{"footnotes":""},"class_list":["post-3642","page","type-page","status-publish","hentry"],"yoast_head":"<!-- This site is optimized with the Yoast SEO plugin v27.2 - https:\/\/yoast.com\/product\/yoast-seo-wordpress\/ -->\n<title>La import\u00e0ncia de seleccionar un bon vi &#8211; Badia Vinagres<\/title>\n<meta name=\"description\" content=\"D&#039;un bon vi, un bon vinagre ! Descobreix quin \u00e9s el nostre secret per a elaborar els millors vinagres gourmet de vi negre i vi blanc.\" \/>\n<meta name=\"robots\" content=\"index, follow, max-snippet:-1, max-image-preview:large, max-video-preview:-1\" \/>\n<link rel=\"canonical\" href=\"https:\/\/badiavinagres.com\/seleccionar-un-buen-vino\" \/>\n<meta property=\"og:locale\" content=\"ca_ES\" \/>\n<meta property=\"og:type\" content=\"article\" \/>\n<meta property=\"og:title\" content=\"La import\u00e0ncia de seleccionar un bon vi &#8211; Badia Vinagres\" \/>\n<meta property=\"og:description\" content=\"D&#039;un bon vi, un bon vinagre ! Descobreix quin \u00e9s el nostre secret per a elaborar els millors vinagres gourmet de vi negre i vi blanc.\" \/>\n<meta property=\"og:url\" content=\"https:\/\/badiavinagres.com\/seleccionar-un-buen-vino\" \/>\n<meta property=\"og:site_name\" content=\"Badia Vinagres\" \/>\n<meta property=\"article:publisher\" content=\"https:\/\/www.facebook.com\/VinagresCastelldeGardeny\" \/>\n<meta property=\"article:modified_time\" content=\"2020-05-24T11:08:40+00:00\" \/>\n<meta property=\"og:image\" content=\"http:\/\/badiavinagres.com\/wp-content\/uploads\/2014\/12\/florengris.png\" \/>\n<meta name=\"twitter:card\" content=\"summary_large_image\" \/>\n<meta name=\"twitter:site\" content=\"@CastellGardeny\" \/>\n<meta name=\"twitter:label1\" content=\"Temps estimat de lectura\" \/>\n\t<meta name=\"twitter:data1\" content=\"1 minut\" \/>\n<script type=\"application\/ld+json\" class=\"yoast-schema-graph\">{\"@context\":\"https:\/\/schema.org\",\"@graph\":[{\"@type\":\"WebPage\",\"@id\":\"https:\/\/badiavinagres.com\/seleccionar-un-buen-vino\",\"url\":\"https:\/\/badiavinagres.com\/seleccionar-un-buen-vino\",\"name\":\"La import\u00e0ncia de seleccionar un bon vi &#8211; Badia Vinagres\",\"isPartOf\":{\"@id\":\"https:\/\/badiavinagres.com\/#website\"},\"primaryImageOfPage\":{\"@id\":\"https:\/\/badiavinagres.com\/seleccionar-un-buen-vino#primaryimage\"},\"image\":{\"@id\":\"https:\/\/badiavinagres.com\/seleccionar-un-buen-vino#primaryimage\"},\"thumbnailUrl\":\"http:\/\/badiavinagres.com\/wp-content\/uploads\/2014\/12\/florengris.png\",\"datePublished\":\"2016-04-14T12:16:54+00:00\",\"dateModified\":\"2020-05-24T11:08:40+00:00\",\"description\":\"D'un bon vi, un bon vinagre ! Descobreix quin \u00e9s el nostre secret per a elaborar els millors vinagres gourmet de vi negre i vi blanc.\",\"breadcrumb\":{\"@id\":\"https:\/\/badiavinagres.com\/seleccionar-un-buen-vino#breadcrumb\"},\"inLanguage\":\"ca\",\"potentialAction\":[{\"@type\":\"ReadAction\",\"target\":[\"https:\/\/badiavinagres.com\/seleccionar-un-buen-vino\"]}]},{\"@type\":\"ImageObject\",\"inLanguage\":\"ca\",\"@id\":\"https:\/\/badiavinagres.com\/seleccionar-un-buen-vino#primaryimage\",\"url\":\"http:\/\/badiavinagres.com\/wp-content\/uploads\/2014\/12\/florengris.png\",\"contentUrl\":\"http:\/\/badiavinagres.com\/wp-content\/uploads\/2014\/12\/florengris.png\"},{\"@type\":\"BreadcrumbList\",\"@id\":\"https:\/\/badiavinagres.com\/seleccionar-un-buen-vino#breadcrumb\",\"itemListElement\":[{\"@type\":\"ListItem\",\"position\":1,\"name\":\"Portada\",\"item\":\"https:\/\/badiavinagres.com\/\"},{\"@type\":\"ListItem\",\"position\":2,\"name\":\"La import\u00e0ncia de seleccionar un bon vi\"}]},{\"@type\":\"WebSite\",\"@id\":\"https:\/\/badiavinagres.com\/#website\",\"url\":\"https:\/\/badiavinagres.com\/\",\"name\":\"Badia Vinagres\",\"description\":\"Mestres vinagrers des de 1908\",\"publisher\":{\"@id\":\"https:\/\/badiavinagres.com\/#organization\"},\"potentialAction\":[{\"@type\":\"SearchAction\",\"target\":{\"@type\":\"EntryPoint\",\"urlTemplate\":\"https:\/\/badiavinagres.com\/?s={search_term_string}\"},\"query-input\":{\"@type\":\"PropertyValueSpecification\",\"valueRequired\":true,\"valueName\":\"search_term_string\"}}],\"inLanguage\":\"ca\"},{\"@type\":\"Organization\",\"@id\":\"https:\/\/badiavinagres.com\/#organization\",\"name\":\"Badia Vinagres - Castell de Gardeny\",\"url\":\"https:\/\/badiavinagres.com\/\",\"logo\":{\"@type\":\"ImageObject\",\"inLanguage\":\"ca\",\"@id\":\"https:\/\/badiavinagres.com\/#\/schema\/logo\/image\/\",\"url\":\"http:\/\/badiavinagres.com\/wp-content\/uploads\/2016\/03\/badiamenutransparente-4.png\",\"contentUrl\":\"http:\/\/badiavinagres.com\/wp-content\/uploads\/2016\/03\/badiamenutransparente-4.png\",\"width\":117,\"height\":100,\"caption\":\"Badia Vinagres - Castell de Gardeny\"},\"image\":{\"@id\":\"https:\/\/badiavinagres.com\/#\/schema\/logo\/image\/\"},\"sameAs\":[\"https:\/\/www.facebook.com\/VinagresCastelldeGardeny\",\"https:\/\/x.com\/CastellGardeny\",\"https:\/\/www.instagram.com\/castelldegardeny_badiavinagres\/\"]}]}<\/script>\n<!-- \/ Yoast SEO plugin. -->","yoast_head_json":{"title":"La import\u00e0ncia de seleccionar un bon vi &#8211; Badia Vinagres","description":"D'un bon vi, un bon vinagre ! Descobreix quin \u00e9s el nostre secret per a elaborar els millors vinagres gourmet de vi negre i vi blanc.","robots":{"index":"index","follow":"follow","max-snippet":"max-snippet:-1","max-image-preview":"max-image-preview:large","max-video-preview":"max-video-preview:-1"},"canonical":"https:\/\/badiavinagres.com\/seleccionar-un-buen-vino","og_locale":"ca_ES","og_type":"article","og_title":"La import\u00e0ncia de seleccionar un bon vi &#8211; Badia Vinagres","og_description":"D'un bon vi, un bon vinagre ! Descobreix quin \u00e9s el nostre secret per a elaborar els millors vinagres gourmet de vi negre i vi blanc.","og_url":"https:\/\/badiavinagres.com\/seleccionar-un-buen-vino","og_site_name":"Badia Vinagres","article_publisher":"https:\/\/www.facebook.com\/VinagresCastelldeGardeny","article_modified_time":"2020-05-24T11:08:40+00:00","og_image":[{"url":"http:\/\/badiavinagres.com\/wp-content\/uploads\/2014\/12\/florengris.png","type":"","width":"","height":""}],"twitter_card":"summary_large_image","twitter_site":"@CastellGardeny","twitter_misc":{"Temps estimat de lectura":"1 minut"},"schema":{"@context":"https:\/\/schema.org","@graph":[{"@type":"WebPage","@id":"https:\/\/badiavinagres.com\/seleccionar-un-buen-vino","url":"https:\/\/badiavinagres.com\/seleccionar-un-buen-vino","name":"La import\u00e0ncia de seleccionar un bon vi &#8211; Badia Vinagres","isPartOf":{"@id":"https:\/\/badiavinagres.com\/#website"},"primaryImageOfPage":{"@id":"https:\/\/badiavinagres.com\/seleccionar-un-buen-vino#primaryimage"},"image":{"@id":"https:\/\/badiavinagres.com\/seleccionar-un-buen-vino#primaryimage"},"thumbnailUrl":"http:\/\/badiavinagres.com\/wp-content\/uploads\/2014\/12\/florengris.png","datePublished":"2016-04-14T12:16:54+00:00","dateModified":"2020-05-24T11:08:40+00:00","description":"D'un bon vi, un bon vinagre ! Descobreix quin \u00e9s el nostre secret per a elaborar els millors vinagres gourmet de vi negre i vi blanc.","breadcrumb":{"@id":"https:\/\/badiavinagres.com\/seleccionar-un-buen-vino#breadcrumb"},"inLanguage":"ca","potentialAction":[{"@type":"ReadAction","target":["https:\/\/badiavinagres.com\/seleccionar-un-buen-vino"]}]},{"@type":"ImageObject","inLanguage":"ca","@id":"https:\/\/badiavinagres.com\/seleccionar-un-buen-vino#primaryimage","url":"http:\/\/badiavinagres.com\/wp-content\/uploads\/2014\/12\/florengris.png","contentUrl":"http:\/\/badiavinagres.com\/wp-content\/uploads\/2014\/12\/florengris.png"},{"@type":"BreadcrumbList","@id":"https:\/\/badiavinagres.com\/seleccionar-un-buen-vino#breadcrumb","itemListElement":[{"@type":"ListItem","position":1,"name":"Portada","item":"https:\/\/badiavinagres.com\/"},{"@type":"ListItem","position":2,"name":"La import\u00e0ncia de seleccionar un bon vi"}]},{"@type":"WebSite","@id":"https:\/\/badiavinagres.com\/#website","url":"https:\/\/badiavinagres.com\/","name":"Badia Vinagres","description":"Mestres vinagrers des de 1908","publisher":{"@id":"https:\/\/badiavinagres.com\/#organization"},"potentialAction":[{"@type":"SearchAction","target":{"@type":"EntryPoint","urlTemplate":"https:\/\/badiavinagres.com\/?s={search_term_string}"},"query-input":{"@type":"PropertyValueSpecification","valueRequired":true,"valueName":"search_term_string"}}],"inLanguage":"ca"},{"@type":"Organization","@id":"https:\/\/badiavinagres.com\/#organization","name":"Badia Vinagres - Castell de Gardeny","url":"https:\/\/badiavinagres.com\/","logo":{"@type":"ImageObject","inLanguage":"ca","@id":"https:\/\/badiavinagres.com\/#\/schema\/logo\/image\/","url":"http:\/\/badiavinagres.com\/wp-content\/uploads\/2016\/03\/badiamenutransparente-4.png","contentUrl":"http:\/\/badiavinagres.com\/wp-content\/uploads\/2016\/03\/badiamenutransparente-4.png","width":117,"height":100,"caption":"Badia Vinagres - Castell de Gardeny"},"image":{"@id":"https:\/\/badiavinagres.com\/#\/schema\/logo\/image\/"},"sameAs":["https:\/\/www.facebook.com\/VinagresCastelldeGardeny","https:\/\/x.com\/CastellGardeny","https:\/\/www.instagram.com\/castelldegardeny_badiavinagres\/"]}]}},"_links":{"self":[{"href":"https:\/\/badiavinagres.com\/ca\/wp-json\/wp\/v2\/pages\/3642","targetHints":{"allow":["GET"]}}],"collection":[{"href":"https:\/\/badiavinagres.com\/ca\/wp-json\/wp\/v2\/pages"}],"about":[{"href":"https:\/\/badiavinagres.com\/ca\/wp-json\/wp\/v2\/types\/page"}],"author":[{"embeddable":true,"href":"https:\/\/badiavinagres.com\/ca\/wp-json\/wp\/v2\/users\/5"}],"replies":[{"embeddable":true,"href":"https:\/\/badiavinagres.com\/ca\/wp-json\/wp\/v2\/comments?post=3642"}],"version-history":[{"count":6,"href":"https:\/\/badiavinagres.com\/ca\/wp-json\/wp\/v2\/pages\/3642\/revisions"}],"predecessor-version":[{"id":5830,"href":"https:\/\/badiavinagres.com\/ca\/wp-json\/wp\/v2\/pages\/3642\/revisions\/5830"}],"wp:attachment":[{"href":"https:\/\/badiavinagres.com\/ca\/wp-json\/wp\/v2\/media?parent=3642"}],"curies":[{"name":"wp","href":"https:\/\/api.w.org\/{rel}","templated":true}]}}