{"id":3645,"date":"2016-04-14T12:28:06","date_gmt":"2016-04-14T12:28:06","guid":{"rendered":"http:\/\/badiavinagres.com?page_id=3645&#038;lang=ca"},"modified":"2020-05-24T12:45:54","modified_gmt":"2020-05-24T12:45:54","slug":"proces-de-produccio","status":"publish","type":"page","link":"https:\/\/badiavinagres.com\/ca\/proces-de-produccio","title":{"rendered":"El nostre proc\u00e9s de producci\u00f3"},"content":{"rendered":"<section class=\"section  text-normal section-text-no-shadow section-inner-no-shadow section-normal section-opaque\"  >\n            <div class=\"background-media\" style=\"background-image: url(&#039;https:\/\/badiavinagres.com\/wp-content\/uploads\/2016\/03\/pizarrabadia-borroca-copia.jpg&#039;); background-repeat:no-repeat; background-size:cover; background-attachment:no-scroll; background-position: 50% 0%;\" data-start=\"background-position: 50% 0px\" data-0-top-bottom=\"background-position: 50% -80px\">\n                    <\/div>\n    \n    <div class=\"background-overlay grid-overlay-0 \" style=\"background-color: rgba(0,0,0,0.5);\"><\/div>\n\n    <div class=\"container-fullwidth container-vertical-middle\">\n        <div class=\"row vertical-middle\">\n            <div class=\"col-md-12     text-center small-screen-default\"  ><div class=\"divider-wrapper \" style=\"visibility:hidden;background-color:#FFFFFF\">\n    <div class=\"visible-xs\" style=\"height:50px;\"><\/div>\n    <div class=\"visible-sm\" style=\"height:50px;\"><\/div>\n    <div class=\"visible-md\" style=\"height:100px;\"><\/div>\n    <div class=\"visible-lg\" style=\"height:100px;\"><\/div>\n<\/div><h3 class=\"text-center  element-top-190 element-bottom-20 text-light os-animation bigger default\" data-os-animation=\"fadeIn\" data-os-animation-delay=\"0.1s\" >\n    Uneix t\u00e8cnica i emoci\u00f3&#8230; \u00c9s artesania en estat pur!<\/h3><div class=\"col-text-1 text-normal  element-top-20 element-bottom-20 os-animation\" data-os-animation=\"fadeInUp\" data-os-animation-delay=\"0s\">\n    <p style=\"text-align: center; margin-top: 10px;\"><img decoding=\"async\" src=\"http:\/\/badiavinagres.com\/wp-content\/uploads\/2014\/12\/florengris.png\" width=\"100\" \/><\/p>\n<\/div>\n<div class=\"divider-wrapper \" style=\"visibility:hidden;background-color:#FFFFFF\">\n    <div class=\"visible-xs\" style=\"height:50px;\"><\/div>\n    <div class=\"visible-sm\" style=\"height:50px;\"><\/div>\n    <div class=\"visible-md\" style=\"height:100px;\"><\/div>\n    <div class=\"visible-lg\" style=\"height:100px;\"><\/div>\n<\/div><\/div>        <\/div>\n    <\/div>\n<\/section>\n<section class=\"section  text-normal section-text-no-shadow section-inner-no-shadow section-normal section-opaque\"  >\n    \n    <div class=\"background-overlay grid-overlay-0 \" style=\"background-color: rgba(0,0,0,0);\"><\/div>\n\n    <div class=\"container container-vertical-default\">\n        <div class=\"row vertical-default\">\n            <div class=\"col-md-2     text-default small-screen-default\"  ><\/div><div class=\"col-md-8     text-default small-screen-default\"  ><div class=\"col-text-1 text-normal  element-top-20 element-bottom-20\" data-os-animation=\"none\" data-os-animation-delay=\"0s\">\n    <p style=\"text-align: left;\">Durant el proc\u00e9s de fermentaci\u00f3, nom\u00e9s l&#8217;alcohol del vi es transforma en vinagre. La resta d&#8217;aromes i sabors es mantenen en el vinagre nom\u00e9s quan el m\u00e8tode utilitzat \u00e9s lent i delicat.<\/p>\n<\/div>\n<div class=\"col-text-1 text-normal  element-top-20 element-bottom-20\" data-os-animation=\"none\" data-os-animation-delay=\"0s\">\n    <p style=\"text-align: left;\">Per aix\u00f2, davant sistemes de fermentaci\u00f3 industrials i r\u00e0pids per elaborar vinagres d&#8217;alta producci\u00f3 i pocs matisos organol\u00e8ptics, a Badia Vinagres hem triat un m\u00e8tode tradicional amb prop de 200 anys d&#8217;aplicaci\u00f3.<\/p>\n<\/div>\n<div class=\"col-text-1 text-normal  element-top-20 element-bottom-20\" data-os-animation=\"none\" data-os-animation-delay=\"0s\">\n    <p style=\"text-align: left;\">Inventat el 1823 pel qu\u00edmic alemany Sch\u00fctzenbach, segueix un proc\u00e9s pausat i minuci\u00f3s que permet extreure les millors caracter\u00edstiques del vinagre i del seu vi d&#8217;origen i que conserva millor les aromes i sabors i aconsegueix un toc d&#8217;acidesa molt agradable.<\/p>\n<\/div>\n<div class=\"col-text-1 text-normal  element-top-20 element-bottom-20\" data-os-animation=\"none\" data-os-animation-delay=\"0s\">\n    <p style=\"text-align: left;\">Menci\u00f3 especial mereix l&#8217;\u00faltim pas del proc\u00e9s d&#8217;elaboraci\u00f3 dels nostres agredol\u00e7os de riesling i merlot, que continua amb una etapa de maduraci\u00f3 en b\u00f3tes de roure franc\u00e8s acuradament seleccionades.<\/p>\n<\/div>\n<div class=\"col-text-1 text-normal  element-top-20 element-bottom-20\" data-os-animation=\"none\" data-os-animation-delay=\"0s\">\n    <p style=\"text-align: left;\">En aquesta fase d&#8217;envelliment, la fusta incorpora aromes pr\u00f2pies procedents de les reaccions d&#8217;intercanvi entre les dues mat\u00e8ries, i aconsegueix afinar i equilibrar el vinagre final.<\/p>\n<p style=\"text-align: center; margin-top: 10px;\"><img loading=\"lazy\" decoding=\"async\" src=\"http:\/\/badiavinagres.com\/wp-content\/uploads\/2020\/05\/flor-black-hd.png\" width=\"80\" height=\"80\" \/><\/p>\n<\/div>\n<hr class=\" element-top-20 element-bottom-20\" data-os-animation=\"none\" data-os-animation-delay=\"0s\"><\/div><div class=\"col-md-2     text-default small-screen-default\"  ><\/div>        <\/div>\n    <\/div>\n<\/section>\n<section class=\"section  text-normal section-text-no-shadow section-inner-no-shadow section-normal section-opaque\"  >\n    \n    <div class=\"background-overlay grid-overlay-0 \" style=\"background-color: rgba(0,0,0,0);\"><\/div>\n\n    <div class=\"container container-vertical-default\">\n        <div class=\"row vertical-default\">\n            <div class=\"col-md-4     text-center small-screen-default\"  ><div class=\"col-text-1 text-normal  element-top-20 element-bottom-20\" data-os-animation=\"none\" data-os-animation-delay=\"0s\">\n    <p><a href=\"\/ca\/qui-som\">| El vinagre ens corre per les venes |<\/a><\/p>\n<\/div>\n<\/div><div class=\"col-md-4     text-center small-screen-default\"  ><div class=\"col-text-1 text-normal  element-top-20 element-bottom-20\" data-os-animation=\"none\" data-os-animation-delay=\"0s\">\n    <p><a href=\"\/ca\/seleccionar-un-bon-vi\">| D&#8217;un bon vi en surt un bon vinagre |<\/a><\/p>\n<\/div>\n<\/div><div class=\"col-md-4     text-center small-screen-default\"  ><div class=\"col-text-1 text-normal  element-top-20 element-bottom-20\" data-os-animation=\"none\" data-os-animation-delay=\"0s\">\n    <p><a href=\"\/ca\/5-generacions\">| 5 generacions Badia |<\/a><\/p>\n<\/div>\n<\/div>        <\/div>\n    <\/div>\n<\/section>\n","protected":false},"excerpt":{"rendered":"Uneix t\u00e8cnica i emoci\u00f3... \u00c9s artesania en estat pur! Durant el proc\u00e9s de fermentaci\u00f3, nom\u00e9s l'alcohol del vi es transforma en vinagre. La resta d'aromes i sabors es mantenen en el vinagre nom\u00e9s quan el m\u00e8tode utilitzat \u00e9s lent i delicat. Per aix\u00f2, davant sistemes de fermentaci\u00f3 industrials i r\u00e0pids per elaborar vinagres d'alta producci\u00f3","protected":false},"author":5,"featured_media":0,"parent":0,"menu_order":0,"comment_status":"closed","ping_status":"closed","template":"","meta":{"footnotes":""},"class_list":["post-3645","page","type-page","status-publish","hentry"],"yoast_head":"<!-- This site is optimized with the Yoast SEO plugin v27.2 - https:\/\/yoast.com\/product\/yoast-seo-wordpress\/ -->\n<title>El nostre proc\u00e9s de producci\u00f3 &#8211; Badia Vinagres<\/title>\n<meta name=\"description\" content=\"Els nostres vinagres i agredolces tenen un sabor \u00fanic i aix\u00f2 de deu al seu proc\u00e9s de producci\u00f3. Elaborats sota una premissa 100% artesanal.\" \/>\n<meta name=\"robots\" content=\"index, follow, max-snippet:-1, max-image-preview:large, max-video-preview:-1\" \/>\n<link rel=\"canonical\" href=\"https:\/\/badiavinagres.com\/proceso-de-produccion\" \/>\n<meta property=\"og:locale\" content=\"ca_ES\" \/>\n<meta property=\"og:type\" content=\"article\" \/>\n<meta property=\"og:title\" content=\"El nostre proc\u00e9s de producci\u00f3 &#8211; Badia Vinagres\" \/>\n<meta property=\"og:description\" content=\"Els nostres vinagres i agredolces tenen un sabor \u00fanic i aix\u00f2 de deu al seu proc\u00e9s de producci\u00f3. Elaborats sota una premissa 100% artesanal.\" \/>\n<meta property=\"og:url\" content=\"https:\/\/badiavinagres.com\/proceso-de-produccion\" \/>\n<meta property=\"og:site_name\" content=\"Badia Vinagres\" \/>\n<meta property=\"article:publisher\" content=\"https:\/\/www.facebook.com\/VinagresCastelldeGardeny\" \/>\n<meta property=\"article:modified_time\" content=\"2020-05-24T12:45:54+00:00\" \/>\n<meta property=\"og:image\" content=\"http:\/\/badiavinagres.com\/wp-content\/uploads\/2014\/12\/florengris.png\" \/>\n<meta name=\"twitter:card\" content=\"summary_large_image\" \/>\n<meta name=\"twitter:site\" content=\"@CastellGardeny\" \/>\n<meta name=\"twitter:label1\" content=\"Temps estimat de lectura\" \/>\n\t<meta name=\"twitter:data1\" content=\"2 minuts\" \/>\n<script type=\"application\/ld+json\" class=\"yoast-schema-graph\">{\"@context\":\"https:\/\/schema.org\",\"@graph\":[{\"@type\":\"WebPage\",\"@id\":\"https:\/\/badiavinagres.com\/proceso-de-produccion\",\"url\":\"https:\/\/badiavinagres.com\/proceso-de-produccion\",\"name\":\"El nostre proc\u00e9s de producci\u00f3 &#8211; Badia Vinagres\",\"isPartOf\":{\"@id\":\"https:\/\/badiavinagres.com\/#website\"},\"primaryImageOfPage\":{\"@id\":\"https:\/\/badiavinagres.com\/proceso-de-produccion#primaryimage\"},\"image\":{\"@id\":\"https:\/\/badiavinagres.com\/proceso-de-produccion#primaryimage\"},\"thumbnailUrl\":\"http:\/\/badiavinagres.com\/wp-content\/uploads\/2014\/12\/florengris.png\",\"datePublished\":\"2016-04-14T12:28:06+00:00\",\"dateModified\":\"2020-05-24T12:45:54+00:00\",\"description\":\"Els nostres vinagres i agredolces tenen un sabor \u00fanic i aix\u00f2 de deu al seu proc\u00e9s de producci\u00f3. Elaborats sota una premissa 100% artesanal.\",\"breadcrumb\":{\"@id\":\"https:\/\/badiavinagres.com\/proceso-de-produccion#breadcrumb\"},\"inLanguage\":\"ca\",\"potentialAction\":[{\"@type\":\"ReadAction\",\"target\":[\"https:\/\/badiavinagres.com\/proceso-de-produccion\"]}]},{\"@type\":\"ImageObject\",\"inLanguage\":\"ca\",\"@id\":\"https:\/\/badiavinagres.com\/proceso-de-produccion#primaryimage\",\"url\":\"http:\/\/badiavinagres.com\/wp-content\/uploads\/2014\/12\/florengris.png\",\"contentUrl\":\"http:\/\/badiavinagres.com\/wp-content\/uploads\/2014\/12\/florengris.png\"},{\"@type\":\"BreadcrumbList\",\"@id\":\"https:\/\/badiavinagres.com\/proceso-de-produccion#breadcrumb\",\"itemListElement\":[{\"@type\":\"ListItem\",\"position\":1,\"name\":\"Portada\",\"item\":\"https:\/\/badiavinagres.com\/\"},{\"@type\":\"ListItem\",\"position\":2,\"name\":\"El nostre proc\u00e9s de producci\u00f3\"}]},{\"@type\":\"WebSite\",\"@id\":\"https:\/\/badiavinagres.com\/#website\",\"url\":\"https:\/\/badiavinagres.com\/\",\"name\":\"Badia Vinagres\",\"description\":\"Mestres vinagrers des de 1908\",\"publisher\":{\"@id\":\"https:\/\/badiavinagres.com\/#organization\"},\"potentialAction\":[{\"@type\":\"SearchAction\",\"target\":{\"@type\":\"EntryPoint\",\"urlTemplate\":\"https:\/\/badiavinagres.com\/?s={search_term_string}\"},\"query-input\":{\"@type\":\"PropertyValueSpecification\",\"valueRequired\":true,\"valueName\":\"search_term_string\"}}],\"inLanguage\":\"ca\"},{\"@type\":\"Organization\",\"@id\":\"https:\/\/badiavinagres.com\/#organization\",\"name\":\"Badia Vinagres - Castell de Gardeny\",\"url\":\"https:\/\/badiavinagres.com\/\",\"logo\":{\"@type\":\"ImageObject\",\"inLanguage\":\"ca\",\"@id\":\"https:\/\/badiavinagres.com\/#\/schema\/logo\/image\/\",\"url\":\"http:\/\/badiavinagres.com\/wp-content\/uploads\/2016\/03\/badiamenutransparente-4.png\",\"contentUrl\":\"http:\/\/badiavinagres.com\/wp-content\/uploads\/2016\/03\/badiamenutransparente-4.png\",\"width\":117,\"height\":100,\"caption\":\"Badia Vinagres - Castell de Gardeny\"},\"image\":{\"@id\":\"https:\/\/badiavinagres.com\/#\/schema\/logo\/image\/\"},\"sameAs\":[\"https:\/\/www.facebook.com\/VinagresCastelldeGardeny\",\"https:\/\/x.com\/CastellGardeny\",\"https:\/\/www.instagram.com\/castelldegardeny_badiavinagres\/\"]}]}<\/script>\n<!-- \/ Yoast SEO plugin. -->","yoast_head_json":{"title":"El nostre proc\u00e9s de producci\u00f3 &#8211; Badia Vinagres","description":"Els nostres vinagres i agredolces tenen un sabor \u00fanic i aix\u00f2 de deu al seu proc\u00e9s de producci\u00f3. Elaborats sota una premissa 100% artesanal.","robots":{"index":"index","follow":"follow","max-snippet":"max-snippet:-1","max-image-preview":"max-image-preview:large","max-video-preview":"max-video-preview:-1"},"canonical":"https:\/\/badiavinagres.com\/proceso-de-produccion","og_locale":"ca_ES","og_type":"article","og_title":"El nostre proc\u00e9s de producci\u00f3 &#8211; Badia Vinagres","og_description":"Els nostres vinagres i agredolces tenen un sabor \u00fanic i aix\u00f2 de deu al seu proc\u00e9s de producci\u00f3. Elaborats sota una premissa 100% artesanal.","og_url":"https:\/\/badiavinagres.com\/proceso-de-produccion","og_site_name":"Badia Vinagres","article_publisher":"https:\/\/www.facebook.com\/VinagresCastelldeGardeny","article_modified_time":"2020-05-24T12:45:54+00:00","og_image":[{"url":"http:\/\/badiavinagres.com\/wp-content\/uploads\/2014\/12\/florengris.png","type":"","width":"","height":""}],"twitter_card":"summary_large_image","twitter_site":"@CastellGardeny","twitter_misc":{"Temps estimat de lectura":"2 minuts"},"schema":{"@context":"https:\/\/schema.org","@graph":[{"@type":"WebPage","@id":"https:\/\/badiavinagres.com\/proceso-de-produccion","url":"https:\/\/badiavinagres.com\/proceso-de-produccion","name":"El nostre proc\u00e9s de producci\u00f3 &#8211; Badia Vinagres","isPartOf":{"@id":"https:\/\/badiavinagres.com\/#website"},"primaryImageOfPage":{"@id":"https:\/\/badiavinagres.com\/proceso-de-produccion#primaryimage"},"image":{"@id":"https:\/\/badiavinagres.com\/proceso-de-produccion#primaryimage"},"thumbnailUrl":"http:\/\/badiavinagres.com\/wp-content\/uploads\/2014\/12\/florengris.png","datePublished":"2016-04-14T12:28:06+00:00","dateModified":"2020-05-24T12:45:54+00:00","description":"Els nostres vinagres i agredolces tenen un sabor \u00fanic i aix\u00f2 de deu al seu proc\u00e9s de producci\u00f3. Elaborats sota una premissa 100% artesanal.","breadcrumb":{"@id":"https:\/\/badiavinagres.com\/proceso-de-produccion#breadcrumb"},"inLanguage":"ca","potentialAction":[{"@type":"ReadAction","target":["https:\/\/badiavinagres.com\/proceso-de-produccion"]}]},{"@type":"ImageObject","inLanguage":"ca","@id":"https:\/\/badiavinagres.com\/proceso-de-produccion#primaryimage","url":"http:\/\/badiavinagres.com\/wp-content\/uploads\/2014\/12\/florengris.png","contentUrl":"http:\/\/badiavinagres.com\/wp-content\/uploads\/2014\/12\/florengris.png"},{"@type":"BreadcrumbList","@id":"https:\/\/badiavinagres.com\/proceso-de-produccion#breadcrumb","itemListElement":[{"@type":"ListItem","position":1,"name":"Portada","item":"https:\/\/badiavinagres.com\/"},{"@type":"ListItem","position":2,"name":"El nostre proc\u00e9s de producci\u00f3"}]},{"@type":"WebSite","@id":"https:\/\/badiavinagres.com\/#website","url":"https:\/\/badiavinagres.com\/","name":"Badia Vinagres","description":"Mestres vinagrers des de 1908","publisher":{"@id":"https:\/\/badiavinagres.com\/#organization"},"potentialAction":[{"@type":"SearchAction","target":{"@type":"EntryPoint","urlTemplate":"https:\/\/badiavinagres.com\/?s={search_term_string}"},"query-input":{"@type":"PropertyValueSpecification","valueRequired":true,"valueName":"search_term_string"}}],"inLanguage":"ca"},{"@type":"Organization","@id":"https:\/\/badiavinagres.com\/#organization","name":"Badia Vinagres - Castell de Gardeny","url":"https:\/\/badiavinagres.com\/","logo":{"@type":"ImageObject","inLanguage":"ca","@id":"https:\/\/badiavinagres.com\/#\/schema\/logo\/image\/","url":"http:\/\/badiavinagres.com\/wp-content\/uploads\/2016\/03\/badiamenutransparente-4.png","contentUrl":"http:\/\/badiavinagres.com\/wp-content\/uploads\/2016\/03\/badiamenutransparente-4.png","width":117,"height":100,"caption":"Badia Vinagres - Castell de Gardeny"},"image":{"@id":"https:\/\/badiavinagres.com\/#\/schema\/logo\/image\/"},"sameAs":["https:\/\/www.facebook.com\/VinagresCastelldeGardeny","https:\/\/x.com\/CastellGardeny","https:\/\/www.instagram.com\/castelldegardeny_badiavinagres\/"]}]}},"_links":{"self":[{"href":"https:\/\/badiavinagres.com\/ca\/wp-json\/wp\/v2\/pages\/3645","targetHints":{"allow":["GET"]}}],"collection":[{"href":"https:\/\/badiavinagres.com\/ca\/wp-json\/wp\/v2\/pages"}],"about":[{"href":"https:\/\/badiavinagres.com\/ca\/wp-json\/wp\/v2\/types\/page"}],"author":[{"embeddable":true,"href":"https:\/\/badiavinagres.com\/ca\/wp-json\/wp\/v2\/users\/5"}],"replies":[{"embeddable":true,"href":"https:\/\/badiavinagres.com\/ca\/wp-json\/wp\/v2\/comments?post=3645"}],"version-history":[{"count":7,"href":"https:\/\/badiavinagres.com\/ca\/wp-json\/wp\/v2\/pages\/3645\/revisions"}],"predecessor-version":[{"id":5843,"href":"https:\/\/badiavinagres.com\/ca\/wp-json\/wp\/v2\/pages\/3645\/revisions\/5843"}],"wp:attachment":[{"href":"https:\/\/badiavinagres.com\/ca\/wp-json\/wp\/v2\/media?parent=3645"}],"curies":[{"name":"wp","href":"https:\/\/api.w.org\/{rel}","templated":true}]}}