{"id":3665,"date":"2016-04-14T14:14:56","date_gmt":"2016-04-14T14:14:56","guid":{"rendered":"http:\/\/badiavinagres.com?page_id=3665&#038;lang=ca"},"modified":"2026-03-18T19:12:16","modified_gmt":"2026-03-18T18:12:16","slug":"la-vinagreriacat","status":"publish","type":"page","link":"https:\/\/badiavinagres.com\/ca\/la-vinagreriacat","title":{"rendered":"La Vinagreria"},"content":{"rendered":"<section class=\"section  text-normal section-text-no-shadow section-inner-no-shadow section-normal section-transparent\"  >\n            <div class=\"background-media\" style=\"background-image: url(&#039;https:\/\/badiavinagres.com\/wp-content\/uploads\/2014\/12\/lavinagreriamesa-cortada.jpg&#039;); background-repeat:no-repeat; background-size:cover; background-attachment:no-scroll; background-position: 50% 0%;\" >\n                    <\/div>\n    \n    <div class=\"background-overlay grid-overlay-0 \" style=\"background-color: rgba(0,0,0,0.2);\"><\/div>\n\n    <div class=\"container-fullwidth container-vertical-middle\">\n        <div class=\"row vertical-middle\">\n            <div class=\"col-md-12     text-center small-screen-default\"  ><div class=\"divider-wrapper \" style=\"visibility:hidden;background-color:#FFFFFF\">\n    <div class=\"visible-xs\" style=\"height:50px;\"><\/div>\n    <div class=\"visible-sm\" style=\"height:50px;\"><\/div>\n    <div class=\"visible-md\" style=\"height:100px;\"><\/div>\n    <div class=\"visible-lg\" style=\"height:100px;\"><\/div>\n<\/div><h1 class=\"text-center  element-top-190 element-bottom-20 text-light os-animation bigger default\" data-os-animation=\"fadeIn\" data-os-animation-delay=\"0.1s\" >\n    La Vinagreria<\/h1><div class=\"col-text-1 text-normal  element-top-20 element-bottom-20 os-animation\" data-os-animation=\"fadeInUp\" data-os-animation-delay=\"0s\">\n    <p style=\"text-align: center; margin-top: 10px;\"><img decoding=\"async\" src=\"http:\/\/badiavinagres.com\/wp-content\/uploads\/2014\/12\/florengris.png\" width=\"100\" \/><\/p>\n<\/div>\n<div class=\"divider-wrapper \" style=\"visibility:hidden;background-color:#FFFFFF\">\n    <div class=\"visible-xs\" style=\"height:50px;\"><\/div>\n    <div class=\"visible-sm\" style=\"height:50px;\"><\/div>\n    <div class=\"visible-md\" style=\"height:100px;\"><\/div>\n    <div class=\"visible-lg\" style=\"height:100px;\"><\/div>\n<\/div><\/div>        <\/div>\n    <\/div>\n<\/section>\n<section class=\"section  text-normal section-text-no-shadow section-inner-no-shadow section-normal section-opaque\"  >\n    \n    <div class=\"background-overlay grid-overlay-0 \" style=\"background-color: rgba(0,0,0,0);\"><\/div>\n\n    <div class=\"container-fullwidth container-vertical-default\">\n        <div class=\"row vertical-default\">\n            <div class=\"col-md-2     text-center small-screen-default\"  ><\/div><div class=\"col-md-8     text-Default small-screen-default\"  ><h2 class=\"text-center  element-top-20 element-bottom-0 text-normal big default\" data-os-animation=\"none\" data-os-animation-delay=\"0s\" >\n    Endavant. No et quedis a la porta&#8230; Passa.<\/h2><h2 class=\"text-center  element-top-0 element-bottom-20 text-normal big default\" data-os-animation=\"none\" data-os-animation-delay=\"0s\" >\n    \u00a1Benvingut a la vinagreria!<\/h2><div class=\"col-text-1 text-normal  element-top-0 element-bottom-30\" data-os-animation=\"none\" data-os-animation-delay=\"0s\">\n    <p>Aqu\u00ed produ\u00efm, embotellem, etiquetem i finalment distribu\u00efm tots i cadascun dels nostres vinagres. \u00c9s un espai de treball, per\u00f2 tamb\u00e9 d&#8217;inspiraci\u00f3, de gaudi, de degustaci\u00f3, de reuni\u00f3&#8230;<\/p>\n<\/div>\n<div class=\"col-text-1 text-normal  element-top-30 element-bottom-0\" data-os-animation=\"none\" data-os-animation-delay=\"0s\">\n    <p style=\"text-align: left;\">A la vinagreria hi conviuen m\u00e0quines d&#8217;\u00faltima tecnologia amb peces antigues que hem heretat de la nostra fam\u00edlia i que conservem amb molt\u00edssim afecte. El resultat \u00e9s un lloc de contrastos en qu\u00e8 modernitat i tradici\u00f3 es donen la m\u00e0.<\/p>\n<\/div>\n<div class=\"col-text-1 text-normal  element-top-0 element-bottom-0\" data-os-animation=\"none\" data-os-animation-delay=\"0s\">\n    <p style=\"text-align: left;\">L&#8217;ambient de treball aqu\u00ed \u00e9s amable, proper i relaxat, perqu\u00e8 m\u00e9s que un equip som una fam\u00edlia. Cada un exercim una funci\u00f3, per\u00f2, com en totes les empreses petites, al final acabes fent una mica de tot&#8230; Qu\u00e8 hi farem!<\/p>\n<\/div>\n<div class=\"col-text-1 text-normal  element-top-0 element-bottom-30\" data-os-animation=\"none\" data-os-animation-delay=\"0s\">\n    <p style=\"text-align: left;\">I \u00e9s que mentre que altres empreses volen cr\u00e9ixer i fer-se grans, nosaltres volem ser petits. Perqu\u00e8 entenem que nom\u00e9s aix\u00ed podrem continuar sent feli\u00e7os treballant sense que la nostra producci\u00f3 es vegi condicionada per les vendes.<\/p>\n<\/div>\n<\/div><div class=\"col-md-2     text-default small-screen-default\"  ><\/div>        <\/div>\n    <\/div>\n<\/section>\n<section class=\"section  text-normal section-text-no-shadow section-inner-no-shadow section-normal section-opaque\"  >\n            <div class=\"background-media\" style=\"background-image: url(&#039;https:\/\/badiavinagres.com\/wp-content\/uploads\/2026\/03\/227_BADIA__MG_2975-1.jpg&#039;); background-repeat:no-repeat; background-size:cover; background-attachment:fixed; background-position: 50% 0%;\" data-start=\"background-position: 50% 0px\" data-0-top-bottom=\"background-position: 50% -80px\">\n                    <\/div>\n    \n    <div class=\"background-overlay grid-overlay-0 \" style=\"background-color: rgba(0,0,0,0.1);\"><\/div>\n\n    <div class=\"container-fullwidth container-vertical-default\">\n        <div class=\"row vertical-default\">\n            <div class=\"col-md-2     text-center small-screen-default\"  ><\/div><div class=\"col-md-8     text-center small-screen-default\"  ><div class=\"divider-wrapper \" style=\"visibility:hidden;background-color:#FFFFF\">\n    <div class=\"visible-xs\" style=\"height:300px;\"><\/div>\n    <div class=\"visible-sm\" style=\"height:300px;\"><\/div>\n    <div class=\"visible-md\" style=\"height:300px;\"><\/div>\n    <div class=\"visible-lg\" style=\"height:400px;\"><\/div>\n<\/div><\/div><div class=\"col-md-2     text-default small-screen-default\"  ><\/div>        <\/div>\n    <\/div>\n<\/section>\n<section class=\"section  text-normal section-text-no-shadow section-inner-no-shadow section-normal section-opaque\"  >\n    \n    <div class=\"background-overlay grid-overlay-0 \" style=\"background-color: rgba(0,0,0,0);\"><\/div>\n\n    <div class=\"container-fullwidth container-vertical-default\">\n        <div class=\"row vertical-default\">\n            <div class=\"col-md-1     hidden-sm hidden-xs text-Default small-screen-default\"  ><\/div><div class=\"col-md-6     text-center small-screen-default\"  ><h2 class=\"text-center  element-top-30 element-bottom-30 text-normal os-animation big default\" data-os-animation=\"fadeIn\" data-os-animation-delay=\"0s\" >\n    T&#8217;agradaria visitar la vinagreria?<\/h2><div class=\"col-text-1 text-normal  element-top-0 element-bottom-0 os-animation\" data-os-animation=\"fadeIn\" data-os-animation-delay=\"0.1s\">\n    <p>Omple el formulari i concertarem una visita. Esperem veure&#8217;t aviat per aqu\u00ed!<\/p>\n<p style=\"text-align: center; margin-top: 10px;\"><img loading=\"lazy\" decoding=\"async\" src=\"http:\/\/badiavinagres.com\/wp-content\/uploads\/2020\/05\/flor-black-hd.png\" width=\"80\" height=\"80\" \/><\/p>\n<\/div>\n<div class=\"col-text-1 text-normal  element-top-20 element-bottom-20\" data-os-animation=\"none\" data-os-animation-delay=\"0s\">\n    <div class=\"wpcf7 no-js\" id=\"wpcf7-f4178-o1\" lang=\"ca\" dir=\"ltr\" data-wpcf7-id=\"4178\">\n<div class=\"screen-reader-response\"><p role=\"status\" aria-live=\"polite\" aria-atomic=\"true\"><\/p> <ul><\/ul><\/div>\n<form action=\"\/ca\/wp-json\/wp\/v2\/pages\/3665#wpcf7-f4178-o1\" method=\"post\" class=\"wpcf7-form init\" aria-label=\"Formulari de contacte\" novalidate=\"novalidate\" data-status=\"init\">\n<fieldset class=\"hidden-fields-container\"><input type=\"hidden\" name=\"_wpcf7\" value=\"4178\" \/><input type=\"hidden\" name=\"_wpcf7_version\" value=\"6.1.5\" \/><input type=\"hidden\" name=\"_wpcf7_locale\" value=\"ca\" \/><input type=\"hidden\" name=\"_wpcf7_unit_tag\" value=\"wpcf7-f4178-o1\" \/><input type=\"hidden\" name=\"_wpcf7_container_post\" value=\"0\" \/><input type=\"hidden\" name=\"_wpcf7_posted_data_hash\" value=\"\" \/><input type=\"hidden\" name=\"_wpcf7_recaptcha_response\" value=\"\" \/>\n<\/fieldset>\n<p>El teu nom (obligatori)\n<\/p>\n<p><span class=\"wpcf7-form-control-wrap\" data-name=\"your-name\"><input size=\"40\" maxlength=\"400\" class=\"wpcf7-form-control wpcf7-text wpcf7-validates-as-required\" aria-required=\"true\" aria-invalid=\"false\" value=\"\" type=\"text\" name=\"your-name\" \/><\/span>\n<\/p>\n<p>El teu email (obligatori)\n<\/p>\n<p><span class=\"wpcf7-form-control-wrap\" data-name=\"your-email\"><input size=\"40\" maxlength=\"400\" class=\"wpcf7-form-control wpcf7-email wpcf7-validates-as-required wpcf7-text wpcf7-validates-as-email\" aria-required=\"true\" aria-invalid=\"false\" value=\"\" type=\"email\" name=\"your-email\" \/><\/span>\n<\/p>\n<p>Assumpte\n<\/p>\n<p><span class=\"wpcf7-form-control-wrap\" data-name=\"your-subject\"><input size=\"40\" maxlength=\"400\" class=\"wpcf7-form-control wpcf7-text\" aria-invalid=\"false\" value=\"\" type=\"text\" name=\"your-subject\" \/><\/span>\n<\/p>\n<p>El teu missatge\n<\/p>\n<p><span class=\"wpcf7-form-control-wrap\" data-name=\"your-message\"><textarea cols=\"40\" rows=\"10\" maxlength=\"2000\" class=\"wpcf7-form-control wpcf7-textarea\" aria-invalid=\"false\" name=\"your-message\"><\/textarea><\/span>\n<\/p>\n\n<p><input class=\"wpcf7-form-control wpcf7-submit has-spinner\" type=\"submit\" value=\"Enviar\" \/>\n<\/p><input type='hidden' class='wpcf7-pum' value='{\"closepopup\":false,\"closedelay\":0,\"openpopup\":false,\"openpopup_id\":0}' \/><div class=\"wpcf7-response-output\" aria-hidden=\"true\"><\/div>\n<\/form>\n<\/div>\n<\/div>\n<\/div><div class=\"col-md-5     text-default small-screen-default\"  ><div class=\"col-text-1 text-normal  element-top-20 element-bottom-20\" data-os-animation=\"none\" data-os-animation-delay=\"0s\">\n    <p style=\"text-align: center;\">Coordenades: <a href=\"https:\/\/goo.gl\/maps\/FmUsyyVnfwr\">Carrer Arag\u00f3, 4 <\/a><br \/>\n41\u00b037&#8217;51.1&#8243;N 0\u00b053&#8217;29.6&#8243;E<\/p>\n<\/div>\n[vc_raw_html]JTNDZGl2JTIwc3R5bGUlM0QlMjItd2Via2l0LWZpbHRlciUzQSUyMGdyYXlzY2FsZSUyODEwMCUyNSUyOSUzQiUwQWZpbHRlciUzQSUyMGdyYXlzY2FsZSUyODEwMCUyNSUyOSUzQiUyMiUzRSUwQSUzQ2lmcmFtZSUyMHNyYyUzRCUyMmh0dHBzJTNBJTJGJTJGd3d3Lmdvb2dsZS5jb20lMkZtYXBzJTJGZW1iZWQlM0ZwYiUzRCUyMTFtMTQlMjExbTglMjExbTMlMjExZDI5ODIuMTUwOTY5NDE4ODk2NyUyMTJkMC44ODkzNTg3JTIxM2Q0MS42MzA4NjgxJTIxM20yJTIxMWkxMDI0JTIxMmk3NjglMjE0ZjEzLjElMjEzbTMlMjExbTIlMjExczB4MTJhNmVhZGI4ODhjMTg3ZCUyNTNBMHg0MjQ2NDliNzgxYzNjYzgwJTIxMnNDYXJyZXIlMkJBcmFnJTI1QzMlMjVCMyUyNTJDJTJCNCUyNTJDJTJCMjUyMzAlMkJNb2xsZXJ1c3NhJTI1MkMlMkJMbGVpZGElMjE1ZTAlMjEzbTIlMjExc2VzJTIxMnNlcyUyMTR2MTQ2MDM4OTAyODM4OCUyMiUyMHdpZHRoJTNEJTIyNjAwJTIyJTIwaGVpZ2h0JTNEJTIyNjAwJTIyJTIwZnJhbWVib3JkZXIlM0QlMjIwJTIyJTIwc3R5bGUlM0QlMjJib3JkZXIlM0EwJTIyJTIwYWxsb3dmdWxsc2NyZWVuJTNFJTNDJTJGaWZyYW1lJTNF[\/vc_raw_html]<\/div>        <\/div>\n    <\/div>\n<\/section>\n<section class=\"section  hidden-sm hidden-xs text-normal section-text-no-shadow section-inner-no-shadow section-normal section-opaque\"  >\n            <div class=\"background-media\" style=\"background-image: url(&#039;https:\/\/badiavinagres.com\/wp-content\/uploads\/2014\/12\/sen\u0303alalavinagreria.jpg&#039;); background-repeat:no-repeat; background-size:cover; background-attachment:fixed; background-position: 50% 0%;\" data-start=\"background-position: 50% 0px\" data-0-top-bottom=\"background-position: 50% -80px\">\n                    <\/div>\n    \n    <div class=\"background-overlay grid-overlay-0 \" style=\"background-color: rgba(0,0,0,0);\"><\/div>\n\n    <div class=\"container-fullwidth container-vertical-default\">\n        <div class=\"row vertical-default\">\n            <div class=\"col-md-2     text-center small-screen-default\"  ><\/div><div class=\"col-md-8     text-center small-screen-default\"  ><div class=\"divider-wrapper \" style=\"visibility:hidden;background-color:#FFFFF\">\n    <div class=\"visible-xs\" style=\"height:300px;\"><\/div>\n    <div class=\"visible-sm\" style=\"height:300px;\"><\/div>\n    <div class=\"visible-md\" style=\"height:500px;\"><\/div>\n    <div class=\"visible-lg\" style=\"height:500px;\"><\/div>\n<\/div><\/div><div class=\"col-md-2     text-default small-screen-default\"  ><\/div>        <\/div>\n    <\/div>\n<\/section>\n","protected":false},"excerpt":{"rendered":"La Vinagreria Endavant. No et quedis a la porta... Passa. \u00a1Benvingut a la vinagreria! Aqu\u00ed produ\u00efm, embotellem, etiquetem i finalment distribu\u00efm tots i cadascun dels nostres vinagres. \u00c9s un espai de treball, per\u00f2 tamb\u00e9 d'inspiraci\u00f3, de gaudi, de degustaci\u00f3, de reuni\u00f3... A la vinagreria hi conviuen m\u00e0quines d'\u00faltima tecnologia amb peces antigues que hem heretat","protected":false},"author":5,"featured_media":0,"parent":0,"menu_order":0,"comment_status":"open","ping_status":"closed","template":"","meta":{"footnotes":""},"class_list":["post-3665","page","type-page","status-publish","hentry"],"yoast_head":"<!-- This site is optimized with the Yoast SEO plugin v27.2 - https:\/\/yoast.com\/product\/yoast-seo-wordpress\/ -->\n<title>La Vinagreria &#8211; Badia Vinagres<\/title>\n<meta name=\"description\" content=\"Un dels llocs m\u00e9s bonics de la nostra f\u00e0brica : La vinagreria de Badia Vinagres. Fora del com\u00fa i amb molt d&#039;estil. Vols con\u00e8ixer?\" \/>\n<meta name=\"robots\" content=\"index, follow, max-snippet:-1, max-image-preview:large, max-video-preview:-1\" \/>\n<link rel=\"canonical\" href=\"https:\/\/badiavinagres.com\/ca\/la-vinagreriacat\" \/>\n<meta property=\"og:locale\" content=\"ca_ES\" \/>\n<meta property=\"og:type\" content=\"article\" \/>\n<meta property=\"og:title\" content=\"La Vinagreria &#8211; Badia Vinagres\" \/>\n<meta property=\"og:description\" content=\"Un dels llocs m\u00e9s bonics de la nostra f\u00e0brica : La vinagreria de Badia Vinagres. Fora del com\u00fa i amb molt d&#039;estil. Vols con\u00e8ixer?\" \/>\n<meta property=\"og:url\" content=\"https:\/\/badiavinagres.com\/ca\/la-vinagreriacat\" \/>\n<meta property=\"og:site_name\" content=\"Badia Vinagres\" \/>\n<meta property=\"article:publisher\" content=\"https:\/\/www.facebook.com\/VinagresCastelldeGardeny\" \/>\n<meta property=\"article:modified_time\" content=\"2026-03-18T18:12:16+00:00\" \/>\n<meta property=\"og:image\" content=\"http:\/\/badiavinagres.com\/wp-content\/uploads\/2014\/12\/florengris.png\" \/>\n<meta name=\"twitter:card\" content=\"summary_large_image\" \/>\n<meta name=\"twitter:site\" content=\"@CastellGardeny\" \/>\n<meta name=\"twitter:label1\" content=\"Temps estimat de lectura\" \/>\n\t<meta name=\"twitter:data1\" content=\"2 minuts\" \/>\n<script type=\"application\/ld+json\" class=\"yoast-schema-graph\">{\"@context\":\"https:\/\/schema.org\",\"@graph\":[{\"@type\":\"WebPage\",\"@id\":\"https:\/\/badiavinagres.com\/ca\/la-vinagreriacat\",\"url\":\"https:\/\/badiavinagres.com\/ca\/la-vinagreriacat\",\"name\":\"La Vinagreria &#8211; Badia Vinagres\",\"isPartOf\":{\"@id\":\"https:\/\/badiavinagres.com\/#website\"},\"primaryImageOfPage\":{\"@id\":\"https:\/\/badiavinagres.com\/ca\/la-vinagreriacat#primaryimage\"},\"image\":{\"@id\":\"https:\/\/badiavinagres.com\/ca\/la-vinagreriacat#primaryimage\"},\"thumbnailUrl\":\"http:\/\/badiavinagres.com\/wp-content\/uploads\/2014\/12\/florengris.png\",\"datePublished\":\"2016-04-14T14:14:56+00:00\",\"dateModified\":\"2026-03-18T18:12:16+00:00\",\"description\":\"Un dels llocs m\u00e9s bonics de la nostra f\u00e0brica : La vinagreria de Badia Vinagres. Fora del com\u00fa i amb molt d'estil. Vols con\u00e8ixer?\",\"breadcrumb\":{\"@id\":\"https:\/\/badiavinagres.com\/ca\/la-vinagreriacat#breadcrumb\"},\"inLanguage\":\"ca\",\"potentialAction\":[{\"@type\":\"ReadAction\",\"target\":[\"https:\/\/badiavinagres.com\/ca\/la-vinagreriacat\"]}]},{\"@type\":\"ImageObject\",\"inLanguage\":\"ca\",\"@id\":\"https:\/\/badiavinagres.com\/ca\/la-vinagreriacat#primaryimage\",\"url\":\"http:\/\/badiavinagres.com\/wp-content\/uploads\/2014\/12\/florengris.png\",\"contentUrl\":\"http:\/\/badiavinagres.com\/wp-content\/uploads\/2014\/12\/florengris.png\"},{\"@type\":\"BreadcrumbList\",\"@id\":\"https:\/\/badiavinagres.com\/ca\/la-vinagreriacat#breadcrumb\",\"itemListElement\":[{\"@type\":\"ListItem\",\"position\":1,\"name\":\"Portada\",\"item\":\"https:\/\/badiavinagres.com\/\"},{\"@type\":\"ListItem\",\"position\":2,\"name\":\"La Vinagreria\"}]},{\"@type\":\"WebSite\",\"@id\":\"https:\/\/badiavinagres.com\/#website\",\"url\":\"https:\/\/badiavinagres.com\/\",\"name\":\"Badia Vinagres\",\"description\":\"Mestres vinagrers des de 1908\",\"publisher\":{\"@id\":\"https:\/\/badiavinagres.com\/#organization\"},\"potentialAction\":[{\"@type\":\"SearchAction\",\"target\":{\"@type\":\"EntryPoint\",\"urlTemplate\":\"https:\/\/badiavinagres.com\/?s={search_term_string}\"},\"query-input\":{\"@type\":\"PropertyValueSpecification\",\"valueRequired\":true,\"valueName\":\"search_term_string\"}}],\"inLanguage\":\"ca\"},{\"@type\":\"Organization\",\"@id\":\"https:\/\/badiavinagres.com\/#organization\",\"name\":\"Badia Vinagres - Castell de Gardeny\",\"url\":\"https:\/\/badiavinagres.com\/\",\"logo\":{\"@type\":\"ImageObject\",\"inLanguage\":\"ca\",\"@id\":\"https:\/\/badiavinagres.com\/#\/schema\/logo\/image\/\",\"url\":\"http:\/\/badiavinagres.com\/wp-content\/uploads\/2016\/03\/badiamenutransparente-4.png\",\"contentUrl\":\"http:\/\/badiavinagres.com\/wp-content\/uploads\/2016\/03\/badiamenutransparente-4.png\",\"width\":117,\"height\":100,\"caption\":\"Badia Vinagres - Castell de Gardeny\"},\"image\":{\"@id\":\"https:\/\/badiavinagres.com\/#\/schema\/logo\/image\/\"},\"sameAs\":[\"https:\/\/www.facebook.com\/VinagresCastelldeGardeny\",\"https:\/\/x.com\/CastellGardeny\",\"https:\/\/www.instagram.com\/castelldegardeny_badiavinagres\/\"]}]}<\/script>\n<!-- \/ Yoast SEO plugin. -->","yoast_head_json":{"title":"La Vinagreria &#8211; Badia Vinagres","description":"Un dels llocs m\u00e9s bonics de la nostra f\u00e0brica : La vinagreria de Badia Vinagres. Fora del com\u00fa i amb molt d'estil. Vols con\u00e8ixer?","robots":{"index":"index","follow":"follow","max-snippet":"max-snippet:-1","max-image-preview":"max-image-preview:large","max-video-preview":"max-video-preview:-1"},"canonical":"https:\/\/badiavinagres.com\/ca\/la-vinagreriacat","og_locale":"ca_ES","og_type":"article","og_title":"La Vinagreria &#8211; Badia Vinagres","og_description":"Un dels llocs m\u00e9s bonics de la nostra f\u00e0brica : La vinagreria de Badia Vinagres. Fora del com\u00fa i amb molt d'estil. Vols con\u00e8ixer?","og_url":"https:\/\/badiavinagres.com\/ca\/la-vinagreriacat","og_site_name":"Badia Vinagres","article_publisher":"https:\/\/www.facebook.com\/VinagresCastelldeGardeny","article_modified_time":"2026-03-18T18:12:16+00:00","og_image":[{"url":"http:\/\/badiavinagres.com\/wp-content\/uploads\/2014\/12\/florengris.png","type":"","width":"","height":""}],"twitter_card":"summary_large_image","twitter_site":"@CastellGardeny","twitter_misc":{"Temps estimat de lectura":"2 minuts"},"schema":{"@context":"https:\/\/schema.org","@graph":[{"@type":"WebPage","@id":"https:\/\/badiavinagres.com\/ca\/la-vinagreriacat","url":"https:\/\/badiavinagres.com\/ca\/la-vinagreriacat","name":"La Vinagreria &#8211; Badia Vinagres","isPartOf":{"@id":"https:\/\/badiavinagres.com\/#website"},"primaryImageOfPage":{"@id":"https:\/\/badiavinagres.com\/ca\/la-vinagreriacat#primaryimage"},"image":{"@id":"https:\/\/badiavinagres.com\/ca\/la-vinagreriacat#primaryimage"},"thumbnailUrl":"http:\/\/badiavinagres.com\/wp-content\/uploads\/2014\/12\/florengris.png","datePublished":"2016-04-14T14:14:56+00:00","dateModified":"2026-03-18T18:12:16+00:00","description":"Un dels llocs m\u00e9s bonics de la nostra f\u00e0brica : La vinagreria de Badia Vinagres. Fora del com\u00fa i amb molt d'estil. Vols con\u00e8ixer?","breadcrumb":{"@id":"https:\/\/badiavinagres.com\/ca\/la-vinagreriacat#breadcrumb"},"inLanguage":"ca","potentialAction":[{"@type":"ReadAction","target":["https:\/\/badiavinagres.com\/ca\/la-vinagreriacat"]}]},{"@type":"ImageObject","inLanguage":"ca","@id":"https:\/\/badiavinagres.com\/ca\/la-vinagreriacat#primaryimage","url":"http:\/\/badiavinagres.com\/wp-content\/uploads\/2014\/12\/florengris.png","contentUrl":"http:\/\/badiavinagres.com\/wp-content\/uploads\/2014\/12\/florengris.png"},{"@type":"BreadcrumbList","@id":"https:\/\/badiavinagres.com\/ca\/la-vinagreriacat#breadcrumb","itemListElement":[{"@type":"ListItem","position":1,"name":"Portada","item":"https:\/\/badiavinagres.com\/"},{"@type":"ListItem","position":2,"name":"La Vinagreria"}]},{"@type":"WebSite","@id":"https:\/\/badiavinagres.com\/#website","url":"https:\/\/badiavinagres.com\/","name":"Badia Vinagres","description":"Mestres vinagrers des de 1908","publisher":{"@id":"https:\/\/badiavinagres.com\/#organization"},"potentialAction":[{"@type":"SearchAction","target":{"@type":"EntryPoint","urlTemplate":"https:\/\/badiavinagres.com\/?s={search_term_string}"},"query-input":{"@type":"PropertyValueSpecification","valueRequired":true,"valueName":"search_term_string"}}],"inLanguage":"ca"},{"@type":"Organization","@id":"https:\/\/badiavinagres.com\/#organization","name":"Badia Vinagres - Castell de Gardeny","url":"https:\/\/badiavinagres.com\/","logo":{"@type":"ImageObject","inLanguage":"ca","@id":"https:\/\/badiavinagres.com\/#\/schema\/logo\/image\/","url":"http:\/\/badiavinagres.com\/wp-content\/uploads\/2016\/03\/badiamenutransparente-4.png","contentUrl":"http:\/\/badiavinagres.com\/wp-content\/uploads\/2016\/03\/badiamenutransparente-4.png","width":117,"height":100,"caption":"Badia Vinagres - Castell de Gardeny"},"image":{"@id":"https:\/\/badiavinagres.com\/#\/schema\/logo\/image\/"},"sameAs":["https:\/\/www.facebook.com\/VinagresCastelldeGardeny","https:\/\/x.com\/CastellGardeny","https:\/\/www.instagram.com\/castelldegardeny_badiavinagres\/"]}]}},"_links":{"self":[{"href":"https:\/\/badiavinagres.com\/ca\/wp-json\/wp\/v2\/pages\/3665","targetHints":{"allow":["GET"]}}],"collection":[{"href":"https:\/\/badiavinagres.com\/ca\/wp-json\/wp\/v2\/pages"}],"about":[{"href":"https:\/\/badiavinagres.com\/ca\/wp-json\/wp\/v2\/types\/page"}],"author":[{"embeddable":true,"href":"https:\/\/badiavinagres.com\/ca\/wp-json\/wp\/v2\/users\/5"}],"replies":[{"embeddable":true,"href":"https:\/\/badiavinagres.com\/ca\/wp-json\/wp\/v2\/comments?post=3665"}],"version-history":[{"count":13,"href":"https:\/\/badiavinagres.com\/ca\/wp-json\/wp\/v2\/pages\/3665\/revisions"}],"predecessor-version":[{"id":9757,"href":"https:\/\/badiavinagres.com\/ca\/wp-json\/wp\/v2\/pages\/3665\/revisions\/9757"}],"wp:attachment":[{"href":"https:\/\/badiavinagres.com\/ca\/wp-json\/wp\/v2\/media?parent=3665"}],"curies":[{"name":"wp","href":"https:\/\/api.w.org\/{rel}","templated":true}]}}