{"id":4040,"date":"2016-06-01T15:26:03","date_gmt":"2016-06-01T15:26:03","guid":{"rendered":"http:\/\/badiavinagres.com\/fr\/?page_id=4040"},"modified":"2026-03-18T19:09:01","modified_gmt":"2026-03-18T18:09:01","slug":"quienes-somos","status":"publish","type":"page","link":"https:\/\/badiavinagres.com\/fr\/quienes-somos","title":{"rendered":"Qui sommes nous"},"content":{"rendered":"<section class=\"section  text-normal section-text-no-shadow section-inner-no-shadow section-normal section-opaque\"  >\n            <div class=\"background-media\" style=\"background-image: url(&#039;https:\/\/badiavinagres.com\/wp-content\/uploads\/2023\/05\/WhatsApp-Image-2023-05-04-at-17.08.25.jpeg&#039;); background-repeat:no-repeat; background-size:cover; background-attachment:no-scroll; background-position: 50% 30%;\" >\n                    <\/div>\n    \n    <div class=\"background-overlay grid-overlay-0 \" style=\"background-color: rgba(0,0,0,0.3);\"><\/div>\n\n    <div class=\"container-fullwidth container-vertical-default\">\n        <div class=\"row vertical-default\">\n            <div class=\"col-md-12     text-center small-screen-default\"  ><div class=\"divider-wrapper \" style=\"visibility:hidden;background-color:#FFFFFF\">\n    <div class=\"visible-xs\" style=\"height:50px;\"><\/div>\n    <div class=\"visible-sm\" style=\"height:50px;\"><\/div>\n    <div class=\"visible-md\" style=\"height:100px;\"><\/div>\n    <div class=\"visible-lg\" style=\"height:100px;\"><\/div>\n<\/div><h1 class=\"text-center  element-top-190 element-bottom-20 text-light os-animation bigger default\" data-os-animation=\"fadeIn\" data-os-animation-delay=\"0.1s\" >\n    Le vinaigre coule dans nos veines<\/h1><div class=\"col-text-1 text-normal  element-top-20 element-bottom-20 os-animation\" data-os-animation=\"fadeInUp\" data-os-animation-delay=\"0s\">\n    <p style=\"text-align: center; margin-top: 10px;\"><img decoding=\"async\" src=\"http:\/\/badiavinagres.com\/wp-content\/uploads\/2014\/12\/florengris.png\" width=\"100\" \/><\/p>\n<\/div>\n<div class=\"divider-wrapper \" style=\"visibility:hidden;background-color:#FFFFFF\">\n    <div class=\"visible-xs\" style=\"height:50px;\"><\/div>\n    <div class=\"visible-sm\" style=\"height:50px;\"><\/div>\n    <div class=\"visible-md\" style=\"height:100px;\"><\/div>\n    <div class=\"visible-lg\" style=\"height:100px;\"><\/div>\n<\/div><\/div>        <\/div>\n    <\/div>\n<\/section>\n<section class=\"section  text-normal section-text-no-shadow section-inner-no-shadow section-normal section-opaque\"  >\n    \n    <div class=\"background-overlay grid-overlay-0 \" style=\"background-color: rgba(0,0,0,0);\"><\/div>\n\n    <div class=\"container container-vertical-default\">\n        <div class=\"row vertical-default\">\n            <div class=\"col-md-2     text-default small-screen-default\"  ><\/div><div class=\"col-md-8     text-default small-screen-default\"  ><div class=\"col-text-1 text-normal  element-top-20 element-bottom-20\" data-os-animation=\"none\" data-os-animation-delay=\"0s\">\n    <p style=\"text-align: left;\">Nous sommes une entreprise familiale et centenaire consacr\u00e9e corps et \u00e2me \u00e0 la production de vinaigres artisanaux de qualit\u00e9 maximale. Ce que nous faisons nous passionne et c\u2019est pour cela que nous le faisons avec le sourire.<\/p>\n<p style=\"text-align: left;\">Depuis que notre trisa\u00efeul a fond\u00e9 l\u2019entreprise, nous sommes d\u00e9j\u00e0 cinq g\u00e9n\u00e9rations \u00e0 avoir pari\u00e9 pour la continuit\u00e9 de ce grand produit qui loin de stagner, vit un bon moment.<\/p>\n<p style=\"text-align: left;\">Notre mani\u00e8re de travailler est le r\u00e9sultat de la combinaison de l\u2019h\u00e9ritage de plus d\u2019un si\u00e8cle d\u2019exp\u00e9rience artisanale avec l\u2019investissement en la plus haute technologie de pointe, perfectionnant ainsi au quotidien nos syst\u00e8mes de production.<\/p>\n<p style=\"text-align: left;\">Seulement ainsi, nous avons r\u00e9ussi \u00e0 \u00e9largir notre catalogue en offrant de nouveaux produits qui s\u00e8ment de la joie, d\u00e9bordent d\u2019enthousiasme* et promeuvent le bien manger.<\/p>\n<p>On pourrait dire que le vinaigre coule dans nos veines\u2026<\/p>\n<p style=\"text-align: center; margin-top: 10px;\"><img loading=\"lazy\" decoding=\"async\" src=\"http:\/\/badiavinagres.com\/wp-content\/uploads\/2020\/05\/flor-black-hd.png\" width=\"80\" height=\"80\" \/><\/p>\n<\/div>\n<hr class=\" element-top-20 element-bottom-20\" data-os-animation=\"none\" data-os-animation-delay=\"0s\"><\/div><div class=\"col-md-2     text-default small-screen-default\"  ><\/div>        <\/div>\n    <\/div>\n<\/section>\n<section class=\"section  text-normal section-text-no-shadow section-inner-no-shadow section-normal section-opaque\"  >\n    \n    <div class=\"background-overlay grid-overlay-0 \" style=\"background-color: rgba(0,0,0,0);\"><\/div>\n\n    <div class=\"container container-vertical-default\">\n        <div class=\"row vertical-default\">\n            <div class=\"col-md-4     text-center small-screen-center col-border-left\"  style=\"background:rgba(219, 210, 210, 0);\"><div class=\"figure element-top-0 element-bottom-10 image-effect-zoom-in  os-animation\" data-os-animation=\"fadeInDown\" data-os-animation-delay=\"0s\">\n            <a href=\"\/fr\/selectionnes-un-bon-vin\" class=\"figure-image \" target=\"_self\">\n        <img loading=\"lazy\" decoding=\"async\" width=\"364\" height=\"244\" src=\"https:\/\/badiavinagres.com\/wp-content\/uploads\/2014\/12\/delbuenvino-1.jpg\" class=\"attachment-full size-full\" alt=\"\" srcset=\"https:\/\/badiavinagres.com\/wp-content\/uploads\/2014\/12\/delbuenvino-1.jpg 364w, https:\/\/badiavinagres.com\/wp-content\/uploads\/2014\/12\/delbuenvino-1-300x201.jpg 300w\" sizes=\"auto, (max-width: 364px) 100vw, 364px\" \/>            <\/a>\n    <\/div>\n<div class=\"col-text-1 text-normal  element-top-10 element-bottom-0 os-animation\" data-os-animation=\"fadeInDown\" data-os-animation-delay=\"0s\">\n    <p style=\"font-size: 135%; font-family: dancing script; color: black;\"><a href=\"https:\/\/badiavinagres.com\/fr\/selectionnes-un-bon-vin\">D\u2019un bon vin sort un bon vinaigre<\/a><\/p>\n<\/div>\n<div class=\"col-text-1 text-normal  element-top-20 element-bottom-20\" data-os-animation=\"none\" data-os-animation-delay=\"0s\">\n    <p style=\"font-size: 12px; font-family: muli; color: black; text-align: justify;\">Selon notre mani\u00e8re de voir les choses, c\u2019est seulement gr\u00e2ce \u00e0 la meilleure mati\u00e8re premi\u00e8re obtenue du champ que nous pouvons offrir les meilleurs produits sur la table.<\/p>\n<\/div>\n<\/div><div class=\"col-md-4     text-center small-screen-default\"  ><div class=\"figure element-top-0 element-bottom-10 image-effect-zoom-in  os-animation\" data-os-animation=\"fadeInDown\" data-os-animation-delay=\"0s\">\n            <a href=\"\/fr\/5-generaciones-badia\" class=\"figure-image \" target=\"_self\">\n        <img loading=\"lazy\" decoding=\"async\" width=\"364\" height=\"244\" src=\"https:\/\/badiavinagres.com\/wp-content\/uploads\/2014\/12\/lastias.jpg\" class=\"attachment-full size-full\" alt=\"\" srcset=\"https:\/\/badiavinagres.com\/wp-content\/uploads\/2014\/12\/lastias.jpg 364w, https:\/\/badiavinagres.com\/wp-content\/uploads\/2014\/12\/lastias-300x201.jpg 300w\" sizes=\"auto, (max-width: 364px) 100vw, 364px\" \/>            <\/a>\n    <\/div>\n<div class=\"col-text-1 text-normal  element-top-10 element-bottom-0 os-animation\" data-os-animation=\"fadeInDown\" data-os-animation-delay=\"0s\">\n    <p style=\"font-size: 135%; font-family: dancing script; color: black;\"><a href=\"https:\/\/badiavinagres.com\/fr\/5-generaciones-badia\">5 g\u00e9n\u00e9rations Badia \u00e0 la t\u00eate de l\u2019entreprise<\/a><\/p>\n<\/div>\n<div class=\"col-text-1 text-normal  element-top-20 element-bottom-20\" data-os-animation=\"none\" data-os-animation-delay=\"0s\">\n    <p style=\"font-size: 12px; font-family: muli; color: black; text-align: justify;\">Dans notre histoire il y a beaucoup de pers\u00e9v\u00e9rance, il y a de l\u2019instinct, il y a de l\u2019enthousiasme, de l\u2019effort, de la connaissance \u2013 il y a bien s\u00fbr des erreurs \u2013 mais il y a surtout de l\u2019h\u00e9ritage.<\/p>\n<\/div>\n<\/div><div class=\"col-md-4     text-center small-screen-default\"  ><div class=\"figure element-top-0 element-bottom-10 image-effect-zoom-in  os-animation\" data-os-animation=\"fadeInDown\" data-os-animation-delay=\"0s\">\n            <a href=\"\/fr\/nuestro-proceso-de-produccion\" class=\"figure-image \" target=\"_self\">\n        <img loading=\"lazy\" decoding=\"async\" width=\"364\" height=\"244\" src=\"https:\/\/badiavinagres.com\/wp-content\/uploads\/2014\/12\/maredelvinagre-.jpg\" class=\"attachment-full size-full\" alt=\"\" srcset=\"https:\/\/badiavinagres.com\/wp-content\/uploads\/2014\/12\/maredelvinagre-.jpg 364w, https:\/\/badiavinagres.com\/wp-content\/uploads\/2014\/12\/maredelvinagre--300x201.jpg 300w\" sizes=\"auto, (max-width: 364px) 100vw, 364px\" \/>            <\/a>\n    <\/div>\n<div class=\"col-text-1 text-normal  element-top-10 element-bottom-0 os-animation\" data-os-animation=\"fadeInDown\" data-os-animation-delay=\"0s\">\n    <p style=\"font-size: 135%; font-family: dancing script; color: black;\"><a href=\"https:\/\/badiavinagres.com\/fr\/nuestro-proceso-de-produccion\">Notre proc\u00e9d\u00e9 de production<\/a><\/p>\n<\/div>\n<div class=\"col-text-1 text-normal  element-top-20 element-bottom-20\" data-os-animation=\"none\" data-os-animation-delay=\"0s\">\n    <p style=\"font-size: 12px; font-family: muli; color: black; text-align: justify;\">Face aux syst\u00e8mes de fermentation industriels et rapides pour \u00e9laborer des vinaigres, chez Badia Vinaigres nous avons choisi une m\u00e9thode traditionnelle ayant pr\u00e8s de 200 ans d\u2019application.<\/p>\n<\/div>\n<\/div>        <\/div>\n    <\/div>\n<\/section>\n","protected":false},"excerpt":{"rendered":"Le vinaigre coule dans nos veines Nous sommes une entreprise familiale et centenaire consacr\u00e9e corps et \u00e2me \u00e0 la production de vinaigres artisanaux de qualit\u00e9 maximale. Ce que nous faisons nous passionne et c\u2019est pour cela que nous le faisons avec le sourire. Depuis que notre trisa\u00efeul a fond\u00e9 l\u2019entreprise, nous sommes d\u00e9j\u00e0 cinq g\u00e9n\u00e9rations","protected":false},"author":5,"featured_media":0,"parent":0,"menu_order":0,"comment_status":"open","ping_status":"closed","template":"","meta":{"footnotes":""},"class_list":["post-4040","page","type-page","status-publish","hentry"],"yoast_head":"<!-- This site is optimized with the Yoast SEO plugin v27.4 - https:\/\/yoast.com\/product\/yoast-seo-wordpress\/ -->\n<title>Qui sommes nous &#8211; Badia Vinaigres<\/title>\n<meta name=\"description\" content=\"Le vinaigre coule dans nos veines ! D\u00e9couvrez qui sommes nous et parce que nous avons cette passion pour le vinaigre\" \/>\n<meta name=\"robots\" content=\"index, follow, max-snippet:-1, max-image-preview:large, max-video-preview:-1\" \/>\n<link rel=\"canonical\" href=\"https:\/\/badiavinagres.com\/fr\/quienes-somos\" \/>\n<meta property=\"og:locale\" content=\"fr_FR\" \/>\n<meta property=\"og:type\" content=\"article\" \/>\n<meta property=\"og:title\" content=\"Qui sommes nous &#8211; Badia Vinaigres\" \/>\n<meta property=\"og:description\" content=\"Le vinaigre coule dans nos veines ! D\u00e9couvrez qui sommes nous et parce que nous avons cette passion pour le vinaigre\" \/>\n<meta property=\"og:url\" content=\"https:\/\/badiavinagres.com\/fr\/quienes-somos\" \/>\n<meta property=\"og:site_name\" content=\"Badia Vinaigres\" \/>\n<meta property=\"article:publisher\" content=\"https:\/\/www.facebook.com\/VinagresCastelldeGardeny\" \/>\n<meta property=\"article:modified_time\" content=\"2026-03-18T18:09:01+00:00\" \/>\n<meta property=\"og:image\" content=\"http:\/\/badiavinagres.com\/wp-content\/uploads\/2014\/12\/florengris.png\" \/>\n<meta name=\"twitter:card\" content=\"summary_large_image\" \/>\n<meta name=\"twitter:site\" content=\"@CastellGardeny\" \/>\n<meta name=\"twitter:label1\" content=\"Dur\u00e9e de lecture estim\u00e9e\" \/>\n\t<meta name=\"twitter:data1\" content=\"2 minutes\" \/>\n<script type=\"application\/ld+json\" class=\"yoast-schema-graph\">{\"@context\":\"https:\\\/\\\/schema.org\",\"@graph\":[{\"@type\":\"WebPage\",\"@id\":\"https:\\\/\\\/badiavinagres.com\\\/fr\\\/quienes-somos\",\"url\":\"https:\\\/\\\/badiavinagres.com\\\/fr\\\/quienes-somos\",\"name\":\"Qui sommes nous &#8211; Badia Vinaigres\",\"isPartOf\":{\"@id\":\"https:\\\/\\\/badiavinagres.com\\\/#website\"},\"primaryImageOfPage\":{\"@id\":\"https:\\\/\\\/badiavinagres.com\\\/fr\\\/quienes-somos#primaryimage\"},\"image\":{\"@id\":\"https:\\\/\\\/badiavinagres.com\\\/fr\\\/quienes-somos#primaryimage\"},\"thumbnailUrl\":\"http:\\\/\\\/badiavinagres.com\\\/wp-content\\\/uploads\\\/2014\\\/12\\\/florengris.png\",\"datePublished\":\"2016-06-01T15:26:03+00:00\",\"dateModified\":\"2026-03-18T18:09:01+00:00\",\"description\":\"Le vinaigre coule dans nos veines ! D\u00e9couvrez qui sommes nous et parce que nous avons cette passion pour le vinaigre\",\"breadcrumb\":{\"@id\":\"https:\\\/\\\/badiavinagres.com\\\/fr\\\/quienes-somos#breadcrumb\"},\"inLanguage\":\"fr-FR\",\"potentialAction\":[{\"@type\":\"ReadAction\",\"target\":[\"https:\\\/\\\/badiavinagres.com\\\/fr\\\/quienes-somos\"]}]},{\"@type\":\"ImageObject\",\"inLanguage\":\"fr-FR\",\"@id\":\"https:\\\/\\\/badiavinagres.com\\\/fr\\\/quienes-somos#primaryimage\",\"url\":\"http:\\\/\\\/badiavinagres.com\\\/wp-content\\\/uploads\\\/2014\\\/12\\\/florengris.png\",\"contentUrl\":\"http:\\\/\\\/badiavinagres.com\\\/wp-content\\\/uploads\\\/2014\\\/12\\\/florengris.png\"},{\"@type\":\"BreadcrumbList\",\"@id\":\"https:\\\/\\\/badiavinagres.com\\\/fr\\\/quienes-somos#breadcrumb\",\"itemListElement\":[{\"@type\":\"ListItem\",\"position\":1,\"name\":\"Portada\",\"item\":\"https:\\\/\\\/badiavinagres.com\\\/fr\"},{\"@type\":\"ListItem\",\"position\":2,\"name\":\"Qui sommes nous\"}]},{\"@type\":\"WebSite\",\"@id\":\"https:\\\/\\\/badiavinagres.com\\\/#website\",\"url\":\"https:\\\/\\\/badiavinagres.com\\\/\",\"name\":\"Badia Vinaigres\",\"description\":\"Ma\u00eetres vinaigriers depuis 1908\",\"publisher\":{\"@id\":\"https:\\\/\\\/badiavinagres.com\\\/#organization\"},\"potentialAction\":[{\"@type\":\"SearchAction\",\"target\":{\"@type\":\"EntryPoint\",\"urlTemplate\":\"https:\\\/\\\/badiavinagres.com\\\/?s={search_term_string}\"},\"query-input\":{\"@type\":\"PropertyValueSpecification\",\"valueRequired\":true,\"valueName\":\"search_term_string\"}}],\"inLanguage\":\"fr-FR\"},{\"@type\":\"Organization\",\"@id\":\"https:\\\/\\\/badiavinagres.com\\\/#organization\",\"name\":\"Badia Vinagres - Castell de Gardeny\",\"url\":\"https:\\\/\\\/badiavinagres.com\\\/\",\"logo\":{\"@type\":\"ImageObject\",\"inLanguage\":\"fr-FR\",\"@id\":\"https:\\\/\\\/badiavinagres.com\\\/#\\\/schema\\\/logo\\\/image\\\/\",\"url\":\"http:\\\/\\\/badiavinagres.com\\\/wp-content\\\/uploads\\\/2016\\\/03\\\/badiamenutransparente-4.png\",\"contentUrl\":\"http:\\\/\\\/badiavinagres.com\\\/wp-content\\\/uploads\\\/2016\\\/03\\\/badiamenutransparente-4.png\",\"width\":117,\"height\":100,\"caption\":\"Badia Vinagres - Castell de Gardeny\"},\"image\":{\"@id\":\"https:\\\/\\\/badiavinagres.com\\\/#\\\/schema\\\/logo\\\/image\\\/\"},\"sameAs\":[\"https:\\\/\\\/www.facebook.com\\\/VinagresCastelldeGardeny\",\"https:\\\/\\\/x.com\\\/CastellGardeny\",\"https:\\\/\\\/www.instagram.com\\\/castelldegardeny_badiavinagres\\\/\"]}]}<\/script>\n<!-- \/ Yoast SEO plugin. -->","yoast_head_json":{"title":"Qui sommes nous &#8211; Badia Vinaigres","description":"Le vinaigre coule dans nos veines ! D\u00e9couvrez qui sommes nous et parce que nous avons cette passion pour le vinaigre","robots":{"index":"index","follow":"follow","max-snippet":"max-snippet:-1","max-image-preview":"max-image-preview:large","max-video-preview":"max-video-preview:-1"},"canonical":"https:\/\/badiavinagres.com\/fr\/quienes-somos","og_locale":"fr_FR","og_type":"article","og_title":"Qui sommes nous &#8211; Badia Vinaigres","og_description":"Le vinaigre coule dans nos veines ! D\u00e9couvrez qui sommes nous et parce que nous avons cette passion pour le vinaigre","og_url":"https:\/\/badiavinagres.com\/fr\/quienes-somos","og_site_name":"Badia Vinaigres","article_publisher":"https:\/\/www.facebook.com\/VinagresCastelldeGardeny","article_modified_time":"2026-03-18T18:09:01+00:00","og_image":[{"url":"http:\/\/badiavinagres.com\/wp-content\/uploads\/2014\/12\/florengris.png","type":"","width":"","height":""}],"twitter_card":"summary_large_image","twitter_site":"@CastellGardeny","twitter_misc":{"Dur\u00e9e de lecture estim\u00e9e":"2 minutes"},"schema":{"@context":"https:\/\/schema.org","@graph":[{"@type":"WebPage","@id":"https:\/\/badiavinagres.com\/fr\/quienes-somos","url":"https:\/\/badiavinagres.com\/fr\/quienes-somos","name":"Qui sommes nous &#8211; Badia Vinaigres","isPartOf":{"@id":"https:\/\/badiavinagres.com\/#website"},"primaryImageOfPage":{"@id":"https:\/\/badiavinagres.com\/fr\/quienes-somos#primaryimage"},"image":{"@id":"https:\/\/badiavinagres.com\/fr\/quienes-somos#primaryimage"},"thumbnailUrl":"http:\/\/badiavinagres.com\/wp-content\/uploads\/2014\/12\/florengris.png","datePublished":"2016-06-01T15:26:03+00:00","dateModified":"2026-03-18T18:09:01+00:00","description":"Le vinaigre coule dans nos veines ! D\u00e9couvrez qui sommes nous et parce que nous avons cette passion pour le vinaigre","breadcrumb":{"@id":"https:\/\/badiavinagres.com\/fr\/quienes-somos#breadcrumb"},"inLanguage":"fr-FR","potentialAction":[{"@type":"ReadAction","target":["https:\/\/badiavinagres.com\/fr\/quienes-somos"]}]},{"@type":"ImageObject","inLanguage":"fr-FR","@id":"https:\/\/badiavinagres.com\/fr\/quienes-somos#primaryimage","url":"http:\/\/badiavinagres.com\/wp-content\/uploads\/2014\/12\/florengris.png","contentUrl":"http:\/\/badiavinagres.com\/wp-content\/uploads\/2014\/12\/florengris.png"},{"@type":"BreadcrumbList","@id":"https:\/\/badiavinagres.com\/fr\/quienes-somos#breadcrumb","itemListElement":[{"@type":"ListItem","position":1,"name":"Portada","item":"https:\/\/badiavinagres.com\/fr"},{"@type":"ListItem","position":2,"name":"Qui sommes nous"}]},{"@type":"WebSite","@id":"https:\/\/badiavinagres.com\/#website","url":"https:\/\/badiavinagres.com\/","name":"Badia Vinaigres","description":"Ma\u00eetres vinaigriers depuis 1908","publisher":{"@id":"https:\/\/badiavinagres.com\/#organization"},"potentialAction":[{"@type":"SearchAction","target":{"@type":"EntryPoint","urlTemplate":"https:\/\/badiavinagres.com\/?s={search_term_string}"},"query-input":{"@type":"PropertyValueSpecification","valueRequired":true,"valueName":"search_term_string"}}],"inLanguage":"fr-FR"},{"@type":"Organization","@id":"https:\/\/badiavinagres.com\/#organization","name":"Badia Vinagres - Castell de Gardeny","url":"https:\/\/badiavinagres.com\/","logo":{"@type":"ImageObject","inLanguage":"fr-FR","@id":"https:\/\/badiavinagres.com\/#\/schema\/logo\/image\/","url":"http:\/\/badiavinagres.com\/wp-content\/uploads\/2016\/03\/badiamenutransparente-4.png","contentUrl":"http:\/\/badiavinagres.com\/wp-content\/uploads\/2016\/03\/badiamenutransparente-4.png","width":117,"height":100,"caption":"Badia Vinagres - Castell de Gardeny"},"image":{"@id":"https:\/\/badiavinagres.com\/#\/schema\/logo\/image\/"},"sameAs":["https:\/\/www.facebook.com\/VinagresCastelldeGardeny","https:\/\/x.com\/CastellGardeny","https:\/\/www.instagram.com\/castelldegardeny_badiavinagres\/"]}]}},"_links":{"self":[{"href":"https:\/\/badiavinagres.com\/fr\/wp-json\/wp\/v2\/pages\/4040","targetHints":{"allow":["GET"]}}],"collection":[{"href":"https:\/\/badiavinagres.com\/fr\/wp-json\/wp\/v2\/pages"}],"about":[{"href":"https:\/\/badiavinagres.com\/fr\/wp-json\/wp\/v2\/types\/page"}],"author":[{"embeddable":true,"href":"https:\/\/badiavinagres.com\/fr\/wp-json\/wp\/v2\/users\/5"}],"replies":[{"embeddable":true,"href":"https:\/\/badiavinagres.com\/fr\/wp-json\/wp\/v2\/comments?post=4040"}],"version-history":[{"count":14,"href":"https:\/\/badiavinagres.com\/fr\/wp-json\/wp\/v2\/pages\/4040\/revisions"}],"predecessor-version":[{"id":9753,"href":"https:\/\/badiavinagres.com\/fr\/wp-json\/wp\/v2\/pages\/4040\/revisions\/9753"}],"wp:attachment":[{"href":"https:\/\/badiavinagres.com\/fr\/wp-json\/wp\/v2\/media?parent=4040"}],"curies":[{"name":"wp","href":"https:\/\/api.w.org\/{rel}","templated":true}]}}