{"id":4049,"date":"2016-06-01T15:47:31","date_gmt":"2016-06-01T15:47:31","guid":{"rendered":"http:\/\/badiavinagres.com\/fr\/?page_id=4049"},"modified":"2021-04-09T11:10:48","modified_gmt":"2021-04-09T11:10:48","slug":"5-generaciones-badia","status":"publish","type":"page","link":"https:\/\/badiavinagres.com\/fr\/5-generaciones-badia","title":{"rendered":"5 generations Badia"},"content":{"rendered":"<section class=\"section  text-normal section-text-no-shadow section-inner-no-shadow section-normal section-opaque\"  >\n            <div class=\"background-media\" style=\"background-image: url(&#039;https:\/\/badiavinagres.com\/wp-content\/uploads\/2016\/03\/03_AgustiBadia_Carta1915.jpg&#039;); background-repeat:no-repeat; background-size:cover; background-attachment:fixed; background-position: 50% 0%;\" data-start=\"background-position: 50% 0px\" data-0-top-bottom=\"background-position: 50% -80px\">\n                    <\/div>\n    \n    <div class=\"background-overlay grid-overlay-0 \" style=\"background-color: rgba(0,0,0,0.1);\"><\/div>\n\n    <div class=\"container container-vertical-default\">\n        <div class=\"row vertical-default\">\n            <div class=\"col-md-12     text-center small-screen-default\"  ><div class=\"divider-wrapper \" style=\"visibility:hidden;background-color:#FFFFFF\">\n    <div class=\"visible-xs\" style=\"height:50px;\"><\/div>\n    <div class=\"visible-sm\" style=\"height:50px;\"><\/div>\n    <div class=\"visible-md\" style=\"height:100px;\"><\/div>\n    <div class=\"visible-lg\" style=\"height:100px;\"><\/div>\n<\/div><h3 class=\"text-center  element-top-190 element-bottom-20 text-light os-animation bigger default\" data-os-animation=\"fadeIn\" data-os-animation-delay=\"0.1s\" >\n    5 g\u00e9n\u00e9rations Badia \u00e0 la t\u00eate de l\u2019entreprise<\/h3><div class=\"col-text-1 text-normal  element-top-20 element-bottom-20 os-animation\" data-os-animation=\"fadeInUp\" data-os-animation-delay=\"0s\">\n    <p style=\"text-align: center; margin-top: 10px;\"><img decoding=\"async\" src=\"http:\/\/badiavinagres.com\/wp-content\/uploads\/2014\/12\/florengris.png\" width=\"100\" \/><\/p>\n<\/div>\n<div class=\"divider-wrapper \" style=\"visibility:hidden;background-color:#FFFFFF\">\n    <div class=\"visible-xs\" style=\"height:50px;\"><\/div>\n    <div class=\"visible-sm\" style=\"height:50px;\"><\/div>\n    <div class=\"visible-md\" style=\"height:100px;\"><\/div>\n    <div class=\"visible-lg\" style=\"height:100px;\"><\/div>\n<\/div><\/div>        <\/div>\n    <\/div>\n<\/section>\n<section class=\"section  text-normal section-text-no-shadow section-inner-no-shadow section-normal section-opaque\"  >\n    \n    <div class=\"background-overlay grid-overlay-0 \" style=\"background-color: rgba(0,0,0,0);\"><\/div>\n\n    <div class=\"container container-vertical-default\">\n        <div class=\"row vertical-default\">\n            <div class=\"col-md-12     text-center small-screen-default\"  ><div class=\"col-text-1 text-normal  element-top-20 element-bottom-20\" data-os-animation=\"none\" data-os-animation-delay=\"0s\">\n    <p style=\"text-align: center;\">Le nom de famille Badia a \u00e9t\u00e9 synonyme de vinaigre pendant plus de cent ans, et nous esp\u00e9rons qu\u2019il continuera de l\u2019\u00eatre encore bien des ann\u00e9es.<\/p>\n<p style=\"text-align: center;\">D\u00e9couvrez comment cinq g\u00e9n\u00e9rations de notre famille ont d\u00e9velopp\u00e9 l&rsquo;entreprise et ont r\u00e9alis\u00e9 ce que nous sommes maintenant.<\/p>\n<\/div>\n<div class=\"row \"><div class=\"col-md-4     text-default small-screen-default\"  ><div class=\"figure element-top-20 element-bottom-20  \" data-os-animation=\"none\" data-os-animation-delay=\"0s\">\n            <span class=\"figure-image\">\n        <img loading=\"lazy\" decoding=\"async\" width=\"251\" height=\"251\" src=\"https:\/\/badiavinagres.com\/wp-content\/uploads\/2021\/04\/5gener-1.jpg\" class=\"attachment-full size-full\" alt=\"\" srcset=\"https:\/\/badiavinagres.com\/wp-content\/uploads\/2021\/04\/5gener-1.jpg 251w, https:\/\/badiavinagres.com\/wp-content\/uploads\/2021\/04\/5gener-1-150x150.jpg 150w\" sizes=\"auto, (max-width: 251px) 100vw, 251px\" \/>            <\/span>\n    <\/div>\n<div class=\"col-text-1 text-normal  element-top-20 element-bottom-20\" data-os-animation=\"none\" data-os-animation-delay=\"0s\">\n    <h3>1\u00e8re g\u00e9n\u00e9ration: Agust\u00edn Badia Badia<\/h3>\n<p>En 1908 Agust\u00edn Badia Badia fonda l\u2019entreprise consacr\u00e9e \u00e0 l\u2019\u00e9laboration et \u00e0 la vente de vins.<\/p>\n<\/div>\n<\/div><div class=\"col-md-4     text-default small-screen-default\"  ><div class=\"figure element-top-20 element-bottom-20  \" data-os-animation=\"none\" data-os-animation-delay=\"0s\">\n            <span class=\"figure-image\">\n        <img loading=\"lazy\" decoding=\"async\" width=\"250\" height=\"249\" src=\"https:\/\/badiavinagres.com\/wp-content\/uploads\/2021\/04\/5gener-2.jpg\" class=\"attachment-full size-full\" alt=\"\" srcset=\"https:\/\/badiavinagres.com\/wp-content\/uploads\/2021\/04\/5gener-2.jpg 250w, https:\/\/badiavinagres.com\/wp-content\/uploads\/2021\/04\/5gener-2-150x150.jpg 150w\" sizes=\"auto, (max-width: 250px) 100vw, 250px\" \/>            <\/span>\n    <\/div>\n<div class=\"col-text-1 text-normal  element-top-20 element-bottom-20\" data-os-animation=\"none\" data-os-animation-delay=\"0s\">\n    <h3>2\u00e8me g\u00e9n\u00e9ration: Tom\u00e1s Badia Vil\u00e0<\/h3>\n<p>Entre 1940 et 1960 Tom\u00e1s Badia Vil\u00e0, avec trois de ses fils, \u00e9largit le commerce \u00e0 la fabrication de glace, de liqueurs, de sodas et de vermouths, en plus de l\u2019\u00e9laboration de vins et de vinaigres.<\/p>\n<\/div>\n<\/div><div class=\"col-md-4     text-default small-screen-default\"  ><div class=\"figure element-top-20 element-bottom-20  \" data-os-animation=\"none\" data-os-animation-delay=\"0s\">\n            <span class=\"figure-image\">\n        <img loading=\"lazy\" decoding=\"async\" width=\"250\" height=\"250\" src=\"https:\/\/badiavinagres.com\/wp-content\/uploads\/2021\/04\/5gener-3.jpg\" class=\"attachment-full size-full\" alt=\"\" srcset=\"https:\/\/badiavinagres.com\/wp-content\/uploads\/2021\/04\/5gener-3.jpg 250w, https:\/\/badiavinagres.com\/wp-content\/uploads\/2021\/04\/5gener-3-150x150.jpg 150w\" sizes=\"auto, (max-width: 250px) 100vw, 250px\" \/>            <\/span>\n    <\/div>\n<div class=\"col-text-1 text-normal  element-top-20 element-bottom-20\" data-os-animation=\"none\" data-os-animation-delay=\"0s\">\n    <h3>3\u00e8me g\u00e9n\u00e9ration: Agust\u00ed Badia Carrera<\/h3>\n<p>Entre 1960 et 1980, Agust\u00ed Badia Carrera concentra l\u2019activit\u00e9 de l\u2019entreprise sur la production de vinaigres de vin. C\u2019est le moment o\u00f9 le commerce se sp\u00e9cialisa.<\/p>\n<\/div>\n<\/div><\/div><div class=\"row \"><div class=\"col-md-2     text-default small-screen-default\"  ><\/div><div class=\"col-md-4     text-default small-screen-default\"  ><div class=\"figure element-top-20 element-bottom-20  \" data-os-animation=\"none\" data-os-animation-delay=\"0s\">\n            <span class=\"figure-image\">\n        <img loading=\"lazy\" decoding=\"async\" width=\"251\" height=\"251\" src=\"https:\/\/badiavinagres.com\/wp-content\/uploads\/2021\/04\/5gener-4.jpg\" class=\"attachment-full size-full\" alt=\"\" srcset=\"https:\/\/badiavinagres.com\/wp-content\/uploads\/2021\/04\/5gener-4.jpg 251w, https:\/\/badiavinagres.com\/wp-content\/uploads\/2021\/04\/5gener-4-150x150.jpg 150w\" sizes=\"auto, (max-width: 251px) 100vw, 251px\" \/>            <\/span>\n    <\/div>\n<div class=\"col-text-1 text-normal  element-top-20 element-bottom-20\" data-os-animation=\"none\" data-os-animation-delay=\"0s\">\n    <h3>4\u00e8me g\u00e9n\u00e9ration: Agust\u00ed Badia Mart\u00ed<\/h3>\n<p>En 1985 Agust\u00ed Badia Mart\u00ed d\u00e9marra une \u00e9tape de modernisation de l\u2019entreprise en d\u00e9veloppant, en collaboration avec l\u2019Universit\u00e9 Rovira i Virgili de Tarragona, une nouvelle lign\u00e9e de vinaigres innovants qui se commercialis\u00e8rent sous le cachet: Castell de Gardeny.<\/p>\n<\/div>\n<\/div><div class=\"col-md-4     text-default small-screen-default\"  ><div class=\"figure element-top-20 element-bottom-20  \" data-os-animation=\"none\" data-os-animation-delay=\"0s\">\n            <span class=\"figure-image\">\n        <img loading=\"lazy\" decoding=\"async\" width=\"250\" height=\"250\" src=\"https:\/\/badiavinagres.com\/wp-content\/uploads\/2021\/04\/5gener-5.jpg\" class=\"attachment-full size-full\" alt=\"\" srcset=\"https:\/\/badiavinagres.com\/wp-content\/uploads\/2021\/04\/5gener-5.jpg 250w, https:\/\/badiavinagres.com\/wp-content\/uploads\/2021\/04\/5gener-5-150x150.jpg 150w\" sizes=\"auto, (max-width: 250px) 100vw, 250px\" \/>            <\/span>\n    <\/div>\n<div class=\"col-text-1 text-normal  element-top-20 element-bottom-20\" data-os-animation=\"none\" data-os-animation-delay=\"0s\">\n    <h3>5\u00e8me g\u00e9n\u00e9ration: Judit y Marta Badia Costa<\/h3>\n<p>En 2006 Judit et Marta Badia Costa se joignent \u00e0 l\u2019entreprise familiale et aux c\u00f4t\u00e9s de leur p\u00e8re Agust\u00ed Badia d\u00e9veloppent d\u2019importantes avanc\u00e9es dans le domaine de la recherche qui leur permettent d\u2019introduire des saveurs nouvelles et innovantes dans leur catalogue de produits. De plus, gr\u00e2ce \u00e0 l\u2019\u00e9largissement de son r\u00e9seau de distribution, la marque commence \u00e0 exporter ses vinaigres vers d\u2019autres pays, grandissant hors de nos fronti\u00e8res.<\/p>\n<\/div>\n<\/div><div class=\"col-md-2     text-default small-screen-default\"  ><\/div><\/div><\/div>        <\/div>\n    <\/div>\n<\/section>\n<section class=\"section  text-normal section-text-no-shadow section-inner-no-shadow section-normal section-opaque\"  >\n    \n    <div class=\"background-overlay grid-overlay-0 \" style=\"background-color: rgba(0,0,0,0);\"><\/div>\n\n    <div class=\"container-fullwidth container-vertical-default\">\n        <div class=\"row vertical-default\">\n            <div class=\"col-md-12     text-default small-screen-default\"  ><div class=\"divider-border  divider-border-center element-top-30 element-bottom-10\" data-os-animation=\"none\" data-os-animation-delay=\"0s\"  style=\"height:5px;\">\n    <div class=\"divider-border-inner\"  style=\"width:100px;\"><\/div>\n<\/div><div class=\"col-text-1 text-normal  element-top-20 element-bottom-20\" data-os-animation=\"none\" data-os-animation-delay=\"0s\">\n    <p style=\"text-align: center;\">Dans notre histoire il y a beaucoup de pers\u00e9v\u00e9rance, il y a de l\u2019instinct, il y a de l\u2019enthousiasme, de l\u2019effort, de la connaissance \u2013 il y a bien s\u00fbr des erreurs \u2013 mais il y a surtout de l\u2019h\u00e9ritage.<\/p>\n<\/div>\n<div class=\"figure element-top-20 element-bottom-20   os-animation\" data-os-animation=\"fadeInUp\" data-os-animation-delay=\"0s\">\n            <span class=\"figure-image\">\n        <img loading=\"lazy\" decoding=\"async\" width=\"2000\" height=\"500\" src=\"https:\/\/badiavinagres.com\/wp-content\/uploads\/2016\/03\/logosdebandiaeneltiempo.jpg\" class=\"attachment-full size-full\" alt=\"\" srcset=\"https:\/\/badiavinagres.com\/wp-content\/uploads\/2016\/03\/logosdebandiaeneltiempo.jpg 2000w, https:\/\/badiavinagres.com\/wp-content\/uploads\/2016\/03\/logosdebandiaeneltiempo-300x75.jpg 300w, https:\/\/badiavinagres.com\/wp-content\/uploads\/2016\/03\/logosdebandiaeneltiempo-768x192.jpg 768w, https:\/\/badiavinagres.com\/wp-content\/uploads\/2016\/03\/logosdebandiaeneltiempo-1024x256.jpg 1024w, https:\/\/badiavinagres.com\/wp-content\/uploads\/2016\/03\/logosdebandiaeneltiempo-400x100.jpg 400w\" sizes=\"auto, (max-width: 2000px) 100vw, 2000px\" \/>            <\/span>\n    <\/div>\n<\/div>        <\/div>\n    <\/div>\n<\/section>\n<section class=\"section  text-normal section-text-no-shadow section-inner-no-shadow section-normal section-opaque\"  >\n    \n    <div class=\"background-overlay grid-overlay-0 \" style=\"background-color: rgba(0,0,0,0);\"><\/div>\n\n    <div class=\"container container-vertical-default\">\n        <div class=\"row vertical-default\">\n            <div class=\"col-md-2     text-default small-screen-default\"  ><\/div><div class=\"col-md-8     text-Default small-screen-default\"  ><div class=\"col-text-1 text-normal  element-top-20 element-bottom-20\" data-os-animation=\"none\" data-os-animation-delay=\"0s\">\n    <p style=\"text-align: left;\">H\u00e9ritage d\u2019un travail long, patient et minutieux qui requiert le savoir-faire de ma\u00eetres vinaigriers qui exer\u00e7ons notre travail avec passion et respect pour la magie de ce qui poss\u00e8de de l\u2019histoire de la tradition.<\/p>\n<p style=\"font-size: 100%; text-align: left;\">Nous sommes fiers de nos itin\u00e9raires de famille et d\u2019entreprise qui comme vous le voyez sont in\u00e9vitablement li\u00e9s!<\/p>\n<p style=\"text-align: center; margin-top: 10px;\"><img loading=\"lazy\" decoding=\"async\" src=\"http:\/\/badiavinagres.com\/wp-content\/uploads\/2020\/05\/flor-black-hd.png\" width=\"80\" height=\"80\" \/><\/p>\n<\/div>\n<hr class=\" element-top-20 element-bottom-20\" data-os-animation=\"none\" data-os-animation-delay=\"0s\"><\/div><div class=\"col-md-2     text-default small-screen-default\"  ><\/div>        <\/div>\n    <\/div>\n<\/section>\n<section class=\"section  text-normal section-text-no-shadow section-inner-no-shadow section-normal section-opaque\"  >\n    \n    <div class=\"background-overlay grid-overlay-0 \" style=\"background-color: rgba(0,0,0,0);\"><\/div>\n\n    <div class=\"container container-vertical-middle\">\n        <div class=\"row vertical-middle\">\n            <div class=\"col-md-4     text-center small-screen-default\"  ><div class=\"col-text-1 text-normal  element-top-20 element-bottom-20\" data-os-animation=\"none\" data-os-animation-delay=\"0s\">\n    <p><a href=\"\/fr\/quienes-somos\">| Le vinaigre coule dans nos veines |<\/a><\/p>\n<\/div>\n<\/div><div class=\"col-md-4     text-center small-screen-default\"  ><div class=\"col-text-1 text-normal  element-top-20 element-bottom-20\" data-os-animation=\"none\" data-os-animation-delay=\"0s\">\n    <p><a href=\"\/fr\/selectionnes-un-bon-vin\">| L\u2019importance de s\u00e9lectionner un bon vin |<\/a><\/p>\n<\/div>\n<\/div><div class=\"col-md-4     text-center small-screen-default\"  ><div class=\"col-text-1 text-normal  element-top-20 element-bottom-20\" data-os-animation=\"none\" data-os-animation-delay=\"0s\">\n    <p><a href=\"\/fr\/nuestro-proceso-de-produccion\">| Notre proc\u00e9d\u00e9 de production |<\/a><\/p>\n<\/div>\n<\/div>        <\/div>\n    <\/div>\n<\/section>\n","protected":false},"excerpt":{"rendered":"5 g\u00e9n\u00e9rations Badia \u00e0 la t\u00eate de l\u2019entreprise Le nom de famille Badia a \u00e9t\u00e9 synonyme de vinaigre pendant plus de cent ans, et nous esp\u00e9rons qu\u2019il continuera de l\u2019\u00eatre encore bien des ann\u00e9es. D\u00e9couvrez comment cinq g\u00e9n\u00e9rations de notre famille ont d\u00e9velopp\u00e9 l'entreprise et ont r\u00e9alis\u00e9 ce que nous sommes maintenant. 1\u00e8re g\u00e9n\u00e9ration: Agust\u00edn","protected":false},"author":5,"featured_media":0,"parent":0,"menu_order":0,"comment_status":"closed","ping_status":"closed","template":"","meta":{"footnotes":""},"class_list":["post-4049","page","type-page","status-publish","hentry"],"yoast_head":"<!-- This site is optimized with the Yoast SEO plugin v27.3 - https:\/\/yoast.com\/product\/yoast-seo-wordpress\/ -->\n<title>5 generations Badia &#8211; Badia Vinaigres<\/title>\n<meta name=\"description\" content=\"Vinaigres Badia est une entreprise familiale avec plus de 5 g\u00e9n\u00e9rations . Certainement une belle histoire \u00e0 raconter. D\u00e9couvrez ici.\" \/>\n<meta name=\"robots\" content=\"index, follow, max-snippet:-1, max-image-preview:large, max-video-preview:-1\" \/>\n<link rel=\"canonical\" href=\"https:\/\/badiavinagres.com\/fr\/5-generaciones-badia\" \/>\n<meta property=\"og:locale\" content=\"fr_FR\" \/>\n<meta property=\"og:type\" content=\"article\" \/>\n<meta property=\"og:title\" content=\"5 generations Badia &#8211; Badia Vinaigres\" \/>\n<meta property=\"og:description\" content=\"Vinaigres Badia est une entreprise familiale avec plus de 5 g\u00e9n\u00e9rations . Certainement une belle histoire \u00e0 raconter. D\u00e9couvrez ici.\" \/>\n<meta property=\"og:url\" content=\"https:\/\/badiavinagres.com\/fr\/5-generaciones-badia\" \/>\n<meta property=\"og:site_name\" content=\"Badia Vinaigres\" \/>\n<meta property=\"article:publisher\" content=\"https:\/\/www.facebook.com\/VinagresCastelldeGardeny\" \/>\n<meta property=\"article:modified_time\" content=\"2021-04-09T11:10:48+00:00\" \/>\n<meta property=\"og:image\" content=\"http:\/\/badiavinagres.com\/wp-content\/uploads\/2014\/12\/florengris.png\" \/>\n<meta name=\"twitter:card\" content=\"summary_large_image\" \/>\n<meta name=\"twitter:site\" content=\"@CastellGardeny\" \/>\n<meta name=\"twitter:label1\" content=\"Dur\u00e9e de lecture estim\u00e9e\" \/>\n\t<meta name=\"twitter:data1\" content=\"3 minutes\" \/>\n<script type=\"application\/ld+json\" class=\"yoast-schema-graph\">{\"@context\":\"https:\\\/\\\/schema.org\",\"@graph\":[{\"@type\":\"WebPage\",\"@id\":\"https:\\\/\\\/badiavinagres.com\\\/fr\\\/5-generaciones-badia\",\"url\":\"https:\\\/\\\/badiavinagres.com\\\/fr\\\/5-generaciones-badia\",\"name\":\"5 generations Badia &#8211; Badia Vinaigres\",\"isPartOf\":{\"@id\":\"https:\\\/\\\/badiavinagres.com\\\/#website\"},\"primaryImageOfPage\":{\"@id\":\"https:\\\/\\\/badiavinagres.com\\\/fr\\\/5-generaciones-badia#primaryimage\"},\"image\":{\"@id\":\"https:\\\/\\\/badiavinagres.com\\\/fr\\\/5-generaciones-badia#primaryimage\"},\"thumbnailUrl\":\"http:\\\/\\\/badiavinagres.com\\\/wp-content\\\/uploads\\\/2014\\\/12\\\/florengris.png\",\"datePublished\":\"2016-06-01T15:47:31+00:00\",\"dateModified\":\"2021-04-09T11:10:48+00:00\",\"description\":\"Vinaigres Badia est une entreprise familiale avec plus de 5 g\u00e9n\u00e9rations . Certainement une belle histoire \u00e0 raconter. D\u00e9couvrez ici.\",\"breadcrumb\":{\"@id\":\"https:\\\/\\\/badiavinagres.com\\\/fr\\\/5-generaciones-badia#breadcrumb\"},\"inLanguage\":\"fr-FR\",\"potentialAction\":[{\"@type\":\"ReadAction\",\"target\":[\"https:\\\/\\\/badiavinagres.com\\\/fr\\\/5-generaciones-badia\"]}]},{\"@type\":\"ImageObject\",\"inLanguage\":\"fr-FR\",\"@id\":\"https:\\\/\\\/badiavinagres.com\\\/fr\\\/5-generaciones-badia#primaryimage\",\"url\":\"http:\\\/\\\/badiavinagres.com\\\/wp-content\\\/uploads\\\/2014\\\/12\\\/florengris.png\",\"contentUrl\":\"http:\\\/\\\/badiavinagres.com\\\/wp-content\\\/uploads\\\/2014\\\/12\\\/florengris.png\"},{\"@type\":\"BreadcrumbList\",\"@id\":\"https:\\\/\\\/badiavinagres.com\\\/fr\\\/5-generaciones-badia#breadcrumb\",\"itemListElement\":[{\"@type\":\"ListItem\",\"position\":1,\"name\":\"Portada\",\"item\":\"https:\\\/\\\/badiavinagres.com\\\/fr\"},{\"@type\":\"ListItem\",\"position\":2,\"name\":\"5 generations Badia\"}]},{\"@type\":\"WebSite\",\"@id\":\"https:\\\/\\\/badiavinagres.com\\\/#website\",\"url\":\"https:\\\/\\\/badiavinagres.com\\\/\",\"name\":\"Badia Vinaigres\",\"description\":\"Ma\u00eetres vinaigriers depuis 1908\",\"publisher\":{\"@id\":\"https:\\\/\\\/badiavinagres.com\\\/#organization\"},\"potentialAction\":[{\"@type\":\"SearchAction\",\"target\":{\"@type\":\"EntryPoint\",\"urlTemplate\":\"https:\\\/\\\/badiavinagres.com\\\/?s={search_term_string}\"},\"query-input\":{\"@type\":\"PropertyValueSpecification\",\"valueRequired\":true,\"valueName\":\"search_term_string\"}}],\"inLanguage\":\"fr-FR\"},{\"@type\":\"Organization\",\"@id\":\"https:\\\/\\\/badiavinagres.com\\\/#organization\",\"name\":\"Badia Vinagres - Castell de Gardeny\",\"url\":\"https:\\\/\\\/badiavinagres.com\\\/\",\"logo\":{\"@type\":\"ImageObject\",\"inLanguage\":\"fr-FR\",\"@id\":\"https:\\\/\\\/badiavinagres.com\\\/#\\\/schema\\\/logo\\\/image\\\/\",\"url\":\"http:\\\/\\\/badiavinagres.com\\\/wp-content\\\/uploads\\\/2016\\\/03\\\/badiamenutransparente-4.png\",\"contentUrl\":\"http:\\\/\\\/badiavinagres.com\\\/wp-content\\\/uploads\\\/2016\\\/03\\\/badiamenutransparente-4.png\",\"width\":117,\"height\":100,\"caption\":\"Badia Vinagres - Castell de Gardeny\"},\"image\":{\"@id\":\"https:\\\/\\\/badiavinagres.com\\\/#\\\/schema\\\/logo\\\/image\\\/\"},\"sameAs\":[\"https:\\\/\\\/www.facebook.com\\\/VinagresCastelldeGardeny\",\"https:\\\/\\\/x.com\\\/CastellGardeny\",\"https:\\\/\\\/www.instagram.com\\\/castelldegardeny_badiavinagres\\\/\"]}]}<\/script>\n<!-- \/ Yoast SEO plugin. -->","yoast_head_json":{"title":"5 generations Badia &#8211; Badia Vinaigres","description":"Vinaigres Badia est une entreprise familiale avec plus de 5 g\u00e9n\u00e9rations . Certainement une belle histoire \u00e0 raconter. D\u00e9couvrez ici.","robots":{"index":"index","follow":"follow","max-snippet":"max-snippet:-1","max-image-preview":"max-image-preview:large","max-video-preview":"max-video-preview:-1"},"canonical":"https:\/\/badiavinagres.com\/fr\/5-generaciones-badia","og_locale":"fr_FR","og_type":"article","og_title":"5 generations Badia &#8211; Badia Vinaigres","og_description":"Vinaigres Badia est une entreprise familiale avec plus de 5 g\u00e9n\u00e9rations . Certainement une belle histoire \u00e0 raconter. D\u00e9couvrez ici.","og_url":"https:\/\/badiavinagres.com\/fr\/5-generaciones-badia","og_site_name":"Badia Vinaigres","article_publisher":"https:\/\/www.facebook.com\/VinagresCastelldeGardeny","article_modified_time":"2021-04-09T11:10:48+00:00","og_image":[{"url":"http:\/\/badiavinagres.com\/wp-content\/uploads\/2014\/12\/florengris.png","type":"","width":"","height":""}],"twitter_card":"summary_large_image","twitter_site":"@CastellGardeny","twitter_misc":{"Dur\u00e9e de lecture estim\u00e9e":"3 minutes"},"schema":{"@context":"https:\/\/schema.org","@graph":[{"@type":"WebPage","@id":"https:\/\/badiavinagres.com\/fr\/5-generaciones-badia","url":"https:\/\/badiavinagres.com\/fr\/5-generaciones-badia","name":"5 generations Badia &#8211; Badia Vinaigres","isPartOf":{"@id":"https:\/\/badiavinagres.com\/#website"},"primaryImageOfPage":{"@id":"https:\/\/badiavinagres.com\/fr\/5-generaciones-badia#primaryimage"},"image":{"@id":"https:\/\/badiavinagres.com\/fr\/5-generaciones-badia#primaryimage"},"thumbnailUrl":"http:\/\/badiavinagres.com\/wp-content\/uploads\/2014\/12\/florengris.png","datePublished":"2016-06-01T15:47:31+00:00","dateModified":"2021-04-09T11:10:48+00:00","description":"Vinaigres Badia est une entreprise familiale avec plus de 5 g\u00e9n\u00e9rations . Certainement une belle histoire \u00e0 raconter. D\u00e9couvrez ici.","breadcrumb":{"@id":"https:\/\/badiavinagres.com\/fr\/5-generaciones-badia#breadcrumb"},"inLanguage":"fr-FR","potentialAction":[{"@type":"ReadAction","target":["https:\/\/badiavinagres.com\/fr\/5-generaciones-badia"]}]},{"@type":"ImageObject","inLanguage":"fr-FR","@id":"https:\/\/badiavinagres.com\/fr\/5-generaciones-badia#primaryimage","url":"http:\/\/badiavinagres.com\/wp-content\/uploads\/2014\/12\/florengris.png","contentUrl":"http:\/\/badiavinagres.com\/wp-content\/uploads\/2014\/12\/florengris.png"},{"@type":"BreadcrumbList","@id":"https:\/\/badiavinagres.com\/fr\/5-generaciones-badia#breadcrumb","itemListElement":[{"@type":"ListItem","position":1,"name":"Portada","item":"https:\/\/badiavinagres.com\/fr"},{"@type":"ListItem","position":2,"name":"5 generations Badia"}]},{"@type":"WebSite","@id":"https:\/\/badiavinagres.com\/#website","url":"https:\/\/badiavinagres.com\/","name":"Badia Vinaigres","description":"Ma\u00eetres vinaigriers depuis 1908","publisher":{"@id":"https:\/\/badiavinagres.com\/#organization"},"potentialAction":[{"@type":"SearchAction","target":{"@type":"EntryPoint","urlTemplate":"https:\/\/badiavinagres.com\/?s={search_term_string}"},"query-input":{"@type":"PropertyValueSpecification","valueRequired":true,"valueName":"search_term_string"}}],"inLanguage":"fr-FR"},{"@type":"Organization","@id":"https:\/\/badiavinagres.com\/#organization","name":"Badia Vinagres - Castell de Gardeny","url":"https:\/\/badiavinagres.com\/","logo":{"@type":"ImageObject","inLanguage":"fr-FR","@id":"https:\/\/badiavinagres.com\/#\/schema\/logo\/image\/","url":"http:\/\/badiavinagres.com\/wp-content\/uploads\/2016\/03\/badiamenutransparente-4.png","contentUrl":"http:\/\/badiavinagres.com\/wp-content\/uploads\/2016\/03\/badiamenutransparente-4.png","width":117,"height":100,"caption":"Badia Vinagres - Castell de Gardeny"},"image":{"@id":"https:\/\/badiavinagres.com\/#\/schema\/logo\/image\/"},"sameAs":["https:\/\/www.facebook.com\/VinagresCastelldeGardeny","https:\/\/x.com\/CastellGardeny","https:\/\/www.instagram.com\/castelldegardeny_badiavinagres\/"]}]}},"_links":{"self":[{"href":"https:\/\/badiavinagres.com\/fr\/wp-json\/wp\/v2\/pages\/4049","targetHints":{"allow":["GET"]}}],"collection":[{"href":"https:\/\/badiavinagres.com\/fr\/wp-json\/wp\/v2\/pages"}],"about":[{"href":"https:\/\/badiavinagres.com\/fr\/wp-json\/wp\/v2\/types\/page"}],"author":[{"embeddable":true,"href":"https:\/\/badiavinagres.com\/fr\/wp-json\/wp\/v2\/users\/5"}],"replies":[{"embeddable":true,"href":"https:\/\/badiavinagres.com\/fr\/wp-json\/wp\/v2\/comments?post=4049"}],"version-history":[{"count":10,"href":"https:\/\/badiavinagres.com\/fr\/wp-json\/wp\/v2\/pages\/4049\/revisions"}],"predecessor-version":[{"id":6017,"href":"https:\/\/badiavinagres.com\/fr\/wp-json\/wp\/v2\/pages\/4049\/revisions\/6017"}],"wp:attachment":[{"href":"https:\/\/badiavinagres.com\/fr\/wp-json\/wp\/v2\/media?parent=4049"}],"curies":[{"name":"wp","href":"https:\/\/api.w.org\/{rel}","templated":true}]}}