{"id":4055,"date":"2016-06-01T15:56:04","date_gmt":"2016-06-01T15:56:04","guid":{"rendered":"http:\/\/badiavinagres.com\/fr\/?page_id=4055"},"modified":"2020-05-24T12:34:40","modified_gmt":"2020-05-24T12:34:40","slug":"selectionnes-un-bon-vin","status":"publish","type":"page","link":"https:\/\/badiavinagres.com\/fr\/selectionnes-un-bon-vin","title":{"rendered":"L\u2019importance de s\u00e9lectionner un bon vin"},"content":{"rendered":"<section class=\"section  text-normal section-text-no-shadow section-inner-no-shadow section-normal section-opaque\"  >\n            <div class=\"background-media\" style=\"background-image: url(&#039;https:\/\/badiavinagres.com\/wp-content\/uploads\/2016\/03\/photo-1423483641154-5411ec9c0ddf.jpg&#039;); background-repeat:no-repeat; background-size:cover; background-attachment:fixed; background-position: 50% 0%;\" >\n                    <\/div>\n    \n    <div class=\"background-overlay grid-overlay-0 \" style=\"background-color: rgba(0,0,0,0.3);\"><\/div>\n\n    <div class=\"container-fullwidth container-vertical-default\">\n        <div class=\"row vertical-default\">\n            <div class=\"col-md-12     text-center small-screen-default\"  ><div class=\"divider-wrapper \" style=\"visibility:hidden;background-color:#FFFFFF\">\n    <div class=\"visible-xs\" style=\"height:50px;\"><\/div>\n    <div class=\"visible-sm\" style=\"height:50px;\"><\/div>\n    <div class=\"visible-md\" style=\"height:100px;\"><\/div>\n    <div class=\"visible-lg\" style=\"height:100px;\"><\/div>\n<\/div><h3 class=\"text-center  element-top-190 element-bottom-20 text-light os-animation bigger default\" data-os-animation=\"fadeIn\" data-os-animation-delay=\"0.1s\" >\n    D\u2019un bon vin sort un bon vinaigre<\/h3><div class=\"col-text-1 text-normal  element-top-20 element-bottom-20 os-animation\" data-os-animation=\"fadeInUp\" data-os-animation-delay=\"0s\">\n    <p style=\"text-align: center; margin-top: 10px;\"><img decoding=\"async\" src=\"http:\/\/badiavinagres.com\/wp-content\/uploads\/2014\/12\/florengris.png\" width=\"100\" \/><\/p>\n<\/div>\n<div class=\"divider-wrapper \" style=\"visibility:hidden;background-color:#FFFFFF\">\n    <div class=\"visible-xs\" style=\"height:50px;\"><\/div>\n    <div class=\"visible-sm\" style=\"height:50px;\"><\/div>\n    <div class=\"visible-md\" style=\"height:100px;\"><\/div>\n    <div class=\"visible-lg\" style=\"height:100px;\"><\/div>\n<\/div><\/div>        <\/div>\n    <\/div>\n<\/section>\n<section class=\"section  text-normal section-text-no-shadow section-inner-no-shadow section-normal section-opaque\"  >\n    \n    <div class=\"background-overlay grid-overlay-0 \" style=\"background-color: rgba(0,0,0,0);\"><\/div>\n\n    <div class=\"container container-vertical-default\">\n        <div class=\"row vertical-default\">\n            <div class=\"col-md-2     text-default small-screen-default\"  ><\/div><div class=\"col-md-8     text-default small-screen-default\"  ><div class=\"col-text-1 text-normal  element-top-20 element-bottom-20\" data-os-animation=\"none\" data-os-animation-delay=\"0s\">\n    <p style=\"text-align: left;\">\u201cD\u2019un bon vin sort un bon vinaigre\u201d. Sous cette pr\u00e9misse, Agust\u00ed Badia s\u00e9lectionne personnellement chacune des vari\u00e9t\u00e9s de vin que nous transformons ensuite en nos vinaigres Castell de Gardeny.<\/p>\n<\/div>\n<div class=\"col-text-1 text-normal  element-top-20 element-bottom-20\" data-os-animation=\"none\" data-os-animation-delay=\"0s\">\n    <p style=\"text-align: left;\">Il est fondamental pour nous d\u2019avoir une relation de proximit\u00e9 et de confiance avec nos fournisseurs de vin. Il ne s\u2019agit pas de leur acheter le produit, mais de travailler main dans la main avec eux pour que de mill\u00e9sime en mill\u00e9sime nous puissions adapter nos vinaigres aux nouvelles tendances et aux demandes changeantes du march\u00e9.<\/p>\n<p style=\"text-align: left;\">Selon notre mani\u00e8re de voir les choses, c\u2019est seulement gr\u00e2ce \u00e0 la meilleure mati\u00e8re premi\u00e8re obtenue du champ que nous pouvons offrir les meilleurs produits sur la table.<\/p>\n<p style=\"text-align: center; margin-top: 10px;\"><img loading=\"lazy\" decoding=\"async\" src=\"http:\/\/badiavinagres.com\/wp-content\/uploads\/2020\/05\/flor-black-hd.png\" width=\"80\" height=\"80\" \/><\/p>\n<\/div>\n<hr class=\" element-top-20 element-bottom-20\" data-os-animation=\"none\" data-os-animation-delay=\"0s\"><\/div><div class=\"col-md-2     text-default small-screen-default\"  ><\/div>        <\/div>\n    <\/div>\n<\/section>\n<section class=\"section  text-normal section-text-no-shadow section-inner-no-shadow section-normal section-opaque\"  >\n    \n    <div class=\"background-overlay grid-overlay-0 \" style=\"background-color: rgba(0,0,0,0);\"><\/div>\n\n    <div class=\"container container-vertical-middle\">\n        <div class=\"row vertical-middle\">\n            <div class=\"col-md-4     text-center small-screen-default\"  ><div class=\"col-text-1 text-normal  element-top-20 element-bottom-20\" data-os-animation=\"none\" data-os-animation-delay=\"0s\">\n    <p><a href=\"\/fr\/quienes-somos\">| Le vinaigre coule dans nos veines |<\/a><\/p>\n<\/div>\n<\/div><div class=\"col-md-4     text-center small-screen-default\"  ><div class=\"col-text-1 text-normal  element-top-20 element-bottom-20\" data-os-animation=\"none\" data-os-animation-delay=\"0s\">\n    <p><a href=\"\/fr\/nuestro-proceso-de-produccion\">| Notre proc\u00e9d\u00e9 de production |<\/a><\/p>\n<\/div>\n<\/div><div class=\"col-md-4     text-center small-screen-default\"  ><div class=\"col-text-1 text-normal  element-top-20 element-bottom-20\" data-os-animation=\"none\" data-os-animation-delay=\"0s\">\n    <p><a href=\"\/fr\/5-generaciones-badia\">| 5 g\u00e9n\u00e9rations Badia |<\/a><\/p>\n<\/div>\n<\/div>        <\/div>\n    <\/div>\n<\/section>\n","protected":false},"excerpt":{"rendered":"D\u2019un bon vin sort un bon vinaigre \u201cD\u2019un bon vin sort un bon vinaigre\u201d. Sous cette pr\u00e9misse, Agust\u00ed Badia s\u00e9lectionne personnellement chacune des vari\u00e9t\u00e9s de vin que nous transformons ensuite en nos vinaigres Castell de Gardeny. Il est fondamental pour nous d\u2019avoir une relation de proximit\u00e9 et de confiance avec nos fournisseurs de vin. Il","protected":false},"author":5,"featured_media":0,"parent":0,"menu_order":0,"comment_status":"closed","ping_status":"closed","template":"","meta":{"footnotes":""},"class_list":["post-4055","page","type-page","status-publish","hentry"],"yoast_head":"<!-- This site is optimized with the Yoast SEO plugin v27.2 - https:\/\/yoast.com\/product\/yoast-seo-wordpress\/ -->\n<title>L\u2019importance de s\u00e9lectionner un bon vin &#8211; Badia Vinaigres<\/title>\n<meta name=\"description\" content=\"D\u2019un bon vin sort un bon vinaigre! D\u00e9couvrez notre secret pour faire les meilleurs vinaigres gastronomiques de vin rouge et de vin blanc .\" \/>\n<meta name=\"robots\" content=\"index, follow, max-snippet:-1, max-image-preview:large, max-video-preview:-1\" \/>\n<link rel=\"canonical\" href=\"https:\/\/badiavinagres.com\/seleccionar-un-buen-vino\" \/>\n<meta property=\"og:locale\" content=\"fr_FR\" \/>\n<meta property=\"og:type\" content=\"article\" \/>\n<meta property=\"og:title\" content=\"L\u2019importance de s\u00e9lectionner un bon vin &#8211; Badia Vinaigres\" \/>\n<meta property=\"og:description\" content=\"D\u2019un bon vin sort un bon vinaigre! D\u00e9couvrez notre secret pour faire les meilleurs vinaigres gastronomiques de vin rouge et de vin blanc .\" \/>\n<meta property=\"og:url\" content=\"https:\/\/badiavinagres.com\/seleccionar-un-buen-vino\" \/>\n<meta property=\"og:site_name\" content=\"Badia Vinaigres\" \/>\n<meta property=\"article:publisher\" content=\"https:\/\/www.facebook.com\/VinagresCastelldeGardeny\" \/>\n<meta property=\"article:modified_time\" content=\"2020-05-24T12:34:40+00:00\" \/>\n<meta property=\"og:image\" content=\"http:\/\/badiavinagres.com\/wp-content\/uploads\/2014\/12\/florengris.png\" \/>\n<meta name=\"twitter:card\" content=\"summary_large_image\" \/>\n<meta name=\"twitter:site\" content=\"@CastellGardeny\" \/>\n<meta name=\"twitter:label1\" content=\"Dur\u00e9e de lecture estim\u00e9e\" \/>\n\t<meta name=\"twitter:data1\" content=\"1 minute\" \/>\n<script type=\"application\/ld+json\" class=\"yoast-schema-graph\">{\"@context\":\"https:\/\/schema.org\",\"@graph\":[{\"@type\":\"WebPage\",\"@id\":\"https:\/\/badiavinagres.com\/seleccionar-un-buen-vino\",\"url\":\"https:\/\/badiavinagres.com\/seleccionar-un-buen-vino\",\"name\":\"L\u2019importance de s\u00e9lectionner un bon vin &#8211; Badia Vinaigres\",\"isPartOf\":{\"@id\":\"https:\/\/badiavinagres.com\/#website\"},\"primaryImageOfPage\":{\"@id\":\"https:\/\/badiavinagres.com\/seleccionar-un-buen-vino#primaryimage\"},\"image\":{\"@id\":\"https:\/\/badiavinagres.com\/seleccionar-un-buen-vino#primaryimage\"},\"thumbnailUrl\":\"http:\/\/badiavinagres.com\/wp-content\/uploads\/2014\/12\/florengris.png\",\"datePublished\":\"2016-06-01T15:56:04+00:00\",\"dateModified\":\"2020-05-24T12:34:40+00:00\",\"description\":\"D\u2019un bon vin sort un bon vinaigre! D\u00e9couvrez notre secret pour faire les meilleurs vinaigres gastronomiques de vin rouge et de vin blanc .\",\"breadcrumb\":{\"@id\":\"https:\/\/badiavinagres.com\/seleccionar-un-buen-vino#breadcrumb\"},\"inLanguage\":\"fr-FR\",\"potentialAction\":[{\"@type\":\"ReadAction\",\"target\":[\"https:\/\/badiavinagres.com\/seleccionar-un-buen-vino\"]}]},{\"@type\":\"ImageObject\",\"inLanguage\":\"fr-FR\",\"@id\":\"https:\/\/badiavinagres.com\/seleccionar-un-buen-vino#primaryimage\",\"url\":\"http:\/\/badiavinagres.com\/wp-content\/uploads\/2014\/12\/florengris.png\",\"contentUrl\":\"http:\/\/badiavinagres.com\/wp-content\/uploads\/2014\/12\/florengris.png\"},{\"@type\":\"BreadcrumbList\",\"@id\":\"https:\/\/badiavinagres.com\/seleccionar-un-buen-vino#breadcrumb\",\"itemListElement\":[{\"@type\":\"ListItem\",\"position\":1,\"name\":\"Portada\",\"item\":\"https:\/\/badiavinagres.com\/fr\"},{\"@type\":\"ListItem\",\"position\":2,\"name\":\"L\u2019importance de s\u00e9lectionner un bon vin\"}]},{\"@type\":\"WebSite\",\"@id\":\"https:\/\/badiavinagres.com\/#website\",\"url\":\"https:\/\/badiavinagres.com\/\",\"name\":\"Badia Vinaigres\",\"description\":\"Ma\u00eetres vinaigriers depuis 1908\",\"publisher\":{\"@id\":\"https:\/\/badiavinagres.com\/#organization\"},\"potentialAction\":[{\"@type\":\"SearchAction\",\"target\":{\"@type\":\"EntryPoint\",\"urlTemplate\":\"https:\/\/badiavinagres.com\/?s={search_term_string}\"},\"query-input\":{\"@type\":\"PropertyValueSpecification\",\"valueRequired\":true,\"valueName\":\"search_term_string\"}}],\"inLanguage\":\"fr-FR\"},{\"@type\":\"Organization\",\"@id\":\"https:\/\/badiavinagres.com\/#organization\",\"name\":\"Badia Vinagres - Castell de Gardeny\",\"url\":\"https:\/\/badiavinagres.com\/\",\"logo\":{\"@type\":\"ImageObject\",\"inLanguage\":\"fr-FR\",\"@id\":\"https:\/\/badiavinagres.com\/#\/schema\/logo\/image\/\",\"url\":\"http:\/\/badiavinagres.com\/wp-content\/uploads\/2016\/03\/badiamenutransparente-4.png\",\"contentUrl\":\"http:\/\/badiavinagres.com\/wp-content\/uploads\/2016\/03\/badiamenutransparente-4.png\",\"width\":117,\"height\":100,\"caption\":\"Badia Vinagres - Castell de Gardeny\"},\"image\":{\"@id\":\"https:\/\/badiavinagres.com\/#\/schema\/logo\/image\/\"},\"sameAs\":[\"https:\/\/www.facebook.com\/VinagresCastelldeGardeny\",\"https:\/\/x.com\/CastellGardeny\",\"https:\/\/www.instagram.com\/castelldegardeny_badiavinagres\/\"]}]}<\/script>\n<!-- \/ Yoast SEO plugin. -->","yoast_head_json":{"title":"L\u2019importance de s\u00e9lectionner un bon vin &#8211; Badia Vinaigres","description":"D\u2019un bon vin sort un bon vinaigre! D\u00e9couvrez notre secret pour faire les meilleurs vinaigres gastronomiques de vin rouge et de vin blanc .","robots":{"index":"index","follow":"follow","max-snippet":"max-snippet:-1","max-image-preview":"max-image-preview:large","max-video-preview":"max-video-preview:-1"},"canonical":"https:\/\/badiavinagres.com\/seleccionar-un-buen-vino","og_locale":"fr_FR","og_type":"article","og_title":"L\u2019importance de s\u00e9lectionner un bon vin &#8211; Badia Vinaigres","og_description":"D\u2019un bon vin sort un bon vinaigre! D\u00e9couvrez notre secret pour faire les meilleurs vinaigres gastronomiques de vin rouge et de vin blanc .","og_url":"https:\/\/badiavinagres.com\/seleccionar-un-buen-vino","og_site_name":"Badia Vinaigres","article_publisher":"https:\/\/www.facebook.com\/VinagresCastelldeGardeny","article_modified_time":"2020-05-24T12:34:40+00:00","og_image":[{"url":"http:\/\/badiavinagres.com\/wp-content\/uploads\/2014\/12\/florengris.png","type":"","width":"","height":""}],"twitter_card":"summary_large_image","twitter_site":"@CastellGardeny","twitter_misc":{"Dur\u00e9e de lecture estim\u00e9e":"1 minute"},"schema":{"@context":"https:\/\/schema.org","@graph":[{"@type":"WebPage","@id":"https:\/\/badiavinagres.com\/seleccionar-un-buen-vino","url":"https:\/\/badiavinagres.com\/seleccionar-un-buen-vino","name":"L\u2019importance de s\u00e9lectionner un bon vin &#8211; Badia Vinaigres","isPartOf":{"@id":"https:\/\/badiavinagres.com\/#website"},"primaryImageOfPage":{"@id":"https:\/\/badiavinagres.com\/seleccionar-un-buen-vino#primaryimage"},"image":{"@id":"https:\/\/badiavinagres.com\/seleccionar-un-buen-vino#primaryimage"},"thumbnailUrl":"http:\/\/badiavinagres.com\/wp-content\/uploads\/2014\/12\/florengris.png","datePublished":"2016-06-01T15:56:04+00:00","dateModified":"2020-05-24T12:34:40+00:00","description":"D\u2019un bon vin sort un bon vinaigre! D\u00e9couvrez notre secret pour faire les meilleurs vinaigres gastronomiques de vin rouge et de vin blanc .","breadcrumb":{"@id":"https:\/\/badiavinagres.com\/seleccionar-un-buen-vino#breadcrumb"},"inLanguage":"fr-FR","potentialAction":[{"@type":"ReadAction","target":["https:\/\/badiavinagres.com\/seleccionar-un-buen-vino"]}]},{"@type":"ImageObject","inLanguage":"fr-FR","@id":"https:\/\/badiavinagres.com\/seleccionar-un-buen-vino#primaryimage","url":"http:\/\/badiavinagres.com\/wp-content\/uploads\/2014\/12\/florengris.png","contentUrl":"http:\/\/badiavinagres.com\/wp-content\/uploads\/2014\/12\/florengris.png"},{"@type":"BreadcrumbList","@id":"https:\/\/badiavinagres.com\/seleccionar-un-buen-vino#breadcrumb","itemListElement":[{"@type":"ListItem","position":1,"name":"Portada","item":"https:\/\/badiavinagres.com\/fr"},{"@type":"ListItem","position":2,"name":"L\u2019importance de s\u00e9lectionner un bon vin"}]},{"@type":"WebSite","@id":"https:\/\/badiavinagres.com\/#website","url":"https:\/\/badiavinagres.com\/","name":"Badia Vinaigres","description":"Ma\u00eetres vinaigriers depuis 1908","publisher":{"@id":"https:\/\/badiavinagres.com\/#organization"},"potentialAction":[{"@type":"SearchAction","target":{"@type":"EntryPoint","urlTemplate":"https:\/\/badiavinagres.com\/?s={search_term_string}"},"query-input":{"@type":"PropertyValueSpecification","valueRequired":true,"valueName":"search_term_string"}}],"inLanguage":"fr-FR"},{"@type":"Organization","@id":"https:\/\/badiavinagres.com\/#organization","name":"Badia Vinagres - Castell de Gardeny","url":"https:\/\/badiavinagres.com\/","logo":{"@type":"ImageObject","inLanguage":"fr-FR","@id":"https:\/\/badiavinagres.com\/#\/schema\/logo\/image\/","url":"http:\/\/badiavinagres.com\/wp-content\/uploads\/2016\/03\/badiamenutransparente-4.png","contentUrl":"http:\/\/badiavinagres.com\/wp-content\/uploads\/2016\/03\/badiamenutransparente-4.png","width":117,"height":100,"caption":"Badia Vinagres - Castell de Gardeny"},"image":{"@id":"https:\/\/badiavinagres.com\/#\/schema\/logo\/image\/"},"sameAs":["https:\/\/www.facebook.com\/VinagresCastelldeGardeny","https:\/\/x.com\/CastellGardeny","https:\/\/www.instagram.com\/castelldegardeny_badiavinagres\/"]}]}},"_links":{"self":[{"href":"https:\/\/badiavinagres.com\/fr\/wp-json\/wp\/v2\/pages\/4055","targetHints":{"allow":["GET"]}}],"collection":[{"href":"https:\/\/badiavinagres.com\/fr\/wp-json\/wp\/v2\/pages"}],"about":[{"href":"https:\/\/badiavinagres.com\/fr\/wp-json\/wp\/v2\/types\/page"}],"author":[{"embeddable":true,"href":"https:\/\/badiavinagres.com\/fr\/wp-json\/wp\/v2\/users\/5"}],"replies":[{"embeddable":true,"href":"https:\/\/badiavinagres.com\/fr\/wp-json\/wp\/v2\/comments?post=4055"}],"version-history":[{"count":5,"href":"https:\/\/badiavinagres.com\/fr\/wp-json\/wp\/v2\/pages\/4055\/revisions"}],"predecessor-version":[{"id":5835,"href":"https:\/\/badiavinagres.com\/fr\/wp-json\/wp\/v2\/pages\/4055\/revisions\/5835"}],"wp:attachment":[{"href":"https:\/\/badiavinagres.com\/fr\/wp-json\/wp\/v2\/media?parent=4055"}],"curies":[{"name":"wp","href":"https:\/\/api.w.org\/{rel}","templated":true}]}}