{"id":4069,"date":"2016-06-01T16:29:22","date_gmt":"2016-06-01T16:29:22","guid":{"rendered":"http:\/\/badiavinagres.com\/fr\/?page_id=4069"},"modified":"2020-05-24T12:56:48","modified_gmt":"2020-05-24T12:56:48","slug":"vinagreria","status":"publish","type":"page","link":"https:\/\/badiavinagres.com\/fr\/vinagreria","title":{"rendered":"La Vinaigrerie"},"content":{"rendered":"<section class=\"section  text-normal section-text-no-shadow section-inner-no-shadow section-normal section-transparent\"  >\n            <div class=\"background-media\" style=\"background-image: url(&#039;https:\/\/badiavinagres.com\/wp-content\/uploads\/2014\/12\/lavinagreriamesa-cortada.jpg&#039;); background-repeat:no-repeat; background-size:cover; background-attachment:no-scroll; background-position: 50% 0%;\" >\n                    <\/div>\n    \n    <div class=\"background-overlay grid-overlay-0 \" style=\"background-color: rgba(0,0,0,0.2);\"><\/div>\n\n    <div class=\"container-fullwidth container-vertical-middle\">\n        <div class=\"row vertical-middle\">\n            <div class=\"col-md-12     text-center small-screen-default\"  ><div class=\"divider-wrapper \" style=\"visibility:hidden;background-color:#FFFFFF\">\n    <div class=\"visible-xs\" style=\"height:50px;\"><\/div>\n    <div class=\"visible-sm\" style=\"height:50px;\"><\/div>\n    <div class=\"visible-md\" style=\"height:100px;\"><\/div>\n    <div class=\"visible-lg\" style=\"height:100px;\"><\/div>\n<\/div><h1 class=\"text-center  element-top-190 element-bottom-20 text-light os-animation bigger default\" data-os-animation=\"fadeIn\" data-os-animation-delay=\"0.1s\" >\n    La Vinaigrerie<\/h1><div class=\"col-text-1 text-normal  element-top-20 element-bottom-20 os-animation\" data-os-animation=\"fadeInUp\" data-os-animation-delay=\"0s\">\n    <p style=\"text-align: center; margin-top: 10px;\"><img decoding=\"async\" src=\"http:\/\/badiavinagres.com\/wp-content\/uploads\/2014\/12\/florengris.png\" width=\"100\" \/><\/p>\n<\/div>\n<div class=\"divider-wrapper \" style=\"visibility:hidden;background-color:#FFFFFF\">\n    <div class=\"visible-xs\" style=\"height:50px;\"><\/div>\n    <div class=\"visible-sm\" style=\"height:50px;\"><\/div>\n    <div class=\"visible-md\" style=\"height:100px;\"><\/div>\n    <div class=\"visible-lg\" style=\"height:100px;\"><\/div>\n<\/div><\/div>        <\/div>\n    <\/div>\n<\/section>\n<section class=\"section  text-normal section-text-no-shadow section-inner-no-shadow section-normal section-opaque\"  >\n    \n    <div class=\"background-overlay grid-overlay-0 \" style=\"background-color: rgba(0,0,0,0);\"><\/div>\n\n    <div class=\"container-fullwidth container-vertical-default\">\n        <div class=\"row vertical-default\">\n            <div class=\"col-md-2     text-center small-screen-default\"  ><\/div><div class=\"col-md-8     text-Default small-screen-default\"  ><h2 class=\"text-center  element-top-20 element-bottom-0 text-normal big default\" data-os-animation=\"none\" data-os-animation-delay=\"0s\" >\n    Entrez. Ne restez pas \u00e0 la porte\u2026 Avancez. <\/h2><h2 class=\"text-center  element-top-0 element-bottom-20 text-normal big default\" data-os-animation=\"none\" data-os-animation-delay=\"0s\" >\n    Bienvenue \u00e0 la vinaigrerie!<\/h2><div class=\"col-text-1 text-normal  element-top-0 element-bottom-30\" data-os-animation=\"none\" data-os-animation-delay=\"0s\">\n    <p>Ici nous produisons, mettons en bouteilles, \u00e9tiquetons et finalement distribuons tous et chacun de nos vinaigres. C\u2019est un espace de travail mais aussi d\u2019inspiration, de bon temps, de d\u00e9gustation, de r\u00e9union\u2026<\/p>\n<\/div>\n<div class=\"col-text-1 text-normal  element-top-30 element-bottom-0\" data-os-animation=\"none\" data-os-animation-delay=\"0s\">\n    <p style=\"text-align: left;\">Dans la vinaigrerie vivent ensemble des machines dernier cri et des pi\u00e8ces anciennes que nous avons h\u00e9rit\u00e9 de notre famille et que nous conservons avec beaucoup de tendresse. Le r\u00e9sultat, c\u2019est un lieu de contrastes dans lequel modernit\u00e9 et tradition se donnent la main.<\/p>\n<\/div>\n<div class=\"col-text-1 text-normal  element-top-0 element-bottom-0\" data-os-animation=\"none\" data-os-animation-delay=\"0s\">\n    <p style=\"text-align: left;\">L\u2019ambiance de travail ici est aimable, proche et d\u00e9tendue car plus qu\u2019une \u00e9quipe, nous sommes une famille. Nous jouons chacun un r\u00f4le, mais comme dans toutes les petites entreprises, on finit par faire un peu de tout\u2026 que voulez-vous qu\u2019on y fasse!<\/p>\n<\/div>\n<div class=\"col-text-1 text-normal  element-top-0 element-bottom-30\" data-os-animation=\"none\" data-os-animation-delay=\"0s\">\n    <p style=\"text-align: left;\">Et il s\u2019av\u00e8re qu\u2019alors que d\u2019autres entreprises veulent grandir et se faire grandes, nous autres voulons \u00eatre petits. Car nous pensons que seulement ainsi nous pourrons continuer \u00e0 \u00eatre heureux en travaillant sans que notre production se trouve conditionn\u00e9e par les ventes.<\/p>\n<\/div>\n<\/div><div class=\"col-md-2     text-default small-screen-default\"  ><\/div>        <\/div>\n    <\/div>\n<\/section>\n<section class=\"section  text-normal section-text-no-shadow section-inner-no-shadow section-normal section-opaque\"  >\n            <div class=\"background-media\" style=\"background-image: url(&#039;https:\/\/badiavinagres.com\/wp-content\/uploads\/2014\/12\/2015_10_28_BELAZU_Ing_Co_Spain_Badia_Vinagres_13097.jpg&#039;); background-repeat:no-repeat; background-size:cover; background-attachment:fixed; background-position: 50% 0%;\" data-start=\"background-position: 50% 0px\" data-0-top-bottom=\"background-position: 50% -80px\">\n                    <\/div>\n    \n    <div class=\"background-overlay grid-overlay-0 \" style=\"background-color: rgba(0,0,0,0.1);\"><\/div>\n\n    <div class=\"container-fullwidth container-vertical-default\">\n        <div class=\"row vertical-default\">\n            <div class=\"col-md-2     text-center small-screen-default\"  ><\/div><div class=\"col-md-8     text-center small-screen-default\"  ><div class=\"divider-wrapper \" style=\"visibility:hidden;background-color:#FFFFF\">\n    <div class=\"visible-xs\" style=\"height:300px;\"><\/div>\n    <div class=\"visible-sm\" style=\"height:300px;\"><\/div>\n    <div class=\"visible-md\" style=\"height:300px;\"><\/div>\n    <div class=\"visible-lg\" style=\"height:400px;\"><\/div>\n<\/div><\/div><div class=\"col-md-2     text-default small-screen-default\"  ><\/div>        <\/div>\n    <\/div>\n<\/section>\n<section class=\"section  text-normal section-text-no-shadow section-inner-no-shadow section-normal section-opaque\"  >\n    \n    <div class=\"background-overlay grid-overlay-0 \" style=\"background-color: rgba(0,0,0,0);\"><\/div>\n\n    <div class=\"container-fullwidth container-vertical-default\">\n        <div class=\"row vertical-default\">\n            <div class=\"col-md-1     hidden-sm hidden-xs text-Default small-screen-default\"  ><\/div><div class=\"col-md-6     text-center small-screen-default\"  ><h2 class=\"text-center  element-top-30 element-bottom-30 text-normal os-animation big default\" data-os-animation=\"fadeIn\" data-os-animation-delay=\"0s\" >\n    Tu aimerais visiter la vinaigrerie?<\/h2><div class=\"col-text-1 text-normal  element-top-0 element-bottom-0 os-animation\" data-os-animation=\"fadeIn\" data-os-animation-delay=\"0.1s\">\n    <p>Remplis le formulaire et nous fixerons une visite. Nous esp\u00e9rons te voir bient\u00f4t par ici!<\/p>\n<p style=\"text-align: center; margin-top: 10px;\"><img loading=\"lazy\" decoding=\"async\" src=\"http:\/\/badiavinagres.com\/wp-content\/uploads\/2020\/05\/flor-black-hd.png\" width=\"80\" height=\"80\" \/><\/p>\n<\/div>\n<div class=\"col-text-1 text-normal  element-top-0 element-bottom-0 os-animation\" data-os-animation=\"fadeIn\" data-os-animation-delay=\"0.1s\">\n    <div class=\"wpcf7 no-js\" id=\"wpcf7-f4182-o1\" lang=\"fr-FR\" dir=\"ltr\" data-wpcf7-id=\"4182\">\n<div class=\"screen-reader-response\"><p role=\"status\" aria-live=\"polite\" aria-atomic=\"true\"><\/p> <ul><\/ul><\/div>\n<form action=\"\/fr\/wp-json\/wp\/v2\/pages\/4069#wpcf7-f4182-o1\" method=\"post\" class=\"wpcf7-form init\" aria-label=\"Formulaire de contact\" novalidate=\"novalidate\" data-status=\"init\">\n<fieldset class=\"hidden-fields-container\"><input type=\"hidden\" name=\"_wpcf7\" value=\"4182\" \/><input type=\"hidden\" name=\"_wpcf7_version\" value=\"6.1.5\" \/><input type=\"hidden\" name=\"_wpcf7_locale\" value=\"fr_FR\" \/><input type=\"hidden\" name=\"_wpcf7_unit_tag\" value=\"wpcf7-f4182-o1\" \/><input type=\"hidden\" name=\"_wpcf7_container_post\" value=\"0\" \/><input type=\"hidden\" name=\"_wpcf7_posted_data_hash\" value=\"\" \/><input type=\"hidden\" name=\"_wpcf7_recaptcha_response\" value=\"\" \/>\n<\/fieldset>\n<p>Votre nom (obligatoire)\n<\/p>\n<p><span class=\"wpcf7-form-control-wrap\" data-name=\"your-name\"><input size=\"40\" maxlength=\"400\" class=\"wpcf7-form-control wpcf7-text wpcf7-validates-as-required\" aria-required=\"true\" aria-invalid=\"false\" value=\"\" type=\"text\" name=\"your-name\" \/><\/span>\n<\/p>\n<p>Votre email (obligatoire)\n<\/p>\n<p><span class=\"wpcf7-form-control-wrap\" data-name=\"your-email\"><input size=\"40\" maxlength=\"400\" class=\"wpcf7-form-control wpcf7-email wpcf7-validates-as-required wpcf7-text wpcf7-validates-as-email\" aria-required=\"true\" aria-invalid=\"false\" value=\"\" type=\"email\" name=\"your-email\" \/><\/span>\n<\/p>\n<p>Sujet\n<\/p>\n<p><span class=\"wpcf7-form-control-wrap\" data-name=\"your-subject\"><input size=\"40\" maxlength=\"400\" class=\"wpcf7-form-control wpcf7-text\" aria-invalid=\"false\" value=\"\" type=\"text\" name=\"your-subject\" \/><\/span>\n<\/p>\n<p>Votre message\n<\/p>\n<p><span class=\"wpcf7-form-control-wrap\" data-name=\"your-message\"><textarea cols=\"40\" rows=\"10\" maxlength=\"2000\" class=\"wpcf7-form-control wpcf7-textarea\" aria-invalid=\"false\" name=\"your-message\"><\/textarea><\/span>\n<\/p>\n\n<p><input class=\"wpcf7-form-control wpcf7-submit has-spinner\" type=\"submit\" value=\"Envoyer\" \/>\n<\/p><input type='hidden' class='wpcf7-pum' value='{\"closepopup\":false,\"closedelay\":0,\"openpopup\":false,\"openpopup_id\":0}' \/><div class=\"wpcf7-response-output\" aria-hidden=\"true\"><\/div>\n<\/form>\n<\/div>\n<\/div>\n<\/div><div class=\"col-md-5     text-default small-screen-default\"  ><div class=\"col-text-1 text-normal  element-top-20 element-bottom-20\" data-os-animation=\"none\" data-os-animation-delay=\"0s\">\n    <p style=\"text-align: center;\">Coordenadas: <a href=\"https:\/\/goo.gl\/maps\/FmUsyyVnfwr\">Carrer Arag\u00f3, 4 <\/a><br \/>\n41\u00b037&rsquo;51.1&Prime;N 0\u00b053&rsquo;29.6&Prime;E<\/p>\n<\/div>\n[vc_raw_html]JTNDZGl2JTIwc3R5bGUlM0QlMjItd2Via2l0LWZpbHRlciUzQSUyMGdyYXlzY2FsZSUyODEwMCUyNSUyOSUzQiUwQWZpbHRlciUzQSUyMGdyYXlzY2FsZSUyODEwMCUyNSUyOSUzQiUyMiUzRSUwQSUzQ2lmcmFtZSUyMHNyYyUzRCUyMmh0dHBzJTNBJTJGJTJGd3d3Lmdvb2dsZS5jb20lMkZtYXBzJTJGZW1iZWQlM0ZwYiUzRCUyMTFtMTQlMjExbTglMjExbTMlMjExZDI5ODIuMTUwOTY5NDE4ODk2NyUyMTJkMC44ODkzNTg3JTIxM2Q0MS42MzA4NjgxJTIxM20yJTIxMWkxMDI0JTIxMmk3NjglMjE0ZjEzLjElMjEzbTMlMjExbTIlMjExczB4MTJhNmVhZGI4ODhjMTg3ZCUyNTNBMHg0MjQ2NDliNzgxYzNjYzgwJTIxMnNDYXJyZXIlMkJBcmFnJTI1QzMlMjVCMyUyNTJDJTJCNCUyNTJDJTJCMjUyMzAlMkJNb2xsZXJ1c3NhJTI1MkMlMkJMbGVpZGElMjE1ZTAlMjEzbTIlMjExc2VzJTIxMnNlcyUyMTR2MTQ2MDM4OTAyODM4OCUyMiUyMHdpZHRoJTNEJTIyNjAwJTIyJTIwaGVpZ2h0JTNEJTIyNjAwJTIyJTIwZnJhbWVib3JkZXIlM0QlMjIwJTIyJTIwc3R5bGUlM0QlMjJib3JkZXIlM0EwJTIyJTIwYWxsb3dmdWxsc2NyZWVuJTNFJTNDJTJGaWZyYW1lJTNF[\/vc_raw_html]<\/div>        <\/div>\n    <\/div>\n<\/section>\n<section class=\"section  hidden-sm hidden-xs text-normal section-text-no-shadow section-inner-no-shadow section-normal section-opaque\"  >\n            <div class=\"background-media\" style=\"background-image: url(&#039;https:\/\/badiavinagres.com\/wp-content\/uploads\/2014\/12\/sen\u0303alalavinagreria.jpg&#039;); background-repeat:no-repeat; background-size:cover; background-attachment:fixed; background-position: 50% 0%;\" data-start=\"background-position: 50% 0px\" data-0-top-bottom=\"background-position: 50% -80px\">\n                    <\/div>\n    \n    <div class=\"background-overlay grid-overlay-0 \" style=\"background-color: rgba(0,0,0,0);\"><\/div>\n\n    <div class=\"container-fullwidth container-vertical-default\">\n        <div class=\"row vertical-default\">\n            <div class=\"col-md-2     text-center small-screen-default\"  ><\/div><div class=\"col-md-8     text-center small-screen-default\"  ><div class=\"divider-wrapper \" style=\"visibility:hidden;background-color:#FFFFF\">\n    <div class=\"visible-xs\" style=\"height:300px;\"><\/div>\n    <div class=\"visible-sm\" style=\"height:300px;\"><\/div>\n    <div class=\"visible-md\" style=\"height:500px;\"><\/div>\n    <div class=\"visible-lg\" style=\"height:500px;\"><\/div>\n<\/div><\/div><div class=\"col-md-2     text-default small-screen-default\"  ><\/div>        <\/div>\n    <\/div>\n<\/section>\n","protected":false},"excerpt":{"rendered":"La Vinaigrerie Entrez. Ne restez pas \u00e0 la porte\u2026 Avancez. Bienvenue \u00e0 la vinaigrerie! Ici nous produisons, mettons en bouteilles, \u00e9tiquetons et finalement distribuons tous et chacun de nos vinaigres. C\u2019est un espace de travail mais aussi d\u2019inspiration, de bon temps, de d\u00e9gustation, de r\u00e9union\u2026 Dans la vinaigrerie vivent ensemble des machines dernier cri et","protected":false},"author":5,"featured_media":0,"parent":0,"menu_order":0,"comment_status":"open","ping_status":"closed","template":"","meta":{"footnotes":""},"class_list":["post-4069","page","type-page","status-publish","hentry"],"yoast_head":"<!-- This site is optimized with the Yoast SEO plugin v27.4 - https:\/\/yoast.com\/product\/yoast-seo-wordpress\/ -->\n<title>La Vinaigrerie &#8211; Badia Vinaigres<\/title>\n<meta name=\"description\" content=\"L&#039;un des plus beaux endroits de notre usine : le vinaigre vinaigres Badia . Cet inhabituel et \u00e9l\u00e9gant. Voulez-vous savoir?\" \/>\n<meta name=\"robots\" content=\"index, follow, max-snippet:-1, max-image-preview:large, max-video-preview:-1\" \/>\n<link rel=\"canonical\" href=\"https:\/\/badiavinagres.com\/fr\/vinagreria\" \/>\n<meta property=\"og:locale\" content=\"fr_FR\" \/>\n<meta property=\"og:type\" content=\"article\" \/>\n<meta property=\"og:title\" content=\"La Vinaigrerie &#8211; Badia Vinaigres\" \/>\n<meta property=\"og:description\" content=\"L&#039;un des plus beaux endroits de notre usine : le vinaigre vinaigres Badia . Cet inhabituel et \u00e9l\u00e9gant. Voulez-vous savoir?\" \/>\n<meta property=\"og:url\" content=\"https:\/\/badiavinagres.com\/fr\/vinagreria\" \/>\n<meta property=\"og:site_name\" content=\"Badia Vinaigres\" \/>\n<meta property=\"article:publisher\" content=\"https:\/\/www.facebook.com\/VinagresCastelldeGardeny\" \/>\n<meta property=\"article:modified_time\" content=\"2020-05-24T12:56:48+00:00\" \/>\n<meta property=\"og:image\" content=\"http:\/\/badiavinagres.com\/wp-content\/uploads\/2014\/12\/florengris.png\" \/>\n<meta name=\"twitter:card\" content=\"summary_large_image\" \/>\n<meta name=\"twitter:site\" content=\"@CastellGardeny\" \/>\n<meta name=\"twitter:label1\" content=\"Dur\u00e9e de lecture estim\u00e9e\" \/>\n\t<meta name=\"twitter:data1\" content=\"3 minutes\" \/>\n<script type=\"application\/ld+json\" class=\"yoast-schema-graph\">{\"@context\":\"https:\\\/\\\/schema.org\",\"@graph\":[{\"@type\":\"WebPage\",\"@id\":\"https:\\\/\\\/badiavinagres.com\\\/fr\\\/vinagreria\",\"url\":\"https:\\\/\\\/badiavinagres.com\\\/fr\\\/vinagreria\",\"name\":\"La Vinaigrerie &#8211; Badia Vinaigres\",\"isPartOf\":{\"@id\":\"https:\\\/\\\/badiavinagres.com\\\/#website\"},\"primaryImageOfPage\":{\"@id\":\"https:\\\/\\\/badiavinagres.com\\\/fr\\\/vinagreria#primaryimage\"},\"image\":{\"@id\":\"https:\\\/\\\/badiavinagres.com\\\/fr\\\/vinagreria#primaryimage\"},\"thumbnailUrl\":\"http:\\\/\\\/badiavinagres.com\\\/wp-content\\\/uploads\\\/2014\\\/12\\\/florengris.png\",\"datePublished\":\"2016-06-01T16:29:22+00:00\",\"dateModified\":\"2020-05-24T12:56:48+00:00\",\"description\":\"L'un des plus beaux endroits de notre usine : le vinaigre vinaigres Badia . Cet inhabituel et \u00e9l\u00e9gant. Voulez-vous savoir?\",\"breadcrumb\":{\"@id\":\"https:\\\/\\\/badiavinagres.com\\\/fr\\\/vinagreria#breadcrumb\"},\"inLanguage\":\"fr-FR\",\"potentialAction\":[{\"@type\":\"ReadAction\",\"target\":[\"https:\\\/\\\/badiavinagres.com\\\/fr\\\/vinagreria\"]}]},{\"@type\":\"ImageObject\",\"inLanguage\":\"fr-FR\",\"@id\":\"https:\\\/\\\/badiavinagres.com\\\/fr\\\/vinagreria#primaryimage\",\"url\":\"http:\\\/\\\/badiavinagres.com\\\/wp-content\\\/uploads\\\/2014\\\/12\\\/florengris.png\",\"contentUrl\":\"http:\\\/\\\/badiavinagres.com\\\/wp-content\\\/uploads\\\/2014\\\/12\\\/florengris.png\"},{\"@type\":\"BreadcrumbList\",\"@id\":\"https:\\\/\\\/badiavinagres.com\\\/fr\\\/vinagreria#breadcrumb\",\"itemListElement\":[{\"@type\":\"ListItem\",\"position\":1,\"name\":\"Portada\",\"item\":\"https:\\\/\\\/badiavinagres.com\\\/fr\"},{\"@type\":\"ListItem\",\"position\":2,\"name\":\"La Vinaigrerie\"}]},{\"@type\":\"WebSite\",\"@id\":\"https:\\\/\\\/badiavinagres.com\\\/#website\",\"url\":\"https:\\\/\\\/badiavinagres.com\\\/\",\"name\":\"Badia Vinaigres\",\"description\":\"Ma\u00eetres vinaigriers depuis 1908\",\"publisher\":{\"@id\":\"https:\\\/\\\/badiavinagres.com\\\/#organization\"},\"potentialAction\":[{\"@type\":\"SearchAction\",\"target\":{\"@type\":\"EntryPoint\",\"urlTemplate\":\"https:\\\/\\\/badiavinagres.com\\\/?s={search_term_string}\"},\"query-input\":{\"@type\":\"PropertyValueSpecification\",\"valueRequired\":true,\"valueName\":\"search_term_string\"}}],\"inLanguage\":\"fr-FR\"},{\"@type\":\"Organization\",\"@id\":\"https:\\\/\\\/badiavinagres.com\\\/#organization\",\"name\":\"Badia Vinagres - Castell de Gardeny\",\"url\":\"https:\\\/\\\/badiavinagres.com\\\/\",\"logo\":{\"@type\":\"ImageObject\",\"inLanguage\":\"fr-FR\",\"@id\":\"https:\\\/\\\/badiavinagres.com\\\/#\\\/schema\\\/logo\\\/image\\\/\",\"url\":\"http:\\\/\\\/badiavinagres.com\\\/wp-content\\\/uploads\\\/2016\\\/03\\\/badiamenutransparente-4.png\",\"contentUrl\":\"http:\\\/\\\/badiavinagres.com\\\/wp-content\\\/uploads\\\/2016\\\/03\\\/badiamenutransparente-4.png\",\"width\":117,\"height\":100,\"caption\":\"Badia Vinagres - Castell de Gardeny\"},\"image\":{\"@id\":\"https:\\\/\\\/badiavinagres.com\\\/#\\\/schema\\\/logo\\\/image\\\/\"},\"sameAs\":[\"https:\\\/\\\/www.facebook.com\\\/VinagresCastelldeGardeny\",\"https:\\\/\\\/x.com\\\/CastellGardeny\",\"https:\\\/\\\/www.instagram.com\\\/castelldegardeny_badiavinagres\\\/\"]}]}<\/script>\n<!-- \/ Yoast SEO plugin. -->","yoast_head_json":{"title":"La Vinaigrerie &#8211; Badia Vinaigres","description":"L'un des plus beaux endroits de notre usine : le vinaigre vinaigres Badia . Cet inhabituel et \u00e9l\u00e9gant. Voulez-vous savoir?","robots":{"index":"index","follow":"follow","max-snippet":"max-snippet:-1","max-image-preview":"max-image-preview:large","max-video-preview":"max-video-preview:-1"},"canonical":"https:\/\/badiavinagres.com\/fr\/vinagreria","og_locale":"fr_FR","og_type":"article","og_title":"La Vinaigrerie &#8211; Badia Vinaigres","og_description":"L'un des plus beaux endroits de notre usine : le vinaigre vinaigres Badia . Cet inhabituel et \u00e9l\u00e9gant. Voulez-vous savoir?","og_url":"https:\/\/badiavinagres.com\/fr\/vinagreria","og_site_name":"Badia Vinaigres","article_publisher":"https:\/\/www.facebook.com\/VinagresCastelldeGardeny","article_modified_time":"2020-05-24T12:56:48+00:00","og_image":[{"url":"http:\/\/badiavinagres.com\/wp-content\/uploads\/2014\/12\/florengris.png","type":"","width":"","height":""}],"twitter_card":"summary_large_image","twitter_site":"@CastellGardeny","twitter_misc":{"Dur\u00e9e de lecture estim\u00e9e":"3 minutes"},"schema":{"@context":"https:\/\/schema.org","@graph":[{"@type":"WebPage","@id":"https:\/\/badiavinagres.com\/fr\/vinagreria","url":"https:\/\/badiavinagres.com\/fr\/vinagreria","name":"La Vinaigrerie &#8211; Badia Vinaigres","isPartOf":{"@id":"https:\/\/badiavinagres.com\/#website"},"primaryImageOfPage":{"@id":"https:\/\/badiavinagres.com\/fr\/vinagreria#primaryimage"},"image":{"@id":"https:\/\/badiavinagres.com\/fr\/vinagreria#primaryimage"},"thumbnailUrl":"http:\/\/badiavinagres.com\/wp-content\/uploads\/2014\/12\/florengris.png","datePublished":"2016-06-01T16:29:22+00:00","dateModified":"2020-05-24T12:56:48+00:00","description":"L'un des plus beaux endroits de notre usine : le vinaigre vinaigres Badia . Cet inhabituel et \u00e9l\u00e9gant. Voulez-vous savoir?","breadcrumb":{"@id":"https:\/\/badiavinagres.com\/fr\/vinagreria#breadcrumb"},"inLanguage":"fr-FR","potentialAction":[{"@type":"ReadAction","target":["https:\/\/badiavinagres.com\/fr\/vinagreria"]}]},{"@type":"ImageObject","inLanguage":"fr-FR","@id":"https:\/\/badiavinagres.com\/fr\/vinagreria#primaryimage","url":"http:\/\/badiavinagres.com\/wp-content\/uploads\/2014\/12\/florengris.png","contentUrl":"http:\/\/badiavinagres.com\/wp-content\/uploads\/2014\/12\/florengris.png"},{"@type":"BreadcrumbList","@id":"https:\/\/badiavinagres.com\/fr\/vinagreria#breadcrumb","itemListElement":[{"@type":"ListItem","position":1,"name":"Portada","item":"https:\/\/badiavinagres.com\/fr"},{"@type":"ListItem","position":2,"name":"La Vinaigrerie"}]},{"@type":"WebSite","@id":"https:\/\/badiavinagres.com\/#website","url":"https:\/\/badiavinagres.com\/","name":"Badia Vinaigres","description":"Ma\u00eetres vinaigriers depuis 1908","publisher":{"@id":"https:\/\/badiavinagres.com\/#organization"},"potentialAction":[{"@type":"SearchAction","target":{"@type":"EntryPoint","urlTemplate":"https:\/\/badiavinagres.com\/?s={search_term_string}"},"query-input":{"@type":"PropertyValueSpecification","valueRequired":true,"valueName":"search_term_string"}}],"inLanguage":"fr-FR"},{"@type":"Organization","@id":"https:\/\/badiavinagres.com\/#organization","name":"Badia Vinagres - Castell de Gardeny","url":"https:\/\/badiavinagres.com\/","logo":{"@type":"ImageObject","inLanguage":"fr-FR","@id":"https:\/\/badiavinagres.com\/#\/schema\/logo\/image\/","url":"http:\/\/badiavinagres.com\/wp-content\/uploads\/2016\/03\/badiamenutransparente-4.png","contentUrl":"http:\/\/badiavinagres.com\/wp-content\/uploads\/2016\/03\/badiamenutransparente-4.png","width":117,"height":100,"caption":"Badia Vinagres - Castell de Gardeny"},"image":{"@id":"https:\/\/badiavinagres.com\/#\/schema\/logo\/image\/"},"sameAs":["https:\/\/www.facebook.com\/VinagresCastelldeGardeny","https:\/\/x.com\/CastellGardeny","https:\/\/www.instagram.com\/castelldegardeny_badiavinagres\/"]}]}},"_links":{"self":[{"href":"https:\/\/badiavinagres.com\/fr\/wp-json\/wp\/v2\/pages\/4069","targetHints":{"allow":["GET"]}}],"collection":[{"href":"https:\/\/badiavinagres.com\/fr\/wp-json\/wp\/v2\/pages"}],"about":[{"href":"https:\/\/badiavinagres.com\/fr\/wp-json\/wp\/v2\/types\/page"}],"author":[{"embeddable":true,"href":"https:\/\/badiavinagres.com\/fr\/wp-json\/wp\/v2\/users\/5"}],"replies":[{"embeddable":true,"href":"https:\/\/badiavinagres.com\/fr\/wp-json\/wp\/v2\/comments?post=4069"}],"version-history":[{"count":8,"href":"https:\/\/badiavinagres.com\/fr\/wp-json\/wp\/v2\/pages\/4069\/revisions"}],"predecessor-version":[{"id":5858,"href":"https:\/\/badiavinagres.com\/fr\/wp-json\/wp\/v2\/pages\/4069\/revisions\/5858"}],"wp:attachment":[{"href":"https:\/\/badiavinagres.com\/fr\/wp-json\/wp\/v2\/media?parent=4069"}],"curies":[{"name":"wp","href":"https:\/\/api.w.org\/{rel}","templated":true}]}}