{"id":5022,"date":"2017-09-20T16:21:33","date_gmt":"2017-09-20T16:21:33","guid":{"rendered":"http:\/\/badiavinagres.com\/fr\/?page_id=5022"},"modified":"2017-09-20T16:24:05","modified_gmt":"2017-09-20T16:24:05","slug":"actualites","status":"publish","type":"page","link":"https:\/\/badiavinagres.com\/fr\/actualites","title":{"rendered":"Actualit\u00e9s"},"content":{"rendered":"<section class=\"section  text-normal section-text-no-shadow section-inner-no-shadow section-normal section-opaque\"  >\n    \n    <div class=\"background-overlay grid-overlay-0 \" style=\"background-color: rgba(0,0,0,0);\"><\/div>\n\n    <div class=\"container container-vertical-default\">\n        <div class=\"row vertical-default\">\n            <div class=\"col-md-12     text-default small-screen-default\"  ><h1 class=\"text-left  element-top-20 element-bottom-20 text-normal normal default\" data-os-animation=\"none\" data-os-animation-delay=\"0s\" >\n    <\/h1> <div class=\" element-top-20 element-bottom-20 recent-simple-os-container list-container row\">\n    \n        <div class=\"col-md-6\" data-os-animation=\"none\" data-os-animation-delay=\"0s\">\n\n        <article id=\"post-4796\" class=\"post-grid element-bottom-20 text-left\">\n            <a href=\"https:\/\/badiavinagres.com\/fr\/impression-de-noel-pour-votre-cuisine\">\n            <img loading=\"lazy\" decoding=\"async\" width=\"770\" height=\"460\" src=\"https:\/\/badiavinagres.com\/wp-content\/uploads\/2016\/12\/Print-noel.jpg\" class=\"attachment-full size-full wp-post-image\" alt=\"\" srcset=\"https:\/\/badiavinagres.com\/wp-content\/uploads\/2016\/12\/Print-noel.jpg 770w, https:\/\/badiavinagres.com\/wp-content\/uploads\/2016\/12\/Print-noel-300x179.jpg 300w, https:\/\/badiavinagres.com\/wp-content\/uploads\/2016\/12\/Print-noel-768x459.jpg 768w, https:\/\/badiavinagres.com\/wp-content\/uploads\/2016\/12\/Print-noel-400x239.jpg 400w\" sizes=\"auto, (max-width: 770px) 100vw, 770px\" \/>        <\/a>\n        <div class=\"post-grid-content\">\n        <h3 class=\"post-grid-content-title\">\n            <a href=\"https:\/\/badiavinagres.com\/fr\/impression-de-noel-pour-votre-cuisine\">\n                Impression de No\u00ebl pour votre cuisine            <\/a>\n        <\/h3>\n        <p><\/p>\n        <div class=\"post-grid-content-footer\">\n                        12 d\u00e9cembre 2016        <\/div>\n    <\/div>\n<\/article>\n\n        <\/div>\n        <\/div>\n<\/div>        <\/div>\n    <\/div>\n<\/section>\n\n","protected":false},"excerpt":{"rendered":"No\u00ebl est proche! Certainement, beaucoup sont d\u00e9j\u00e0 \u00e0 la recherche de recettes pour surprendre vos invit\u00e9s avec de d\u00e9licieux plats pendant ces vacances. Eh bien, vous \u00eates au bon endroit pour trouver l'inspiration et profiter de d\u00e9licieuses propositions que vous pouvez \u00e9laborer avec nos vinaigres et aigre-doux. Cette ann\u00e9e, en plus d'offrir des recettes, nous","protected":false},"author":5,"featured_media":0,"parent":0,"menu_order":0,"comment_status":"closed","ping_status":"closed","template":"","meta":{"footnotes":""},"class_list":["post-5022","page","type-page","status-publish","hentry"],"yoast_head":"<!-- This site is optimized with the Yoast SEO plugin v27.3 - https:\/\/yoast.com\/product\/yoast-seo-wordpress\/ -->\n<title>Actualit\u00e9s &#8211; Badia Vinaigres<\/title>\n<meta name=\"robots\" content=\"index, follow, max-snippet:-1, max-image-preview:large, max-video-preview:-1\" \/>\n<link rel=\"canonical\" href=\"https:\/\/badiavinagres.com\/noticias\" \/>\n<meta property=\"og:locale\" content=\"fr_FR\" \/>\n<meta property=\"og:type\" content=\"article\" \/>\n<meta property=\"og:title\" content=\"Actualit\u00e9s &#8211; Badia Vinaigres\" \/>\n<meta property=\"og:url\" content=\"https:\/\/badiavinagres.com\/noticias\" \/>\n<meta property=\"og:site_name\" content=\"Badia Vinaigres\" \/>\n<meta property=\"article:publisher\" content=\"https:\/\/www.facebook.com\/VinagresCastelldeGardeny\" \/>\n<meta property=\"article:modified_time\" content=\"2017-09-20T16:24:05+00:00\" \/>\n<meta name=\"twitter:card\" content=\"summary_large_image\" \/>\n<meta name=\"twitter:site\" content=\"@CastellGardeny\" \/>\n<script type=\"application\/ld+json\" class=\"yoast-schema-graph\">{\"@context\":\"https:\\\/\\\/schema.org\",\"@graph\":[{\"@type\":\"WebPage\",\"@id\":\"https:\\\/\\\/badiavinagres.com\\\/noticias\",\"url\":\"https:\\\/\\\/badiavinagres.com\\\/noticias\",\"name\":\"Actualit\u00e9s &#8211; Badia Vinaigres\",\"isPartOf\":{\"@id\":\"https:\\\/\\\/badiavinagres.com\\\/#website\"},\"datePublished\":\"2017-09-20T16:21:33+00:00\",\"dateModified\":\"2017-09-20T16:24:05+00:00\",\"breadcrumb\":{\"@id\":\"https:\\\/\\\/badiavinagres.com\\\/noticias#breadcrumb\"},\"inLanguage\":\"fr-FR\",\"potentialAction\":[{\"@type\":\"ReadAction\",\"target\":[\"https:\\\/\\\/badiavinagres.com\\\/noticias\"]}]},{\"@type\":\"BreadcrumbList\",\"@id\":\"https:\\\/\\\/badiavinagres.com\\\/noticias#breadcrumb\",\"itemListElement\":[{\"@type\":\"ListItem\",\"position\":1,\"name\":\"Portada\",\"item\":\"https:\\\/\\\/badiavinagres.com\\\/fr\"},{\"@type\":\"ListItem\",\"position\":2,\"name\":\"Actualit\u00e9s\"}]},{\"@type\":\"WebSite\",\"@id\":\"https:\\\/\\\/badiavinagres.com\\\/#website\",\"url\":\"https:\\\/\\\/badiavinagres.com\\\/\",\"name\":\"Badia Vinaigres\",\"description\":\"Ma\u00eetres vinaigriers depuis 1908\",\"publisher\":{\"@id\":\"https:\\\/\\\/badiavinagres.com\\\/#organization\"},\"potentialAction\":[{\"@type\":\"SearchAction\",\"target\":{\"@type\":\"EntryPoint\",\"urlTemplate\":\"https:\\\/\\\/badiavinagres.com\\\/?s={search_term_string}\"},\"query-input\":{\"@type\":\"PropertyValueSpecification\",\"valueRequired\":true,\"valueName\":\"search_term_string\"}}],\"inLanguage\":\"fr-FR\"},{\"@type\":\"Organization\",\"@id\":\"https:\\\/\\\/badiavinagres.com\\\/#organization\",\"name\":\"Badia Vinagres - Castell de Gardeny\",\"url\":\"https:\\\/\\\/badiavinagres.com\\\/\",\"logo\":{\"@type\":\"ImageObject\",\"inLanguage\":\"fr-FR\",\"@id\":\"https:\\\/\\\/badiavinagres.com\\\/#\\\/schema\\\/logo\\\/image\\\/\",\"url\":\"http:\\\/\\\/badiavinagres.com\\\/wp-content\\\/uploads\\\/2016\\\/03\\\/badiamenutransparente-4.png\",\"contentUrl\":\"http:\\\/\\\/badiavinagres.com\\\/wp-content\\\/uploads\\\/2016\\\/03\\\/badiamenutransparente-4.png\",\"width\":117,\"height\":100,\"caption\":\"Badia Vinagres - Castell de Gardeny\"},\"image\":{\"@id\":\"https:\\\/\\\/badiavinagres.com\\\/#\\\/schema\\\/logo\\\/image\\\/\"},\"sameAs\":[\"https:\\\/\\\/www.facebook.com\\\/VinagresCastelldeGardeny\",\"https:\\\/\\\/x.com\\\/CastellGardeny\",\"https:\\\/\\\/www.instagram.com\\\/castelldegardeny_badiavinagres\\\/\"]}]}<\/script>\n<!-- \/ Yoast SEO plugin. -->","yoast_head_json":{"title":"Actualit\u00e9s &#8211; Badia Vinaigres","robots":{"index":"index","follow":"follow","max-snippet":"max-snippet:-1","max-image-preview":"max-image-preview:large","max-video-preview":"max-video-preview:-1"},"canonical":"https:\/\/badiavinagres.com\/noticias","og_locale":"fr_FR","og_type":"article","og_title":"Actualit\u00e9s &#8211; Badia Vinaigres","og_url":"https:\/\/badiavinagres.com\/noticias","og_site_name":"Badia Vinaigres","article_publisher":"https:\/\/www.facebook.com\/VinagresCastelldeGardeny","article_modified_time":"2017-09-20T16:24:05+00:00","twitter_card":"summary_large_image","twitter_site":"@CastellGardeny","schema":{"@context":"https:\/\/schema.org","@graph":[{"@type":"WebPage","@id":"https:\/\/badiavinagres.com\/noticias","url":"https:\/\/badiavinagres.com\/noticias","name":"Actualit\u00e9s &#8211; Badia Vinaigres","isPartOf":{"@id":"https:\/\/badiavinagres.com\/#website"},"datePublished":"2017-09-20T16:21:33+00:00","dateModified":"2017-09-20T16:24:05+00:00","breadcrumb":{"@id":"https:\/\/badiavinagres.com\/noticias#breadcrumb"},"inLanguage":"fr-FR","potentialAction":[{"@type":"ReadAction","target":["https:\/\/badiavinagres.com\/noticias"]}]},{"@type":"BreadcrumbList","@id":"https:\/\/badiavinagres.com\/noticias#breadcrumb","itemListElement":[{"@type":"ListItem","position":1,"name":"Portada","item":"https:\/\/badiavinagres.com\/fr"},{"@type":"ListItem","position":2,"name":"Actualit\u00e9s"}]},{"@type":"WebSite","@id":"https:\/\/badiavinagres.com\/#website","url":"https:\/\/badiavinagres.com\/","name":"Badia Vinaigres","description":"Ma\u00eetres vinaigriers depuis 1908","publisher":{"@id":"https:\/\/badiavinagres.com\/#organization"},"potentialAction":[{"@type":"SearchAction","target":{"@type":"EntryPoint","urlTemplate":"https:\/\/badiavinagres.com\/?s={search_term_string}"},"query-input":{"@type":"PropertyValueSpecification","valueRequired":true,"valueName":"search_term_string"}}],"inLanguage":"fr-FR"},{"@type":"Organization","@id":"https:\/\/badiavinagres.com\/#organization","name":"Badia Vinagres - Castell de Gardeny","url":"https:\/\/badiavinagres.com\/","logo":{"@type":"ImageObject","inLanguage":"fr-FR","@id":"https:\/\/badiavinagres.com\/#\/schema\/logo\/image\/","url":"http:\/\/badiavinagres.com\/wp-content\/uploads\/2016\/03\/badiamenutransparente-4.png","contentUrl":"http:\/\/badiavinagres.com\/wp-content\/uploads\/2016\/03\/badiamenutransparente-4.png","width":117,"height":100,"caption":"Badia Vinagres - Castell de Gardeny"},"image":{"@id":"https:\/\/badiavinagres.com\/#\/schema\/logo\/image\/"},"sameAs":["https:\/\/www.facebook.com\/VinagresCastelldeGardeny","https:\/\/x.com\/CastellGardeny","https:\/\/www.instagram.com\/castelldegardeny_badiavinagres\/"]}]}},"_links":{"self":[{"href":"https:\/\/badiavinagres.com\/fr\/wp-json\/wp\/v2\/pages\/5022","targetHints":{"allow":["GET"]}}],"collection":[{"href":"https:\/\/badiavinagres.com\/fr\/wp-json\/wp\/v2\/pages"}],"about":[{"href":"https:\/\/badiavinagres.com\/fr\/wp-json\/wp\/v2\/types\/page"}],"author":[{"embeddable":true,"href":"https:\/\/badiavinagres.com\/fr\/wp-json\/wp\/v2\/users\/5"}],"replies":[{"embeddable":true,"href":"https:\/\/badiavinagres.com\/fr\/wp-json\/wp\/v2\/comments?post=5022"}],"version-history":[{"count":3,"href":"https:\/\/badiavinagres.com\/fr\/wp-json\/wp\/v2\/pages\/5022\/revisions"}],"predecessor-version":[{"id":5026,"href":"https:\/\/badiavinagres.com\/fr\/wp-json\/wp\/v2\/pages\/5022\/revisions\/5026"}],"wp:attachment":[{"href":"https:\/\/badiavinagres.com\/fr\/wp-json\/wp\/v2\/media?parent=5022"}],"curies":[{"name":"wp","href":"https:\/\/api.w.org\/{rel}","templated":true}]}}